{"id":6703,"date":"2025-06-04T19:51:41","date_gmt":"2025-06-04T19:51:41","guid":{"rendered":"https:\/\/test.fitnessworldgym27.com\/?post_type=product&#038;p=6703"},"modified":"2026-04-18T19:22:01","modified_gmt":"2026-04-18T19:22:01","slug":"flux-brume-corps-stay-original","status":"publish","type":"product","link":"https:\/\/cosmeticstoredz.com\/ar\/product\/flux-brume-corps-stay-original\/","title":{"rendered":"FLUX BRUME CORPS STAY ORIGINAL"},"content":{"rendered":"<h5>Flux Care Brume Parfum\u00e9e Stay Original 210 ml<\/h5>\n<h6>Corps &amp; Cheveux<\/h6>\n<p><strong>La brume parfum\u00e9e Flux Stay Original\u00a0<\/strong>vous \u00e9voquera un\u00a0<strong>parfum poudr\u00e9 savonneux. La brume Stay original\u00a0<\/strong>vous fera sentir fra\u00eeche toute la journ\u00e9e.<\/p>\n<hr \/>\n<h5>Conseils d\u2019utilisation :<\/h5>\n<ul>\n<li><strong>Appliquez-la sur les zones de pulsation<\/strong>\u00a0ainsi que dans votre chevelure, puis d\u00e9lectez-vous de sa fragrance gourmande !<span class=\"Apple-converted-space\">\u00a0<\/span><\/li>\n<li><strong>Pour parfumer vos cheveux<\/strong>\u00a0,appliquez la brume parfum\u00e9e sur une brosse et\u00a0<strong>brossez vos cheveux pour que le parfum adh\u00e8re \u00e0 la chevelure.<\/strong><\/li>\n<li><strong>Usage Quotidien :<\/strong>\u00a0En raison de sa l\u00e9g\u00e8ret\u00e9, vous pourrez utiliser la brume Stay Fresh au citron de Flux Care\u00a0<strong>au quotidien.<\/strong>\u00a0Nous vous la conseillons en particulier\u00a0<strong>par temps chaud, pour apporter une touche de vivacit\u00e9.<\/strong><\/li>\n<li><strong>Revitalisation Rapide :<\/strong>\u00a0Vous pouvez l\u2019utiliser pour vous rafra\u00eechir rapidement pendant la journ\u00e9e, laissant une fragrance citronn\u00e9e agr\u00e9able.<\/li>\n<\/ul>\n<p><strong>Utilisation secondaire :<\/strong><\/p>\n<p><strong>Sur les V\u00eatements et les Draps.\u00a0<\/strong>Vous pouvez vaporier l\u00e9g\u00e8rement sur vos v\u00eatements ou vos draps pour leur donner une odeur fra\u00eeche.<\/p>","protected":false},"excerpt":{"rendered":"<p>Flux Care Brume Parfum\u00e9e Stay Original 210 ml Corps &amp; Cheveux La brume parfum\u00e9e Flux Stay Original\u00a0vous \u00e9voquera un\u00a0parfum poudr\u00e9<\/p>","protected":false},"featured_media":21073,"comment_status":"open","ping_status":"closed","template":"","meta":[],"product_brand":[],"product_cat":[101,75],"product_tag":[90],"class_list":{"0":"post-6703","1":"product","2":"type-product","3":"status-publish","4":"has-post-thumbnail","6":"product_cat-brume","7":"product_cat-femme","8":"product_tag-made-in-algeria","10":"first","11":"outofstock","12":"shipping-taxable","13":"purchasable","14":"product-type-simple"},"yoast_head":"<!-- This site is optimized with the Yoast SEO plugin v27.3 - https:\/\/yoast.com\/product\/yoast-seo-wordpress\/ -->\n<title>FLUX BRUME CORPS STAY ORIGINAL - Cosmetic Store<\/title>\n<meta name=\"robots\" content=\"index, follow, max-snippet:-1, max-image-preview:large, max-video-preview:-1\" \/>\n<link rel=\"canonical\" href=\"https:\/\/cosmeticstoredz.com\/ar\/product\/flux-brume-corps-stay-original\/\" \/>\n<meta property=\"og:locale\" content=\"ar_AR\" \/>\n<meta property=\"og:type\" content=\"article\" \/>\n<meta property=\"og:title\" content=\"FLUX BRUME CORPS STAY ORIGINAL - Cosmetic Store\" \/>\n<meta property=\"og:description\" content=\"Flux Care Brume Parfum\u00e9e Stay Original 210 ml Corps &amp; Cheveux La brume parfum\u00e9e Flux Stay Original\u00a0vous \u00e9voquera un\u00a0parfum poudr\u00e9\" \/>\n<meta property=\"og:url\" content=\"https:\/\/cosmeticstoredz.com\/ar\/product\/flux-brume-corps-stay-original\/\" \/>\n<meta property=\"og:site_name\" content=\"Cosmetic Store\" \/>\n<meta property=\"article:publisher\" content=\"https:\/\/www.facebook.com\/profile.php?id=61564954260683\" \/>\n<meta property=\"article:modified_time\" content=\"2026-04-18T19:22:01+00:00\" \/>\n<meta property=\"og:image\" content=\"https:\/\/cosmeticstoredz.com\/wp-content\/uploads\/2026\/02\/original.png\" \/>\n\t<meta property=\"og:image:width\" content=\"960\" \/>\n\t<meta property=\"og:image:height\" content=\"1280\" \/>\n\t<meta property=\"og:image:type\" content=\"image\/png\" \/>\n<meta name=\"twitter:card\" content=\"summary_large_image\" \/>\n<meta name=\"twitter:label1\" content=\"\u0648\u0642\u062a \u0627\u0644\u0642\u0631\u0627\u0621\u0629 \u0627\u0644\u0645\u064f\u0642\u062f\u0651\u0631\" \/>\n\t<meta name=\"twitter:data1\" content=\"\u062f\u0642\u064a\u0642\u0629 \u0648\u0627\u062d\u062f\u0629\" \/>\n<script type=\"application\/ld+json\" class=\"yoast-schema-graph\">{\"@context\":\"https:\\\/\\\/schema.org\",\"@graph\":[{\"@type\":\"WebPage\",\"@id\":\"https:\\\/\\\/cosmeticstoredz.com\\\/produit\\\/flux-brume-corps-stay-original\\\/\",\"url\":\"https:\\\/\\\/cosmeticstoredz.com\\\/produit\\\/flux-brume-corps-stay-original\\\/\",\"name\":\"FLUX BRUME CORPS STAY ORIGINAL - Cosmetic Store\",\"isPartOf\":{\"@id\":\"https:\\\/\\\/cosmeticstoredz.com\\\/#website\"},\"primaryImageOfPage\":{\"@id\":\"https:\\\/\\\/cosmeticstoredz.com\\\/produit\\\/flux-brume-corps-stay-original\\\/#primaryimage\"},\"image\":{\"@id\":\"https:\\\/\\\/cosmeticstoredz.com\\\/produit\\\/flux-brume-corps-stay-original\\\/#primaryimage\"},\"thumbnailUrl\":\"https:\\\/\\\/cosmeticstoredz.com\\\/wp-content\\\/uploads\\\/2026\\\/02\\\/original.png\",\"datePublished\":\"2025-06-04T19:51:41+00:00\",\"dateModified\":\"2026-04-18T19:22:01+00:00\",\"breadcrumb\":{\"@id\":\"https:\\\/\\\/cosmeticstoredz.com\\\/produit\\\/flux-brume-corps-stay-original\\\/#breadcrumb\"},\"inLanguage\":\"ar\",\"potentialAction\":[{\"@type\":\"ReadAction\",\"target\":[\"https:\\\/\\\/cosmeticstoredz.com\\\/produit\\\/flux-brume-corps-stay-original\\\/\"]}]},{\"@type\":\"ImageObject\",\"inLanguage\":\"ar\",\"@id\":\"https:\\\/\\\/cosmeticstoredz.com\\\/produit\\\/flux-brume-corps-stay-original\\\/#primaryimage\",\"url\":\"https:\\\/\\\/cosmeticstoredz.com\\\/wp-content\\\/uploads\\\/2026\\\/02\\\/original.png\",\"contentUrl\":\"https:\\\/\\\/cosmeticstoredz.com\\\/wp-content\\\/uploads\\\/2026\\\/02\\\/original.png\",\"width\":960,\"height\":1280},{\"@type\":\"BreadcrumbList\",\"@id\":\"https:\\\/\\\/cosmeticstoredz.com\\\/produit\\\/flux-brume-corps-stay-original\\\/#breadcrumb\",\"itemListElement\":[{\"@type\":\"ListItem\",\"position\":1,\"name\":\"Accueil\",\"item\":\"https:\\\/\\\/cosmeticstoredz.com\\\/\"},{\"@type\":\"ListItem\",\"position\":2,\"name\":\"Boutique\",\"item\":\"https:\\\/\\\/cosmeticstoredz.com\\\/boutique\\\/\"},{\"@type\":\"ListItem\",\"position\":3,\"name\":\"FLUX BRUME CORPS STAY ORIGINAL\"}]},{\"@type\":\"WebSite\",\"@id\":\"https:\\\/\\\/cosmeticstoredz.com\\\/#website\",\"url\":\"https:\\\/\\\/cosmeticstoredz.com\\\/\",\"name\":\"Cosmetic Store\",\"description\":\"\",\"publisher\":{\"@id\":\"https:\\\/\\\/cosmeticstoredz.com\\\/#organization\"},\"potentialAction\":[{\"@type\":\"SearchAction\",\"target\":{\"@type\":\"EntryPoint\",\"urlTemplate\":\"https:\\\/\\\/cosmeticstoredz.com\\\/?s={search_term_string}\"},\"query-input\":{\"@type\":\"PropertyValueSpecification\",\"valueRequired\":true,\"valueName\":\"search_term_string\"}}],\"inLanguage\":\"ar\"},{\"@type\":\"Organization\",\"@id\":\"https:\\\/\\\/cosmeticstoredz.com\\\/#organization\",\"name\":\"Cosmetic Store\",\"url\":\"https:\\\/\\\/cosmeticstoredz.com\\\/\",\"logo\":{\"@type\":\"ImageObject\",\"inLanguage\":\"ar\",\"@id\":\"https:\\\/\\\/cosmeticstoredz.com\\\/#\\\/schema\\\/logo\\\/image\\\/\",\"url\":\"https:\\\/\\\/cosmeticstoredz.com\\\/wp-content\\\/uploads\\\/2026\\\/02\\\/cropped-LOGO_CS-512x512-1-1-e1771275285345.webp\",\"contentUrl\":\"https:\\\/\\\/cosmeticstoredz.com\\\/wp-content\\\/uploads\\\/2026\\\/02\\\/cropped-LOGO_CS-512x512-1-1-e1771275285345.webp\",\"width\":265,\"height\":319,\"caption\":\"Cosmetic Store\"},\"image\":{\"@id\":\"https:\\\/\\\/cosmeticstoredz.com\\\/#\\\/schema\\\/logo\\\/image\\\/\"},\"sameAs\":[\"https:\\\/\\\/www.facebook.com\\\/profile.php?id=61564954260683\",\"https:\\\/\\\/www.instagram.com\\\/cosmetic.storedz\\\/\"]}]}<\/script>\n<!-- \/ Yoast SEO plugin. -->","yoast_head_json":{"title":"FLUX BRUME CORPS STAY ORIGINAL - Cosmetic Store","robots":{"index":"index","follow":"follow","max-snippet":"max-snippet:-1","max-image-preview":"max-image-preview:large","max-video-preview":"max-video-preview:-1"},"canonical":"https:\/\/cosmeticstoredz.com\/ar\/product\/flux-brume-corps-stay-original\/","og_locale":"ar_AR","og_type":"article","og_title":"FLUX BRUME CORPS STAY ORIGINAL - Cosmetic Store","og_description":"Flux Care Brume Parfum\u00e9e Stay Original 210 ml Corps &amp; Cheveux La brume parfum\u00e9e Flux Stay Original\u00a0vous \u00e9voquera un\u00a0parfum poudr\u00e9","og_url":"https:\/\/cosmeticstoredz.com\/ar\/product\/flux-brume-corps-stay-original\/","og_site_name":"Cosmetic Store","article_publisher":"https:\/\/www.facebook.com\/profile.php?id=61564954260683","article_modified_time":"2026-04-18T19:22:01+00:00","og_image":[{"width":960,"height":1280,"url":"https:\/\/cosmeticstoredz.com\/wp-content\/uploads\/2026\/02\/original.png","type":"image\/png"}],"twitter_card":"summary_large_image","twitter_misc":{"\u0648\u0642\u062a \u0627\u0644\u0642\u0631\u0627\u0621\u0629 \u0627\u0644\u0645\u064f\u0642\u062f\u0651\u0631":"\u062f\u0642\u064a\u0642\u0629 \u0648\u0627\u062d\u062f\u0629"},"schema":{"@context":"https:\/\/schema.org","@graph":[{"@type":"WebPage","@id":"https:\/\/cosmeticstoredz.com\/produit\/flux-brume-corps-stay-original\/","url":"https:\/\/cosmeticstoredz.com\/produit\/flux-brume-corps-stay-original\/","name":"FLUX BRUME CORPS STAY ORIGINAL - Cosmetic Store","isPartOf":{"@id":"https:\/\/cosmeticstoredz.com\/#website"},"primaryImageOfPage":{"@id":"https:\/\/cosmeticstoredz.com\/produit\/flux-brume-corps-stay-original\/#primaryimage"},"image":{"@id":"https:\/\/cosmeticstoredz.com\/produit\/flux-brume-corps-stay-original\/#primaryimage"},"thumbnailUrl":"https:\/\/cosmeticstoredz.com\/wp-content\/uploads\/2026\/02\/original.png","datePublished":"2025-06-04T19:51:41+00:00","dateModified":"2026-04-18T19:22:01+00:00","breadcrumb":{"@id":"https:\/\/cosmeticstoredz.com\/produit\/flux-brume-corps-stay-original\/#breadcrumb"},"inLanguage":"ar","potentialAction":[{"@type":"ReadAction","target":["https:\/\/cosmeticstoredz.com\/produit\/flux-brume-corps-stay-original\/"]}]},{"@type":"ImageObject","inLanguage":"ar","@id":"https:\/\/cosmeticstoredz.com\/produit\/flux-brume-corps-stay-original\/#primaryimage","url":"https:\/\/cosmeticstoredz.com\/wp-content\/uploads\/2026\/02\/original.png","contentUrl":"https:\/\/cosmeticstoredz.com\/wp-content\/uploads\/2026\/02\/original.png","width":960,"height":1280},{"@type":"BreadcrumbList","@id":"https:\/\/cosmeticstoredz.com\/produit\/flux-brume-corps-stay-original\/#breadcrumb","itemListElement":[{"@type":"ListItem","position":1,"name":"Accueil","item":"https:\/\/cosmeticstoredz.com\/"},{"@type":"ListItem","position":2,"name":"Boutique","item":"https:\/\/cosmeticstoredz.com\/boutique\/"},{"@type":"ListItem","position":3,"name":"FLUX BRUME CORPS STAY ORIGINAL"}]},{"@type":"WebSite","@id":"https:\/\/cosmeticstoredz.com\/#website","url":"https:\/\/cosmeticstoredz.com\/","name":"Cosmetic Store","description":"","publisher":{"@id":"https:\/\/cosmeticstoredz.com\/#organization"},"potentialAction":[{"@type":"SearchAction","target":{"@type":"EntryPoint","urlTemplate":"https:\/\/cosmeticstoredz.com\/?s={search_term_string}"},"query-input":{"@type":"PropertyValueSpecification","valueRequired":true,"valueName":"search_term_string"}}],"inLanguage":"ar"},{"@type":"Organization","@id":"https:\/\/cosmeticstoredz.com\/#organization","name":"Cosmetic Store","url":"https:\/\/cosmeticstoredz.com\/","logo":{"@type":"ImageObject","inLanguage":"ar","@id":"https:\/\/cosmeticstoredz.com\/#\/schema\/logo\/image\/","url":"https:\/\/cosmeticstoredz.com\/wp-content\/uploads\/2026\/02\/cropped-LOGO_CS-512x512-1-1-e1771275285345.webp","contentUrl":"https:\/\/cosmeticstoredz.com\/wp-content\/uploads\/2026\/02\/cropped-LOGO_CS-512x512-1-1-e1771275285345.webp","width":265,"height":319,"caption":"Cosmetic Store"},"image":{"@id":"https:\/\/cosmeticstoredz.com\/#\/schema\/logo\/image\/"},"sameAs":["https:\/\/www.facebook.com\/profile.php?id=61564954260683","https:\/\/www.instagram.com\/cosmetic.storedz\/"]}]}},"_links":{"self":[{"href":"https:\/\/cosmeticstoredz.com\/ar\/wp-json\/wp\/v2\/product\/6703","targetHints":{"allow":["GET"]}}],"collection":[{"href":"https:\/\/cosmeticstoredz.com\/ar\/wp-json\/wp\/v2\/product"}],"about":[{"href":"https:\/\/cosmeticstoredz.com\/ar\/wp-json\/wp\/v2\/types\/product"}],"replies":[{"embeddable":true,"href":"https:\/\/cosmeticstoredz.com\/ar\/wp-json\/wp\/v2\/comments?post=6703"}],"version-history":[{"count":1,"href":"https:\/\/cosmeticstoredz.com\/ar\/wp-json\/wp\/v2\/product\/6703\/revisions"}],"predecessor-version":[{"id":21074,"href":"https:\/\/cosmeticstoredz.com\/ar\/wp-json\/wp\/v2\/product\/6703\/revisions\/21074"}],"wp:featuredmedia":[{"embeddable":true,"href":"https:\/\/cosmeticstoredz.com\/ar\/wp-json\/wp\/v2\/media\/21073"}],"wp:attachment":[{"href":"https:\/\/cosmeticstoredz.com\/ar\/wp-json\/wp\/v2\/media?parent=6703"}],"wp:term":[{"taxonomy":"product_brand","embeddable":true,"href":"https:\/\/cosmeticstoredz.com\/ar\/wp-json\/wp\/v2\/product_brand?post=6703"},{"taxonomy":"product_cat","embeddable":true,"href":"https:\/\/cosmeticstoredz.com\/ar\/wp-json\/wp\/v2\/product_cat?post=6703"},{"taxonomy":"product_tag","embeddable":true,"href":"https:\/\/cosmeticstoredz.com\/ar\/wp-json\/wp\/v2\/product_tag?post=6703"}],"curies":[{"name":"wp","href":"https:\/\/api.w.org\/{rel}","templated":true}]}}