{"id":6700,"date":"2025-06-04T19:51:40","date_gmt":"2025-06-04T19:51:40","guid":{"rendered":"https:\/\/test.fitnessworldgym27.com\/?post_type=product&#038;p=6700"},"modified":"2026-02-16T21:36:52","modified_gmt":"2026-02-16T21:36:52","slug":"excellence-preference-ombre-n3","status":"publish","type":"product","link":"https:\/\/cosmeticstoredz.com\/ar\/product\/excellence-preference-ombre-n3\/","title":{"rendered":"EXCELLENCE PREFERENCE OMBRE N\u00b03"},"content":{"rendered":"<div id=\"product-characteristics-description\" class=\"product-content\">\n<div class=\"product-content__title\">\n<p class=\"product-content__title-text c-text c-text--size-m c-text--style-p c-text--bold\">Description<\/p>\n<\/div>\n<div class=\"product-content__content c-text c-text--size-s c-text--style-p\">\n<div>\n<ul>\n<li>D\u00e9grad\u00e9 sauvage et lumineux, naturel, sans d\u00e9marcation, pour un look ombr\u00e9 \u00ab\u00a0tie &amp; dye*\u00a0\u00bb ultra-tendance.<\/li>\n<li>Sa brosse expert permet un \u00e9claircissement sur mesure des longueurs et pointes.<\/li>\n<li>Id\u00e9al pour les cheveux ch\u00e2tain \u00e0 ch\u00e2tain fonc\u00e9.<\/li>\n<\/ul>\n<p>&nbsp;<\/p>\n<p>* Look ombr\u00e9 d\u00e9grad\u00e9.<\/p>\n<\/div>\n<\/div>\n<\/div>\n<div id=\"product-characteristics-composition\" class=\"product-composition\">\n<div class=\"product-content\" data-testid=\"product-composition-regulatedName\">\n<div class=\"product-content__title\">\n<p class=\"product-content__title-text c-text c-text--size-m c-text--style-p c-text--bold\">Nom l\u00e9gal<\/p>\n<\/div>\n<div class=\"product-content__content c-text c-text--size-s c-text--style-p\">\n<div>L&rsquo;or\u00e9al Paris &#8211; Coloration Tie &amp; Dye Pr\u00e9f\u00e9rence &#8211; Ombr\u00e9 N\u00b03<\/div>\n<\/div>\n<\/div>\n<\/div>\n<div id=\"product-characteristics-table\" class=\"product-characteristics-table\">\n<div class=\"product-characteristics-table__title\">\n<p class=\"c-text c-text--size-m c-text--style-p c-text--bold\">Caract\u00e9ristiques techniques<\/p>\n<\/div>\n<div class=\"product-characteristics-table__table\">\n<div class=\"product-characteristics-table__table-row\">\n<div class=\"product-characteristics-table__table-row-cell\">\n<p class=\"c-text c-text--size-m c-text--style-p\">Couleur maron<\/p>\n<\/div>\n<\/div>\n<\/div>\n<\/div>","protected":false},"excerpt":{"rendered":"<p>Description D\u00e9grad\u00e9 sauvage et lumineux, naturel, sans d\u00e9marcation, pour un look ombr\u00e9 \u00ab\u00a0tie &amp; dye*\u00a0\u00bb ultra-tendance. Sa brosse expert permet<\/p>","protected":false},"featured_media":21067,"comment_status":"open","ping_status":"closed","template":"","meta":[],"product_brand":[409],"product_cat":[75,153,95,115],"product_tag":[],"class_list":{"0":"post-6700","1":"product","2":"type-product","3":"status-publish","4":"has-post-thumbnail","6":"product_brand-loreal","7":"product_cat-femme","8":"product_cat-loreal","9":"product_cat-soin-cheveux-f","10":"product_cat-teinte-cheveux","12":"first","13":"outofstock","14":"shipping-taxable","15":"purchasable","16":"product-type-simple"},"yoast_head":"<!-- This site is optimized with the Yoast SEO plugin v27.3 - https:\/\/yoast.com\/product\/yoast-seo-wordpress\/ -->\n<title>EXCELLENCE PREFERENCE OMBRE N\u00b03 - Cosmetic Store<\/title>\n<meta name=\"robots\" content=\"index, follow, max-snippet:-1, max-image-preview:large, max-video-preview:-1\" \/>\n<link rel=\"canonical\" href=\"https:\/\/cosmeticstoredz.com\/ar\/product\/excellence-preference-ombre-n3\/\" \/>\n<meta property=\"og:locale\" content=\"ar_AR\" \/>\n<meta property=\"og:type\" content=\"article\" \/>\n<meta property=\"og:title\" content=\"EXCELLENCE PREFERENCE OMBRE N\u00b03 - Cosmetic Store\" \/>\n<meta property=\"og:description\" content=\"Description D\u00e9grad\u00e9 sauvage et lumineux, naturel, sans d\u00e9marcation, pour un look ombr\u00e9 \u00ab\u00a0tie &amp; dye*\u00a0\u00bb ultra-tendance. Sa brosse expert permet\" \/>\n<meta property=\"og:url\" content=\"https:\/\/cosmeticstoredz.com\/ar\/product\/excellence-preference-ombre-n3\/\" \/>\n<meta property=\"og:site_name\" content=\"Cosmetic Store\" \/>\n<meta property=\"article:publisher\" content=\"https:\/\/www.facebook.com\/profile.php?id=61564954260683\" \/>\n<meta property=\"article:modified_time\" content=\"2026-02-16T21:36:52+00:00\" \/>\n<meta property=\"og:image\" content=\"https:\/\/cosmeticstoredz.com\/wp-content\/uploads\/2026\/02\/Ajouter-un-titre-2024-07-30T140409.695.png\" \/>\n\t<meta property=\"og:image:width\" content=\"1563\" \/>\n\t<meta property=\"og:image:height\" content=\"1563\" \/>\n\t<meta property=\"og:image:type\" content=\"image\/png\" \/>\n<meta name=\"twitter:card\" content=\"summary_large_image\" \/>\n<script type=\"application\/ld+json\" class=\"yoast-schema-graph\">{\"@context\":\"https:\\\/\\\/schema.org\",\"@graph\":[{\"@type\":\"WebPage\",\"@id\":\"https:\\\/\\\/cosmeticstoredz.com\\\/produit\\\/excellence-preference-ombre-n3\\\/\",\"url\":\"https:\\\/\\\/cosmeticstoredz.com\\\/produit\\\/excellence-preference-ombre-n3\\\/\",\"name\":\"EXCELLENCE PREFERENCE OMBRE N\u00b03 - Cosmetic Store\",\"isPartOf\":{\"@id\":\"https:\\\/\\\/cosmeticstoredz.com\\\/#website\"},\"primaryImageOfPage\":{\"@id\":\"https:\\\/\\\/cosmeticstoredz.com\\\/produit\\\/excellence-preference-ombre-n3\\\/#primaryimage\"},\"image\":{\"@id\":\"https:\\\/\\\/cosmeticstoredz.com\\\/produit\\\/excellence-preference-ombre-n3\\\/#primaryimage\"},\"thumbnailUrl\":\"https:\\\/\\\/cosmeticstoredz.com\\\/wp-content\\\/uploads\\\/2026\\\/02\\\/Ajouter-un-titre-2024-07-30T140409.695.png\",\"datePublished\":\"2025-06-04T19:51:40+00:00\",\"dateModified\":\"2026-02-16T21:36:52+00:00\",\"breadcrumb\":{\"@id\":\"https:\\\/\\\/cosmeticstoredz.com\\\/produit\\\/excellence-preference-ombre-n3\\\/#breadcrumb\"},\"inLanguage\":\"ar\",\"potentialAction\":[{\"@type\":\"ReadAction\",\"target\":[\"https:\\\/\\\/cosmeticstoredz.com\\\/produit\\\/excellence-preference-ombre-n3\\\/\"]}]},{\"@type\":\"ImageObject\",\"inLanguage\":\"ar\",\"@id\":\"https:\\\/\\\/cosmeticstoredz.com\\\/produit\\\/excellence-preference-ombre-n3\\\/#primaryimage\",\"url\":\"https:\\\/\\\/cosmeticstoredz.com\\\/wp-content\\\/uploads\\\/2026\\\/02\\\/Ajouter-un-titre-2024-07-30T140409.695.png\",\"contentUrl\":\"https:\\\/\\\/cosmeticstoredz.com\\\/wp-content\\\/uploads\\\/2026\\\/02\\\/Ajouter-un-titre-2024-07-30T140409.695.png\",\"width\":1563,\"height\":1563},{\"@type\":\"BreadcrumbList\",\"@id\":\"https:\\\/\\\/cosmeticstoredz.com\\\/produit\\\/excellence-preference-ombre-n3\\\/#breadcrumb\",\"itemListElement\":[{\"@type\":\"ListItem\",\"position\":1,\"name\":\"Accueil\",\"item\":\"https:\\\/\\\/cosmeticstoredz.com\\\/\"},{\"@type\":\"ListItem\",\"position\":2,\"name\":\"Boutique\",\"item\":\"https:\\\/\\\/cosmeticstoredz.com\\\/boutique\\\/\"},{\"@type\":\"ListItem\",\"position\":3,\"name\":\"EXCELLENCE PREFERENCE OMBRE N\u00b03\"}]},{\"@type\":\"WebSite\",\"@id\":\"https:\\\/\\\/cosmeticstoredz.com\\\/#website\",\"url\":\"https:\\\/\\\/cosmeticstoredz.com\\\/\",\"name\":\"Cosmetic Store\",\"description\":\"\",\"publisher\":{\"@id\":\"https:\\\/\\\/cosmeticstoredz.com\\\/#organization\"},\"potentialAction\":[{\"@type\":\"SearchAction\",\"target\":{\"@type\":\"EntryPoint\",\"urlTemplate\":\"https:\\\/\\\/cosmeticstoredz.com\\\/?s={search_term_string}\"},\"query-input\":{\"@type\":\"PropertyValueSpecification\",\"valueRequired\":true,\"valueName\":\"search_term_string\"}}],\"inLanguage\":\"ar\"},{\"@type\":\"Organization\",\"@id\":\"https:\\\/\\\/cosmeticstoredz.com\\\/#organization\",\"name\":\"Cosmetic Store\",\"url\":\"https:\\\/\\\/cosmeticstoredz.com\\\/\",\"logo\":{\"@type\":\"ImageObject\",\"inLanguage\":\"ar\",\"@id\":\"https:\\\/\\\/cosmeticstoredz.com\\\/#\\\/schema\\\/logo\\\/image\\\/\",\"url\":\"https:\\\/\\\/cosmeticstoredz.com\\\/wp-content\\\/uploads\\\/2026\\\/02\\\/cropped-LOGO_CS-512x512-1-1-e1771275285345.webp\",\"contentUrl\":\"https:\\\/\\\/cosmeticstoredz.com\\\/wp-content\\\/uploads\\\/2026\\\/02\\\/cropped-LOGO_CS-512x512-1-1-e1771275285345.webp\",\"width\":265,\"height\":319,\"caption\":\"Cosmetic Store\"},\"image\":{\"@id\":\"https:\\\/\\\/cosmeticstoredz.com\\\/#\\\/schema\\\/logo\\\/image\\\/\"},\"sameAs\":[\"https:\\\/\\\/www.facebook.com\\\/profile.php?id=61564954260683\",\"https:\\\/\\\/www.instagram.com\\\/cosmetic.storedz\\\/\"]}]}<\/script>\n<!-- \/ Yoast SEO plugin. -->","yoast_head_json":{"title":"EXCELLENCE PREFERENCE OMBRE N\u00b03 - Cosmetic Store","robots":{"index":"index","follow":"follow","max-snippet":"max-snippet:-1","max-image-preview":"max-image-preview:large","max-video-preview":"max-video-preview:-1"},"canonical":"https:\/\/cosmeticstoredz.com\/ar\/product\/excellence-preference-ombre-n3\/","og_locale":"ar_AR","og_type":"article","og_title":"EXCELLENCE PREFERENCE OMBRE N\u00b03 - Cosmetic Store","og_description":"Description D\u00e9grad\u00e9 sauvage et lumineux, naturel, sans d\u00e9marcation, pour un look ombr\u00e9 \u00ab\u00a0tie &amp; dye*\u00a0\u00bb ultra-tendance. Sa brosse expert permet","og_url":"https:\/\/cosmeticstoredz.com\/ar\/product\/excellence-preference-ombre-n3\/","og_site_name":"Cosmetic Store","article_publisher":"https:\/\/www.facebook.com\/profile.php?id=61564954260683","article_modified_time":"2026-02-16T21:36:52+00:00","og_image":[{"width":1563,"height":1563,"url":"https:\/\/cosmeticstoredz.com\/wp-content\/uploads\/2026\/02\/Ajouter-un-titre-2024-07-30T140409.695.png","type":"image\/png"}],"twitter_card":"summary_large_image","schema":{"@context":"https:\/\/schema.org","@graph":[{"@type":"WebPage","@id":"https:\/\/cosmeticstoredz.com\/produit\/excellence-preference-ombre-n3\/","url":"https:\/\/cosmeticstoredz.com\/produit\/excellence-preference-ombre-n3\/","name":"EXCELLENCE PREFERENCE OMBRE N\u00b03 - Cosmetic Store","isPartOf":{"@id":"https:\/\/cosmeticstoredz.com\/#website"},"primaryImageOfPage":{"@id":"https:\/\/cosmeticstoredz.com\/produit\/excellence-preference-ombre-n3\/#primaryimage"},"image":{"@id":"https:\/\/cosmeticstoredz.com\/produit\/excellence-preference-ombre-n3\/#primaryimage"},"thumbnailUrl":"https:\/\/cosmeticstoredz.com\/wp-content\/uploads\/2026\/02\/Ajouter-un-titre-2024-07-30T140409.695.png","datePublished":"2025-06-04T19:51:40+00:00","dateModified":"2026-02-16T21:36:52+00:00","breadcrumb":{"@id":"https:\/\/cosmeticstoredz.com\/produit\/excellence-preference-ombre-n3\/#breadcrumb"},"inLanguage":"ar","potentialAction":[{"@type":"ReadAction","target":["https:\/\/cosmeticstoredz.com\/produit\/excellence-preference-ombre-n3\/"]}]},{"@type":"ImageObject","inLanguage":"ar","@id":"https:\/\/cosmeticstoredz.com\/produit\/excellence-preference-ombre-n3\/#primaryimage","url":"https:\/\/cosmeticstoredz.com\/wp-content\/uploads\/2026\/02\/Ajouter-un-titre-2024-07-30T140409.695.png","contentUrl":"https:\/\/cosmeticstoredz.com\/wp-content\/uploads\/2026\/02\/Ajouter-un-titre-2024-07-30T140409.695.png","width":1563,"height":1563},{"@type":"BreadcrumbList","@id":"https:\/\/cosmeticstoredz.com\/produit\/excellence-preference-ombre-n3\/#breadcrumb","itemListElement":[{"@type":"ListItem","position":1,"name":"Accueil","item":"https:\/\/cosmeticstoredz.com\/"},{"@type":"ListItem","position":2,"name":"Boutique","item":"https:\/\/cosmeticstoredz.com\/boutique\/"},{"@type":"ListItem","position":3,"name":"EXCELLENCE PREFERENCE OMBRE N\u00b03"}]},{"@type":"WebSite","@id":"https:\/\/cosmeticstoredz.com\/#website","url":"https:\/\/cosmeticstoredz.com\/","name":"Cosmetic Store","description":"","publisher":{"@id":"https:\/\/cosmeticstoredz.com\/#organization"},"potentialAction":[{"@type":"SearchAction","target":{"@type":"EntryPoint","urlTemplate":"https:\/\/cosmeticstoredz.com\/?s={search_term_string}"},"query-input":{"@type":"PropertyValueSpecification","valueRequired":true,"valueName":"search_term_string"}}],"inLanguage":"ar"},{"@type":"Organization","@id":"https:\/\/cosmeticstoredz.com\/#organization","name":"Cosmetic Store","url":"https:\/\/cosmeticstoredz.com\/","logo":{"@type":"ImageObject","inLanguage":"ar","@id":"https:\/\/cosmeticstoredz.com\/#\/schema\/logo\/image\/","url":"https:\/\/cosmeticstoredz.com\/wp-content\/uploads\/2026\/02\/cropped-LOGO_CS-512x512-1-1-e1771275285345.webp","contentUrl":"https:\/\/cosmeticstoredz.com\/wp-content\/uploads\/2026\/02\/cropped-LOGO_CS-512x512-1-1-e1771275285345.webp","width":265,"height":319,"caption":"Cosmetic Store"},"image":{"@id":"https:\/\/cosmeticstoredz.com\/#\/schema\/logo\/image\/"},"sameAs":["https:\/\/www.facebook.com\/profile.php?id=61564954260683","https:\/\/www.instagram.com\/cosmetic.storedz\/"]}]}},"_links":{"self":[{"href":"https:\/\/cosmeticstoredz.com\/ar\/wp-json\/wp\/v2\/product\/6700","targetHints":{"allow":["GET"]}}],"collection":[{"href":"https:\/\/cosmeticstoredz.com\/ar\/wp-json\/wp\/v2\/product"}],"about":[{"href":"https:\/\/cosmeticstoredz.com\/ar\/wp-json\/wp\/v2\/types\/product"}],"replies":[{"embeddable":true,"href":"https:\/\/cosmeticstoredz.com\/ar\/wp-json\/wp\/v2\/comments?post=6700"}],"version-history":[{"count":1,"href":"https:\/\/cosmeticstoredz.com\/ar\/wp-json\/wp\/v2\/product\/6700\/revisions"}],"predecessor-version":[{"id":21068,"href":"https:\/\/cosmeticstoredz.com\/ar\/wp-json\/wp\/v2\/product\/6700\/revisions\/21068"}],"wp:featuredmedia":[{"embeddable":true,"href":"https:\/\/cosmeticstoredz.com\/ar\/wp-json\/wp\/v2\/media\/21067"}],"wp:attachment":[{"href":"https:\/\/cosmeticstoredz.com\/ar\/wp-json\/wp\/v2\/media?parent=6700"}],"wp:term":[{"taxonomy":"product_brand","embeddable":true,"href":"https:\/\/cosmeticstoredz.com\/ar\/wp-json\/wp\/v2\/product_brand?post=6700"},{"taxonomy":"product_cat","embeddable":true,"href":"https:\/\/cosmeticstoredz.com\/ar\/wp-json\/wp\/v2\/product_cat?post=6700"},{"taxonomy":"product_tag","embeddable":true,"href":"https:\/\/cosmeticstoredz.com\/ar\/wp-json\/wp\/v2\/product_tag?post=6700"}],"curies":[{"name":"wp","href":"https:\/\/api.w.org\/{rel}","templated":true}]}}