{"id":6687,"date":"2025-06-04T19:51:40","date_gmt":"2025-06-04T19:51:40","guid":{"rendered":"https:\/\/test.fitnessworldgym27.com\/?post_type=product&#038;p=6687"},"modified":"2026-03-30T19:25:08","modified_gmt":"2026-03-30T19:25:08","slug":"evoluderm-msq-visage-concombre","status":"publish","type":"product","link":"https:\/\/cosmeticstoredz.com\/ar\/product\/evoluderm-msq-visage-concombre\/","title":{"rendered":"EVOLUDERM MSQ VISAGE CONCOMBRE"},"content":{"rendered":"<p>Formul\u00e9 \u00e0 98% d\u2019origine naturelle, le Masque Hydratant* Concombre rafra\u00eechit et apaise la peau. R\u00e9put\u00e9 pour ses propri\u00e9t\u00e9s d\u00e9salt\u00e9rantes, le Concombre d\u00e9toxifie et donne un coup d\u2019\u00e9clat au teint. Les pores sont resserr\u00e9s et la peau repulp\u00e9e.<\/p>","protected":false},"excerpt":{"rendered":"<p>Masque Hydratant Concombre<\/p>","protected":false},"featured_media":21041,"comment_status":"open","ping_status":"closed","template":"","meta":[],"product_brand":[],"product_cat":[188,75,155,95],"product_tag":[125],"class_list":{"0":"post-6687","1":"product","2":"type-product","3":"status-publish","4":"has-post-thumbnail","6":"product_cat-evoluderm","7":"product_cat-femme","8":"product_cat-masque","9":"product_cat-soin-cheveux-f","10":"product_tag-made-in-france","12":"first","13":"outofstock","14":"shipping-taxable","15":"purchasable","16":"product-type-simple"},"_links":{"self":[{"href":"https:\/\/cosmeticstoredz.com\/ar\/wp-json\/wp\/v2\/product\/6687","targetHints":{"allow":["GET"]}}],"collection":[{"href":"https:\/\/cosmeticstoredz.com\/ar\/wp-json\/wp\/v2\/product"}],"about":[{"href":"https:\/\/cosmeticstoredz.com\/ar\/wp-json\/wp\/v2\/types\/product"}],"replies":[{"embeddable":true,"href":"https:\/\/cosmeticstoredz.com\/ar\/wp-json\/wp\/v2\/comments?post=6687"}],"version-history":[{"count":1,"href":"https:\/\/cosmeticstoredz.com\/ar\/wp-json\/wp\/v2\/product\/6687\/revisions"}],"predecessor-version":[{"id":21042,"href":"https:\/\/cosmeticstoredz.com\/ar\/wp-json\/wp\/v2\/product\/6687\/revisions\/21042"}],"wp:featuredmedia":[{"embeddable":true,"href":"https:\/\/cosmeticstoredz.com\/ar\/wp-json\/wp\/v2\/media\/21041"}],"wp:attachment":[{"href":"https:\/\/cosmeticstoredz.com\/ar\/wp-json\/wp\/v2\/media?parent=6687"}],"wp:term":[{"taxonomy":"product_brand","embeddable":true,"href":"https:\/\/cosmeticstoredz.com\/ar\/wp-json\/wp\/v2\/product_brand?post=6687"},{"taxonomy":"product_cat","embeddable":true,"href":"https:\/\/cosmeticstoredz.com\/ar\/wp-json\/wp\/v2\/product_cat?post=6687"},{"taxonomy":"product_tag","embeddable":true,"href":"https:\/\/cosmeticstoredz.com\/ar\/wp-json\/wp\/v2\/product_tag?post=6687"}],"curies":[{"name":"wp","href":"https:\/\/api.w.org\/{rel}","templated":true}]}}