{"id":6669,"date":"2025-06-04T19:51:30","date_gmt":"2025-06-04T19:51:30","guid":{"rendered":"https:\/\/test.fitnessworldgym27.com\/?post_type=product&#038;p=6669"},"modified":"2026-03-30T19:28:26","modified_gmt":"2026-03-30T19:28:26","slug":"evoluderm-gel-douche-vanille","status":"publish","type":"product","link":"https:\/\/cosmeticstoredz.com\/ar\/product\/evoluderm-gel-douche-vanille\/","title":{"rendered":"EVOLUDERM GEL DOUCHE VANILLE"},"content":{"rendered":"<p><!--more-->Sp\u00e9cialement formul\u00e9 pour prendre soin des peaux en manque de r\u00e9confort, ce gel douche \u00e0 l&rsquo;extrait de Vanille nettoie la peau et l&rsquo;enveloppe de notes d\u00e9licatement sucr\u00e9es.<\/p>","protected":false},"excerpt":{"rendered":"<h1 class=\"ProductMeta__Title Heading u-h2\">GEL DOUCHE COCOONING EXQUISE VANILLE<\/h1>","protected":false},"featured_media":21021,"comment_status":"open","ping_status":"closed","template":"","meta":[],"product_brand":[],"product_cat":[75,169,81],"product_tag":[125],"class_list":{"0":"post-6669","1":"product","2":"type-product","3":"status-publish","4":"has-post-thumbnail","6":"product_cat-femme","7":"product_cat-gel-douche-f","8":"product_cat-soin-corps-f","9":"product_tag-made-in-france","11":"first","12":"instock","13":"shipping-taxable","14":"purchasable","15":"product-type-simple"},"_links":{"self":[{"href":"https:\/\/cosmeticstoredz.com\/ar\/wp-json\/wp\/v2\/product\/6669","targetHints":{"allow":["GET"]}}],"collection":[{"href":"https:\/\/cosmeticstoredz.com\/ar\/wp-json\/wp\/v2\/product"}],"about":[{"href":"https:\/\/cosmeticstoredz.com\/ar\/wp-json\/wp\/v2\/types\/product"}],"replies":[{"embeddable":true,"href":"https:\/\/cosmeticstoredz.com\/ar\/wp-json\/wp\/v2\/comments?post=6669"}],"version-history":[{"count":1,"href":"https:\/\/cosmeticstoredz.com\/ar\/wp-json\/wp\/v2\/product\/6669\/revisions"}],"predecessor-version":[{"id":21022,"href":"https:\/\/cosmeticstoredz.com\/ar\/wp-json\/wp\/v2\/product\/6669\/revisions\/21022"}],"wp:featuredmedia":[{"embeddable":true,"href":"https:\/\/cosmeticstoredz.com\/ar\/wp-json\/wp\/v2\/media\/21021"}],"wp:attachment":[{"href":"https:\/\/cosmeticstoredz.com\/ar\/wp-json\/wp\/v2\/media?parent=6669"}],"wp:term":[{"taxonomy":"product_brand","embeddable":true,"href":"https:\/\/cosmeticstoredz.com\/ar\/wp-json\/wp\/v2\/product_brand?post=6669"},{"taxonomy":"product_cat","embeddable":true,"href":"https:\/\/cosmeticstoredz.com\/ar\/wp-json\/wp\/v2\/product_cat?post=6669"},{"taxonomy":"product_tag","embeddable":true,"href":"https:\/\/cosmeticstoredz.com\/ar\/wp-json\/wp\/v2\/product_tag?post=6669"}],"curies":[{"name":"wp","href":"https:\/\/api.w.org\/{rel}","templated":true}]}}