{"id":6637,"date":"2025-06-04T19:27:08","date_gmt":"2025-06-04T19:27:08","guid":{"rendered":"https:\/\/test.fitnessworldgym27.com\/?post_type=product&#038;p=6637"},"modified":"2026-03-30T19:24:04","modified_gmt":"2026-03-30T19:24:04","slug":"evoluderm-gel-douche-huile-precieuse","status":"publish","type":"product","link":"https:\/\/cosmeticstoredz.com\/ar\/product\/evoluderm-gel-douche-huile-precieuse\/","title":{"rendered":"EVOLUDERM GEL DOUCHE HUILE PRECIEUSE"},"content":{"rendered":"<p>Sp\u00e9cialement formul\u00e9 pour vous offrir un moment de bien-\u00eatre et de soin, le\u00a0<strong>Gel Douche Soyeux Huile Pr\u00e9cieuse<\/strong>\u00a0aux huiles rares lib\u00e8re un parfum ensoleill\u00e9 et vous enveloppe d&rsquo;une mousse onctueuse, laissant la peau parfaitement souple et douce.<\/p>","protected":false},"excerpt":{"rendered":"<h1>Gel Douche Soyeux Huile Pr\u00e9cieuse<\/h1>","protected":false},"featured_media":21013,"comment_status":"open","ping_status":"closed","template":"","meta":[],"product_brand":[],"product_cat":[75,169],"product_tag":[125],"class_list":{"0":"post-6637","1":"product","2":"type-product","3":"status-publish","4":"has-post-thumbnail","6":"product_cat-femme","7":"product_cat-gel-douche-f","8":"product_tag-made-in-france","10":"first","11":"instock","12":"shipping-taxable","13":"purchasable","14":"product-type-simple"},"_links":{"self":[{"href":"https:\/\/cosmeticstoredz.com\/ar\/wp-json\/wp\/v2\/product\/6637","targetHints":{"allow":["GET"]}}],"collection":[{"href":"https:\/\/cosmeticstoredz.com\/ar\/wp-json\/wp\/v2\/product"}],"about":[{"href":"https:\/\/cosmeticstoredz.com\/ar\/wp-json\/wp\/v2\/types\/product"}],"replies":[{"embeddable":true,"href":"https:\/\/cosmeticstoredz.com\/ar\/wp-json\/wp\/v2\/comments?post=6637"}],"version-history":[{"count":1,"href":"https:\/\/cosmeticstoredz.com\/ar\/wp-json\/wp\/v2\/product\/6637\/revisions"}],"predecessor-version":[{"id":21014,"href":"https:\/\/cosmeticstoredz.com\/ar\/wp-json\/wp\/v2\/product\/6637\/revisions\/21014"}],"wp:featuredmedia":[{"embeddable":true,"href":"https:\/\/cosmeticstoredz.com\/ar\/wp-json\/wp\/v2\/media\/21013"}],"wp:attachment":[{"href":"https:\/\/cosmeticstoredz.com\/ar\/wp-json\/wp\/v2\/media?parent=6637"}],"wp:term":[{"taxonomy":"product_brand","embeddable":true,"href":"https:\/\/cosmeticstoredz.com\/ar\/wp-json\/wp\/v2\/product_brand?post=6637"},{"taxonomy":"product_cat","embeddable":true,"href":"https:\/\/cosmeticstoredz.com\/ar\/wp-json\/wp\/v2\/product_cat?post=6637"},{"taxonomy":"product_tag","embeddable":true,"href":"https:\/\/cosmeticstoredz.com\/ar\/wp-json\/wp\/v2\/product_tag?post=6637"}],"curies":[{"name":"wp","href":"https:\/\/api.w.org\/{rel}","templated":true}]}}