{"id":6633,"date":"2025-06-04T19:27:07","date_gmt":"2025-06-04T19:27:07","guid":{"rendered":"https:\/\/test.fitnessworldgym27.com\/?post_type=product&#038;p=6633"},"modified":"2026-03-30T19:25:07","modified_gmt":"2026-03-30T19:25:07","slug":"evoluderm-eau-micellaire-peaux-mixte-a-grasse","status":"publish","type":"product","link":"https:\/\/cosmeticstoredz.com\/ar\/product\/evoluderm-eau-micellaire-peaux-mixte-a-grasse\/","title":{"rendered":"EVOLUDERM EAU MICELLAIRE PEAUX MIXTE A GRASSE"},"content":{"rendered":"<p>Eau Micellaire D\u00e9maquillante Peaux Mixtes \u00c0 Grasses<\/p>","protected":false},"excerpt":{"rendered":"<p>Sp\u00e9cialement formul\u00e9e pour les peaux mixtes \u00e0 grasses, cette eau micellaire nettoie, d\u00e9maquille et purifie la peau en un seul geste.<\/p>","protected":false},"featured_media":21005,"comment_status":"open","ping_status":"closed","template":"","meta":[],"product_brand":[],"product_cat":[137,188,75,122],"product_tag":[125],"class_list":{"0":"post-6633","1":"product","2":"type-product","3":"status-publish","4":"has-post-thumbnail","6":"product_cat-demaquillant-make-up","7":"product_cat-evoluderm","8":"product_cat-femme","9":"product_cat-make-up","10":"product_tag-made-in-france","12":"first","13":"outofstock","14":"shipping-taxable","15":"purchasable","16":"product-type-simple"},"_links":{"self":[{"href":"https:\/\/cosmeticstoredz.com\/ar\/wp-json\/wp\/v2\/product\/6633","targetHints":{"allow":["GET"]}}],"collection":[{"href":"https:\/\/cosmeticstoredz.com\/ar\/wp-json\/wp\/v2\/product"}],"about":[{"href":"https:\/\/cosmeticstoredz.com\/ar\/wp-json\/wp\/v2\/types\/product"}],"replies":[{"embeddable":true,"href":"https:\/\/cosmeticstoredz.com\/ar\/wp-json\/wp\/v2\/comments?post=6633"}],"version-history":[{"count":1,"href":"https:\/\/cosmeticstoredz.com\/ar\/wp-json\/wp\/v2\/product\/6633\/revisions"}],"predecessor-version":[{"id":21006,"href":"https:\/\/cosmeticstoredz.com\/ar\/wp-json\/wp\/v2\/product\/6633\/revisions\/21006"}],"wp:featuredmedia":[{"embeddable":true,"href":"https:\/\/cosmeticstoredz.com\/ar\/wp-json\/wp\/v2\/media\/21005"}],"wp:attachment":[{"href":"https:\/\/cosmeticstoredz.com\/ar\/wp-json\/wp\/v2\/media?parent=6633"}],"wp:term":[{"taxonomy":"product_brand","embeddable":true,"href":"https:\/\/cosmeticstoredz.com\/ar\/wp-json\/wp\/v2\/product_brand?post=6633"},{"taxonomy":"product_cat","embeddable":true,"href":"https:\/\/cosmeticstoredz.com\/ar\/wp-json\/wp\/v2\/product_cat?post=6633"},{"taxonomy":"product_tag","embeddable":true,"href":"https:\/\/cosmeticstoredz.com\/ar\/wp-json\/wp\/v2\/product_tag?post=6633"}],"curies":[{"name":"wp","href":"https:\/\/api.w.org\/{rel}","templated":true}]}}