{"id":6631,"date":"2025-06-04T19:27:07","date_gmt":"2025-06-04T19:27:07","guid":{"rendered":"https:\/\/test.fitnessworldgym27.com\/?post_type=product&#038;p=6631"},"modified":"2026-03-30T19:28:25","modified_gmt":"2026-03-30T19:28:25","slug":"evoluderm-creme-mains-beurre-de-cacao","status":"publish","type":"product","link":"https:\/\/cosmeticstoredz.com\/ar\/product\/evoluderm-creme-mains-beurre-de-cacao\/","title":{"rendered":"EVOLUDERM CREME MAINS BEURRE DE CACAO"},"content":{"rendered":"<p>Cr\u00e8me Mains Nourrissante Irr\u00e9sistible Cacao<\/p>","protected":false},"excerpt":{"rendered":"<p>Sp\u00e9cialement formul\u00e9e pour prendre soin des peaux tr\u00e8s s\u00e8ches, cette cr\u00e8me mains est enrichie en Beurre de Cacao pour offrir une r\u00e9paration et une nutrition intense \u00e0 la peau<\/p>","protected":false},"featured_media":21001,"comment_status":"open","ping_status":"closed","template":"","meta":[],"product_brand":[],"product_cat":[82,188,75,81],"product_tag":[125],"class_list":{"0":"post-6631","1":"product","2":"type-product","3":"status-publish","4":"has-post-thumbnail","6":"product_cat-creme-hydratante-fc","7":"product_cat-evoluderm","8":"product_cat-femme","9":"product_cat-soin-corps-f","10":"product_tag-made-in-france","12":"first","13":"instock","14":"shipping-taxable","15":"purchasable","16":"product-type-simple"},"_links":{"self":[{"href":"https:\/\/cosmeticstoredz.com\/ar\/wp-json\/wp\/v2\/product\/6631","targetHints":{"allow":["GET"]}}],"collection":[{"href":"https:\/\/cosmeticstoredz.com\/ar\/wp-json\/wp\/v2\/product"}],"about":[{"href":"https:\/\/cosmeticstoredz.com\/ar\/wp-json\/wp\/v2\/types\/product"}],"replies":[{"embeddable":true,"href":"https:\/\/cosmeticstoredz.com\/ar\/wp-json\/wp\/v2\/comments?post=6631"}],"version-history":[{"count":1,"href":"https:\/\/cosmeticstoredz.com\/ar\/wp-json\/wp\/v2\/product\/6631\/revisions"}],"predecessor-version":[{"id":21002,"href":"https:\/\/cosmeticstoredz.com\/ar\/wp-json\/wp\/v2\/product\/6631\/revisions\/21002"}],"wp:featuredmedia":[{"embeddable":true,"href":"https:\/\/cosmeticstoredz.com\/ar\/wp-json\/wp\/v2\/media\/21001"}],"wp:attachment":[{"href":"https:\/\/cosmeticstoredz.com\/ar\/wp-json\/wp\/v2\/media?parent=6631"}],"wp:term":[{"taxonomy":"product_brand","embeddable":true,"href":"https:\/\/cosmeticstoredz.com\/ar\/wp-json\/wp\/v2\/product_brand?post=6631"},{"taxonomy":"product_cat","embeddable":true,"href":"https:\/\/cosmeticstoredz.com\/ar\/wp-json\/wp\/v2\/product_cat?post=6631"},{"taxonomy":"product_tag","embeddable":true,"href":"https:\/\/cosmeticstoredz.com\/ar\/wp-json\/wp\/v2\/product_tag?post=6631"}],"curies":[{"name":"wp","href":"https:\/\/api.w.org\/{rel}","templated":true}]}}