{"id":6627,"date":"2025-06-04T19:27:07","date_gmt":"2025-06-04T19:27:07","guid":{"rendered":"https:\/\/test.fitnessworldgym27.com\/?post_type=product&#038;p=6627"},"modified":"2026-03-30T19:25:07","modified_gmt":"2026-03-30T19:25:07","slug":"evoluderm-bande-de-cire-jambes-aisselles","status":"publish","type":"product","link":"https:\/\/cosmeticstoredz.com\/ar\/product\/evoluderm-bande-de-cire-jambes-aisselles\/","title":{"rendered":"EVOLUDERM BANDE DE CIRE JAMBES AISSELLES"},"content":{"rendered":"<p>Sp\u00e9cialement con\u00e7ues pour l&rsquo;\u00e9pilation des jambes et des aisselles, ces bandes de cire sont enrichies en huiles d&rsquo;Argan et de Calendula. R\u00e9sultat : une peau nette et parfaitement douce, pour longtemps !<\/p>","protected":false},"excerpt":{"rendered":"<h1>20 Bandes D\u00e9pilatoires de Cire Froide &#8211; Jambes &amp; Aisselles<\/h1>\n<p>Sp\u00e9cialement con\u00e7ues pour l&rsquo;\u00e9pilation des jambes et des aisselles, ces bandes de cire sont enrichies en huiles d&rsquo;Argan et de Calendula. R\u00e9sultat : une peau nette et parfaitement douce, pour longtemps !<\/p>","protected":false},"featured_media":20993,"comment_status":"open","ping_status":"closed","template":"","meta":[],"product_brand":[],"product_cat":[99,188,75,81],"product_tag":[125],"class_list":{"0":"post-6627","1":"product","2":"type-product","3":"status-publish","4":"has-post-thumbnail","6":"product_cat-epilation","7":"product_cat-evoluderm","8":"product_cat-femme","9":"product_cat-soin-corps-f","10":"product_tag-made-in-france","12":"first","13":"outofstock","14":"shipping-taxable","15":"purchasable","16":"product-type-simple"},"_links":{"self":[{"href":"https:\/\/cosmeticstoredz.com\/ar\/wp-json\/wp\/v2\/product\/6627","targetHints":{"allow":["GET"]}}],"collection":[{"href":"https:\/\/cosmeticstoredz.com\/ar\/wp-json\/wp\/v2\/product"}],"about":[{"href":"https:\/\/cosmeticstoredz.com\/ar\/wp-json\/wp\/v2\/types\/product"}],"replies":[{"embeddable":true,"href":"https:\/\/cosmeticstoredz.com\/ar\/wp-json\/wp\/v2\/comments?post=6627"}],"version-history":[{"count":1,"href":"https:\/\/cosmeticstoredz.com\/ar\/wp-json\/wp\/v2\/product\/6627\/revisions"}],"predecessor-version":[{"id":20994,"href":"https:\/\/cosmeticstoredz.com\/ar\/wp-json\/wp\/v2\/product\/6627\/revisions\/20994"}],"wp:featuredmedia":[{"embeddable":true,"href":"https:\/\/cosmeticstoredz.com\/ar\/wp-json\/wp\/v2\/media\/20993"}],"wp:attachment":[{"href":"https:\/\/cosmeticstoredz.com\/ar\/wp-json\/wp\/v2\/media?parent=6627"}],"wp:term":[{"taxonomy":"product_brand","embeddable":true,"href":"https:\/\/cosmeticstoredz.com\/ar\/wp-json\/wp\/v2\/product_brand?post=6627"},{"taxonomy":"product_cat","embeddable":true,"href":"https:\/\/cosmeticstoredz.com\/ar\/wp-json\/wp\/v2\/product_cat?post=6627"},{"taxonomy":"product_tag","embeddable":true,"href":"https:\/\/cosmeticstoredz.com\/ar\/wp-json\/wp\/v2\/product_tag?post=6627"}],"curies":[{"name":"wp","href":"https:\/\/api.w.org\/{rel}","templated":true}]}}