{"id":6614,"date":"2025-06-04T19:27:06","date_gmt":"2025-06-04T19:27:06","guid":{"rendered":"https:\/\/test.fitnessworldgym27.com\/?post_type=product&#038;p=6614"},"modified":"2026-04-18T19:18:34","modified_gmt":"2026-04-18T19:18:34","slug":"dermactive-serum-pour-cheveux-color-protection","status":"publish","type":"product","link":"https:\/\/cosmeticstoredz.com\/ar\/product\/dermactive-serum-pour-cheveux-color-protection\/","title":{"rendered":"DERMACTIVE SERUM POUR CHEVEUX COLOR PROTECTION"},"content":{"rendered":"<p><span>Pour les femmes aux cheveux color\u00e9s, ce s\u00e9rum blond clair sans sulfate pour cheveux color\u00e9s de la collection DERMACTIVE est tout simplement parfait comme s\u00e9rum sans rin\u00e7age. Il permet de prot\u00e9ger vos cheveux color\u00e9s des multiples agressions et agressions. Apporte brillance et protection \u00e0 vos cheveux. Il deviendra vite un incontournable de votre routine de service technique pour cheveux color\u00e9s.<\/span><\/p>","protected":false},"excerpt":{"rendered":"<p>Pour les femmes aux cheveux color\u00e9s, ce s\u00e9rum blond clair sans sulfate pour cheveux color\u00e9s de la collection DERMACTIVE est<\/p>","protected":false},"featured_media":20967,"comment_status":"open","ping_status":"closed","template":"","meta":[],"product_brand":[406],"product_cat":[71,75,116,95],"product_tag":[],"class_list":{"0":"post-6614","1":"product","2":"type-product","3":"status-publish","4":"has-post-thumbnail","6":"product_brand-dermactive","7":"product_cat-dermactive","8":"product_cat-femme","9":"product_cat-serum-fch","10":"product_cat-soin-cheveux-f","12":"first","13":"instock","14":"shipping-taxable","15":"purchasable","16":"product-type-simple"},"yoast_head":"<!-- This site is optimized with the Yoast SEO plugin v27.3 - https:\/\/yoast.com\/product\/yoast-seo-wordpress\/ -->\n<title>DERMACTIVE SERUM POUR CHEVEUX COLOR PROTECTION - Cosmetic Store<\/title>\n<meta name=\"robots\" content=\"index, follow, max-snippet:-1, max-image-preview:large, max-video-preview:-1\" \/>\n<link rel=\"canonical\" href=\"https:\/\/cosmeticstoredz.com\/ar\/product\/dermactive-serum-pour-cheveux-color-protection\/\" \/>\n<meta property=\"og:locale\" content=\"ar_AR\" \/>\n<meta property=\"og:type\" content=\"article\" \/>\n<meta property=\"og:title\" content=\"DERMACTIVE SERUM POUR CHEVEUX COLOR PROTECTION - Cosmetic Store\" \/>\n<meta property=\"og:description\" content=\"Pour les femmes aux cheveux color\u00e9s, ce s\u00e9rum blond clair sans sulfate pour cheveux color\u00e9s de la collection DERMACTIVE est\" \/>\n<meta property=\"og:url\" content=\"https:\/\/cosmeticstoredz.com\/ar\/product\/dermactive-serum-pour-cheveux-color-protection\/\" \/>\n<meta property=\"og:site_name\" content=\"Cosmetic Store\" \/>\n<meta property=\"article:publisher\" content=\"https:\/\/www.facebook.com\/profile.php?id=61564954260683\" \/>\n<meta property=\"article:modified_time\" content=\"2026-04-18T19:18:34+00:00\" \/>\n<meta property=\"og:image\" content=\"https:\/\/cosmeticstoredz.com\/wp-content\/uploads\/2026\/02\/Ajouter-un-titre-2024-08-01T102835.053.png\" \/>\n\t<meta property=\"og:image:width\" content=\"500\" \/>\n\t<meta property=\"og:image:height\" content=\"500\" \/>\n\t<meta property=\"og:image:type\" content=\"image\/png\" \/>\n<meta name=\"twitter:card\" content=\"summary_large_image\" \/>\n<script type=\"application\/ld+json\" class=\"yoast-schema-graph\">{\"@context\":\"https:\\\/\\\/schema.org\",\"@graph\":[{\"@type\":\"WebPage\",\"@id\":\"https:\\\/\\\/cosmeticstoredz.com\\\/produit\\\/dermactive-serum-pour-cheveux-color-protection\\\/\",\"url\":\"https:\\\/\\\/cosmeticstoredz.com\\\/produit\\\/dermactive-serum-pour-cheveux-color-protection\\\/\",\"name\":\"DERMACTIVE SERUM POUR CHEVEUX COLOR PROTECTION - Cosmetic Store\",\"isPartOf\":{\"@id\":\"https:\\\/\\\/cosmeticstoredz.com\\\/#website\"},\"primaryImageOfPage\":{\"@id\":\"https:\\\/\\\/cosmeticstoredz.com\\\/produit\\\/dermactive-serum-pour-cheveux-color-protection\\\/#primaryimage\"},\"image\":{\"@id\":\"https:\\\/\\\/cosmeticstoredz.com\\\/produit\\\/dermactive-serum-pour-cheveux-color-protection\\\/#primaryimage\"},\"thumbnailUrl\":\"https:\\\/\\\/cosmeticstoredz.com\\\/wp-content\\\/uploads\\\/2026\\\/02\\\/Ajouter-un-titre-2024-08-01T102835.053.png\",\"datePublished\":\"2025-06-04T19:27:06+00:00\",\"dateModified\":\"2026-04-18T19:18:34+00:00\",\"breadcrumb\":{\"@id\":\"https:\\\/\\\/cosmeticstoredz.com\\\/produit\\\/dermactive-serum-pour-cheveux-color-protection\\\/#breadcrumb\"},\"inLanguage\":\"ar\",\"potentialAction\":[{\"@type\":\"ReadAction\",\"target\":[\"https:\\\/\\\/cosmeticstoredz.com\\\/produit\\\/dermactive-serum-pour-cheveux-color-protection\\\/\"]}]},{\"@type\":\"ImageObject\",\"inLanguage\":\"ar\",\"@id\":\"https:\\\/\\\/cosmeticstoredz.com\\\/produit\\\/dermactive-serum-pour-cheveux-color-protection\\\/#primaryimage\",\"url\":\"https:\\\/\\\/cosmeticstoredz.com\\\/wp-content\\\/uploads\\\/2026\\\/02\\\/Ajouter-un-titre-2024-08-01T102835.053.png\",\"contentUrl\":\"https:\\\/\\\/cosmeticstoredz.com\\\/wp-content\\\/uploads\\\/2026\\\/02\\\/Ajouter-un-titre-2024-08-01T102835.053.png\",\"width\":500,\"height\":500},{\"@type\":\"BreadcrumbList\",\"@id\":\"https:\\\/\\\/cosmeticstoredz.com\\\/produit\\\/dermactive-serum-pour-cheveux-color-protection\\\/#breadcrumb\",\"itemListElement\":[{\"@type\":\"ListItem\",\"position\":1,\"name\":\"Accueil\",\"item\":\"https:\\\/\\\/cosmeticstoredz.com\\\/\"},{\"@type\":\"ListItem\",\"position\":2,\"name\":\"Boutique\",\"item\":\"https:\\\/\\\/cosmeticstoredz.com\\\/boutique\\\/\"},{\"@type\":\"ListItem\",\"position\":3,\"name\":\"DERMACTIVE SERUM POUR CHEVEUX COLOR PROTECTION\"}]},{\"@type\":\"WebSite\",\"@id\":\"https:\\\/\\\/cosmeticstoredz.com\\\/#website\",\"url\":\"https:\\\/\\\/cosmeticstoredz.com\\\/\",\"name\":\"Cosmetic Store\",\"description\":\"\",\"publisher\":{\"@id\":\"https:\\\/\\\/cosmeticstoredz.com\\\/#organization\"},\"potentialAction\":[{\"@type\":\"SearchAction\",\"target\":{\"@type\":\"EntryPoint\",\"urlTemplate\":\"https:\\\/\\\/cosmeticstoredz.com\\\/?s={search_term_string}\"},\"query-input\":{\"@type\":\"PropertyValueSpecification\",\"valueRequired\":true,\"valueName\":\"search_term_string\"}}],\"inLanguage\":\"ar\"},{\"@type\":\"Organization\",\"@id\":\"https:\\\/\\\/cosmeticstoredz.com\\\/#organization\",\"name\":\"Cosmetic Store\",\"url\":\"https:\\\/\\\/cosmeticstoredz.com\\\/\",\"logo\":{\"@type\":\"ImageObject\",\"inLanguage\":\"ar\",\"@id\":\"https:\\\/\\\/cosmeticstoredz.com\\\/#\\\/schema\\\/logo\\\/image\\\/\",\"url\":\"https:\\\/\\\/cosmeticstoredz.com\\\/wp-content\\\/uploads\\\/2026\\\/02\\\/cropped-LOGO_CS-512x512-1-1-e1771275285345.webp\",\"contentUrl\":\"https:\\\/\\\/cosmeticstoredz.com\\\/wp-content\\\/uploads\\\/2026\\\/02\\\/cropped-LOGO_CS-512x512-1-1-e1771275285345.webp\",\"width\":265,\"height\":319,\"caption\":\"Cosmetic Store\"},\"image\":{\"@id\":\"https:\\\/\\\/cosmeticstoredz.com\\\/#\\\/schema\\\/logo\\\/image\\\/\"},\"sameAs\":[\"https:\\\/\\\/www.facebook.com\\\/profile.php?id=61564954260683\",\"https:\\\/\\\/www.instagram.com\\\/cosmetic.storedz\\\/\"]}]}<\/script>\n<!-- \/ Yoast SEO plugin. -->","yoast_head_json":{"title":"DERMACTIVE SERUM POUR CHEVEUX COLOR PROTECTION - Cosmetic Store","robots":{"index":"index","follow":"follow","max-snippet":"max-snippet:-1","max-image-preview":"max-image-preview:large","max-video-preview":"max-video-preview:-1"},"canonical":"https:\/\/cosmeticstoredz.com\/ar\/product\/dermactive-serum-pour-cheveux-color-protection\/","og_locale":"ar_AR","og_type":"article","og_title":"DERMACTIVE SERUM POUR CHEVEUX COLOR PROTECTION - Cosmetic Store","og_description":"Pour les femmes aux cheveux color\u00e9s, ce s\u00e9rum blond clair sans sulfate pour cheveux color\u00e9s de la collection DERMACTIVE est","og_url":"https:\/\/cosmeticstoredz.com\/ar\/product\/dermactive-serum-pour-cheveux-color-protection\/","og_site_name":"Cosmetic Store","article_publisher":"https:\/\/www.facebook.com\/profile.php?id=61564954260683","article_modified_time":"2026-04-18T19:18:34+00:00","og_image":[{"width":500,"height":500,"url":"https:\/\/cosmeticstoredz.com\/wp-content\/uploads\/2026\/02\/Ajouter-un-titre-2024-08-01T102835.053.png","type":"image\/png"}],"twitter_card":"summary_large_image","schema":{"@context":"https:\/\/schema.org","@graph":[{"@type":"WebPage","@id":"https:\/\/cosmeticstoredz.com\/produit\/dermactive-serum-pour-cheveux-color-protection\/","url":"https:\/\/cosmeticstoredz.com\/produit\/dermactive-serum-pour-cheveux-color-protection\/","name":"DERMACTIVE SERUM POUR CHEVEUX COLOR PROTECTION - Cosmetic Store","isPartOf":{"@id":"https:\/\/cosmeticstoredz.com\/#website"},"primaryImageOfPage":{"@id":"https:\/\/cosmeticstoredz.com\/produit\/dermactive-serum-pour-cheveux-color-protection\/#primaryimage"},"image":{"@id":"https:\/\/cosmeticstoredz.com\/produit\/dermactive-serum-pour-cheveux-color-protection\/#primaryimage"},"thumbnailUrl":"https:\/\/cosmeticstoredz.com\/wp-content\/uploads\/2026\/02\/Ajouter-un-titre-2024-08-01T102835.053.png","datePublished":"2025-06-04T19:27:06+00:00","dateModified":"2026-04-18T19:18:34+00:00","breadcrumb":{"@id":"https:\/\/cosmeticstoredz.com\/produit\/dermactive-serum-pour-cheveux-color-protection\/#breadcrumb"},"inLanguage":"ar","potentialAction":[{"@type":"ReadAction","target":["https:\/\/cosmeticstoredz.com\/produit\/dermactive-serum-pour-cheveux-color-protection\/"]}]},{"@type":"ImageObject","inLanguage":"ar","@id":"https:\/\/cosmeticstoredz.com\/produit\/dermactive-serum-pour-cheveux-color-protection\/#primaryimage","url":"https:\/\/cosmeticstoredz.com\/wp-content\/uploads\/2026\/02\/Ajouter-un-titre-2024-08-01T102835.053.png","contentUrl":"https:\/\/cosmeticstoredz.com\/wp-content\/uploads\/2026\/02\/Ajouter-un-titre-2024-08-01T102835.053.png","width":500,"height":500},{"@type":"BreadcrumbList","@id":"https:\/\/cosmeticstoredz.com\/produit\/dermactive-serum-pour-cheveux-color-protection\/#breadcrumb","itemListElement":[{"@type":"ListItem","position":1,"name":"Accueil","item":"https:\/\/cosmeticstoredz.com\/"},{"@type":"ListItem","position":2,"name":"Boutique","item":"https:\/\/cosmeticstoredz.com\/boutique\/"},{"@type":"ListItem","position":3,"name":"DERMACTIVE SERUM POUR CHEVEUX COLOR PROTECTION"}]},{"@type":"WebSite","@id":"https:\/\/cosmeticstoredz.com\/#website","url":"https:\/\/cosmeticstoredz.com\/","name":"Cosmetic Store","description":"","publisher":{"@id":"https:\/\/cosmeticstoredz.com\/#organization"},"potentialAction":[{"@type":"SearchAction","target":{"@type":"EntryPoint","urlTemplate":"https:\/\/cosmeticstoredz.com\/?s={search_term_string}"},"query-input":{"@type":"PropertyValueSpecification","valueRequired":true,"valueName":"search_term_string"}}],"inLanguage":"ar"},{"@type":"Organization","@id":"https:\/\/cosmeticstoredz.com\/#organization","name":"Cosmetic Store","url":"https:\/\/cosmeticstoredz.com\/","logo":{"@type":"ImageObject","inLanguage":"ar","@id":"https:\/\/cosmeticstoredz.com\/#\/schema\/logo\/image\/","url":"https:\/\/cosmeticstoredz.com\/wp-content\/uploads\/2026\/02\/cropped-LOGO_CS-512x512-1-1-e1771275285345.webp","contentUrl":"https:\/\/cosmeticstoredz.com\/wp-content\/uploads\/2026\/02\/cropped-LOGO_CS-512x512-1-1-e1771275285345.webp","width":265,"height":319,"caption":"Cosmetic Store"},"image":{"@id":"https:\/\/cosmeticstoredz.com\/#\/schema\/logo\/image\/"},"sameAs":["https:\/\/www.facebook.com\/profile.php?id=61564954260683","https:\/\/www.instagram.com\/cosmetic.storedz\/"]}]}},"_links":{"self":[{"href":"https:\/\/cosmeticstoredz.com\/ar\/wp-json\/wp\/v2\/product\/6614","targetHints":{"allow":["GET"]}}],"collection":[{"href":"https:\/\/cosmeticstoredz.com\/ar\/wp-json\/wp\/v2\/product"}],"about":[{"href":"https:\/\/cosmeticstoredz.com\/ar\/wp-json\/wp\/v2\/types\/product"}],"replies":[{"embeddable":true,"href":"https:\/\/cosmeticstoredz.com\/ar\/wp-json\/wp\/v2\/comments?post=6614"}],"version-history":[{"count":1,"href":"https:\/\/cosmeticstoredz.com\/ar\/wp-json\/wp\/v2\/product\/6614\/revisions"}],"predecessor-version":[{"id":20968,"href":"https:\/\/cosmeticstoredz.com\/ar\/wp-json\/wp\/v2\/product\/6614\/revisions\/20968"}],"wp:featuredmedia":[{"embeddable":true,"href":"https:\/\/cosmeticstoredz.com\/ar\/wp-json\/wp\/v2\/media\/20967"}],"wp:attachment":[{"href":"https:\/\/cosmeticstoredz.com\/ar\/wp-json\/wp\/v2\/media?parent=6614"}],"wp:term":[{"taxonomy":"product_brand","embeddable":true,"href":"https:\/\/cosmeticstoredz.com\/ar\/wp-json\/wp\/v2\/product_brand?post=6614"},{"taxonomy":"product_cat","embeddable":true,"href":"https:\/\/cosmeticstoredz.com\/ar\/wp-json\/wp\/v2\/product_cat?post=6614"},{"taxonomy":"product_tag","embeddable":true,"href":"https:\/\/cosmeticstoredz.com\/ar\/wp-json\/wp\/v2\/product_tag?post=6614"}],"curies":[{"name":"wp","href":"https:\/\/api.w.org\/{rel}","templated":true}]}}