{"id":6541,"date":"2025-06-04T19:26:24","date_gmt":"2025-06-04T19:26:24","guid":{"rendered":"https:\/\/test.fitnessworldgym27.com\/?post_type=product&#038;p=6541"},"modified":"2026-03-30T19:24:57","modified_gmt":"2026-03-30T19:24:57","slug":"calliderm-gommage-corps","status":"publish","type":"product","link":"https:\/\/cosmeticstoredz.com\/ar\/product\/calliderm-gommage-corps\/","title":{"rendered":"CALLIDERM GOMMAGE CORPS"},"content":{"rendered":"<p>Le gommage hydratant <b>Calliderm<\/b>\u00a0riche en\u00a0<b>Huile\u00a0d\u2019Argan Pr\u00e9cieux<\/b>\u00a0de\u00a0<b>Maroc<\/b>\u00a0et aux\u00a0<b>\u00e9clats de grains exfoliants De Ma\u00efs<\/b>, \u00e9limin\u00e9 les cellules mortes et facilit\u00e9 le renouvellement cellulaire de votre visage. Enrichi en glyc\u00e9rine, ce gommage aide la peau \u00e0 pr\u00e9server son hydratation naturelle. Votre peau est souple et douce.<\/p>\n<p>\u00c0 quoi sert un gommage corps ou visage ? L&rsquo;utilisation r\u00e9guli\u00e8re d&rsquo;un gommage permet \u00e0 la peau d\u2019\u00eatre plus r\u00e9ceptive aux soins de votre rituel beaut\u00e9. Une \u00e9tape indispensable pour \u00e9liminer les cellules mortes et ainsi assurer la beaut\u00e9 de la peau. Appliquez le gommage sur le visage et le cou, et massez d\u00e9licatement par mouvements circulaires pendant 3 minutes. Rincez abondamment \u00e0 l\u2019eau ti\u00e8de. Pour un r\u00e9sultat optimal, utilisez le gommage 1 \u00e0 2 fois par semaine.<\/p>","protected":false},"excerpt":{"rendered":"<p>Le gommage hydratant Calliderm\u00a0riche en\u00a0Huile\u00a0d\u2019Argan Pr\u00e9cieux\u00a0de\u00a0Maroc\u00a0et aux\u00a0\u00e9clats de grains exfoliants De Ma\u00efs, \u00e9limin\u00e9 les cellules mortes et facilit\u00e9 le renouvellement<\/p>","protected":false},"featured_media":20908,"comment_status":"open","ping_status":"closed","template":"","meta":[],"product_brand":[],"product_cat":[315,75,94,81],"product_tag":[],"class_list":{"0":"post-6541","1":"product","2":"type-product","3":"status-publish","4":"has-post-thumbnail","6":"product_cat-calliderm","7":"product_cat-femme","8":"product_cat-gommage-fc","9":"product_cat-soin-corps-f","11":"first","12":"outofstock","13":"shipping-taxable","14":"purchasable","15":"product-type-simple"},"_links":{"self":[{"href":"https:\/\/cosmeticstoredz.com\/ar\/wp-json\/wp\/v2\/product\/6541","targetHints":{"allow":["GET"]}}],"collection":[{"href":"https:\/\/cosmeticstoredz.com\/ar\/wp-json\/wp\/v2\/product"}],"about":[{"href":"https:\/\/cosmeticstoredz.com\/ar\/wp-json\/wp\/v2\/types\/product"}],"replies":[{"embeddable":true,"href":"https:\/\/cosmeticstoredz.com\/ar\/wp-json\/wp\/v2\/comments?post=6541"}],"version-history":[{"count":1,"href":"https:\/\/cosmeticstoredz.com\/ar\/wp-json\/wp\/v2\/product\/6541\/revisions"}],"predecessor-version":[{"id":20909,"href":"https:\/\/cosmeticstoredz.com\/ar\/wp-json\/wp\/v2\/product\/6541\/revisions\/20909"}],"wp:featuredmedia":[{"embeddable":true,"href":"https:\/\/cosmeticstoredz.com\/ar\/wp-json\/wp\/v2\/media\/20908"}],"wp:attachment":[{"href":"https:\/\/cosmeticstoredz.com\/ar\/wp-json\/wp\/v2\/media?parent=6541"}],"wp:term":[{"taxonomy":"product_brand","embeddable":true,"href":"https:\/\/cosmeticstoredz.com\/ar\/wp-json\/wp\/v2\/product_brand?post=6541"},{"taxonomy":"product_cat","embeddable":true,"href":"https:\/\/cosmeticstoredz.com\/ar\/wp-json\/wp\/v2\/product_cat?post=6541"},{"taxonomy":"product_tag","embeddable":true,"href":"https:\/\/cosmeticstoredz.com\/ar\/wp-json\/wp\/v2\/product_tag?post=6541"}],"curies":[{"name":"wp","href":"https:\/\/api.w.org\/{rel}","templated":true}]}}