{"id":6536,"date":"2025-06-04T19:26:24","date_gmt":"2025-06-04T19:26:24","guid":{"rendered":"https:\/\/test.fitnessworldgym27.com\/?post_type=product&#038;p=6536"},"modified":"2026-03-30T19:24:57","modified_gmt":"2026-03-30T19:24:57","slug":"calliderm-creme-nuit","status":"publish","type":"product","link":"https:\/\/cosmeticstoredz.com\/ar\/product\/calliderm-creme-nuit\/","title":{"rendered":"CALLIDERM CREME NUIT"},"content":{"rendered":"<p>Calliderm cr\u00e8me de nuit argan d\u00e9fatigue er r\u00e9active la peau collag\u00e8ne vitamine F<\/p>","protected":false},"excerpt":{"rendered":"<p>Calliderm cr\u00e8me de nuit argan d\u00e9fatigue er r\u00e9active la peau collag\u00e8ne vitamine F<\/p>","protected":false},"featured_media":20898,"comment_status":"open","ping_status":"closed","template":"","meta":[],"product_brand":[],"product_cat":[315,129,75,76],"product_tag":[],"class_list":{"0":"post-6536","1":"product","2":"type-product","3":"status-publish","4":"has-post-thumbnail","6":"product_cat-calliderm","7":"product_cat-creme-hydratante-fv","8":"product_cat-femme","9":"product_cat-soin-visage-f","11":"first","12":"outofstock","13":"shipping-taxable","14":"purchasable","15":"product-type-simple"},"_links":{"self":[{"href":"https:\/\/cosmeticstoredz.com\/ar\/wp-json\/wp\/v2\/product\/6536","targetHints":{"allow":["GET"]}}],"collection":[{"href":"https:\/\/cosmeticstoredz.com\/ar\/wp-json\/wp\/v2\/product"}],"about":[{"href":"https:\/\/cosmeticstoredz.com\/ar\/wp-json\/wp\/v2\/types\/product"}],"replies":[{"embeddable":true,"href":"https:\/\/cosmeticstoredz.com\/ar\/wp-json\/wp\/v2\/comments?post=6536"}],"version-history":[{"count":1,"href":"https:\/\/cosmeticstoredz.com\/ar\/wp-json\/wp\/v2\/product\/6536\/revisions"}],"predecessor-version":[{"id":20899,"href":"https:\/\/cosmeticstoredz.com\/ar\/wp-json\/wp\/v2\/product\/6536\/revisions\/20899"}],"wp:featuredmedia":[{"embeddable":true,"href":"https:\/\/cosmeticstoredz.com\/ar\/wp-json\/wp\/v2\/media\/20898"}],"wp:attachment":[{"href":"https:\/\/cosmeticstoredz.com\/ar\/wp-json\/wp\/v2\/media?parent=6536"}],"wp:term":[{"taxonomy":"product_brand","embeddable":true,"href":"https:\/\/cosmeticstoredz.com\/ar\/wp-json\/wp\/v2\/product_brand?post=6536"},{"taxonomy":"product_cat","embeddable":true,"href":"https:\/\/cosmeticstoredz.com\/ar\/wp-json\/wp\/v2\/product_cat?post=6536"},{"taxonomy":"product_tag","embeddable":true,"href":"https:\/\/cosmeticstoredz.com\/ar\/wp-json\/wp\/v2\/product_tag?post=6536"}],"curies":[{"name":"wp","href":"https:\/\/api.w.org\/{rel}","templated":true}]}}