{"id":6493,"date":"2025-06-04T19:25:41","date_gmt":"2025-06-04T19:25:41","guid":{"rendered":"https:\/\/test.fitnessworldgym27.com\/?post_type=product&#038;p=6493"},"modified":"2026-03-30T19:24:55","modified_gmt":"2026-03-30T19:24:55","slug":"calliderm-brume-absolutely","status":"publish","type":"product","link":"https:\/\/cosmeticstoredz.com\/ar\/product\/calliderm-brume-absolutely\/","title":{"rendered":"CALLIDERM BRUME ABSOLUTELY"},"content":{"rendered":"<p>La Brume Parfum\u00e9e Calliderme Body Mist, en flacon de 250 ml, offre une exp\u00e9rience sensorielle envo\u00fbtante. Sa formule d\u00e9licate laisse un voile parfum\u00e9 sur la peau, apportant une fra\u00eecheur subtile et une fragrance captivante. Cette brume l\u00e9g\u00e8re est un geste parfum\u00e9 id\u00e9al pour revitaliser votre routine quotidienne.<\/p>","protected":false},"excerpt":{"rendered":"<p>La Brume Parfum\u00e9e Calliderme Body Mist, en flacon de 250 ml, offre une exp\u00e9rience sensorielle envo\u00fbtante. Sa formule d\u00e9licate laisse<\/p>","protected":false},"featured_media":20866,"comment_status":"open","ping_status":"closed","template":"","meta":[],"product_brand":[],"product_cat":[101,315,75,78],"product_tag":[],"class_list":{"0":"post-6493","1":"product","2":"type-product","3":"status-publish","4":"has-post-thumbnail","6":"product_cat-brume","7":"product_cat-calliderm","8":"product_cat-femme","9":"product_cat-parfum-f","11":"first","12":"instock","13":"shipping-taxable","14":"purchasable","15":"product-type-simple"},"_links":{"self":[{"href":"https:\/\/cosmeticstoredz.com\/ar\/wp-json\/wp\/v2\/product\/6493","targetHints":{"allow":["GET"]}}],"collection":[{"href":"https:\/\/cosmeticstoredz.com\/ar\/wp-json\/wp\/v2\/product"}],"about":[{"href":"https:\/\/cosmeticstoredz.com\/ar\/wp-json\/wp\/v2\/types\/product"}],"replies":[{"embeddable":true,"href":"https:\/\/cosmeticstoredz.com\/ar\/wp-json\/wp\/v2\/comments?post=6493"}],"version-history":[{"count":1,"href":"https:\/\/cosmeticstoredz.com\/ar\/wp-json\/wp\/v2\/product\/6493\/revisions"}],"predecessor-version":[{"id":20867,"href":"https:\/\/cosmeticstoredz.com\/ar\/wp-json\/wp\/v2\/product\/6493\/revisions\/20867"}],"wp:featuredmedia":[{"embeddable":true,"href":"https:\/\/cosmeticstoredz.com\/ar\/wp-json\/wp\/v2\/media\/20866"}],"wp:attachment":[{"href":"https:\/\/cosmeticstoredz.com\/ar\/wp-json\/wp\/v2\/media?parent=6493"}],"wp:term":[{"taxonomy":"product_brand","embeddable":true,"href":"https:\/\/cosmeticstoredz.com\/ar\/wp-json\/wp\/v2\/product_brand?post=6493"},{"taxonomy":"product_cat","embeddable":true,"href":"https:\/\/cosmeticstoredz.com\/ar\/wp-json\/wp\/v2\/product_cat?post=6493"},{"taxonomy":"product_tag","embeddable":true,"href":"https:\/\/cosmeticstoredz.com\/ar\/wp-json\/wp\/v2\/product_tag?post=6493"}],"curies":[{"name":"wp","href":"https:\/\/api.w.org\/{rel}","templated":true}]}}