{"id":6457,"date":"2025-06-04T19:25:18","date_gmt":"2025-06-04T19:25:18","guid":{"rendered":"https:\/\/test.fitnessworldgym27.com\/?post_type=product&#038;p=6457"},"modified":"2026-03-30T19:24:55","modified_gmt":"2026-03-30T19:24:55","slug":"bourjois-mascara-push-up","status":"publish","type":"product","link":"https:\/\/cosmeticstoredz.com\/ar\/product\/bourjois-mascara-push-up\/","title":{"rendered":"BOURJOIS MASCARA PUSH UP"},"content":{"rendered":"<p>D\u00e9voilez vos courbes\u00a0!<br \/>\nVolume Glamour Push Up Mascara de Bourjois cr\u00e9e un volume intense et un galbe irr\u00e9sistible. Sa formule unique renferme des ingr\u00e9dients novateurs qui procurent un effet voluptueux et durable, sans paquets.<br \/>\nSa brosse ultra douce glisse sur les cils pour une charge homog\u00e8ne de la racine \u00e0 la pointe. Le r\u00e9sultat\u00a0? Des cils \u00e9tir\u00e9s et gain\u00e9s \u00e0 la courbure vertigineuse\u00a0!<br \/>\nInfatigable, le mascara Volume Glamour Push Up reste en place jusqu&rsquo;\u00e0 16\u00a0heures\u00a0! Gr\u00e2ce \u00e0 sa brosse ultra volumatrice, compos\u00e9e de 15\u00a0zones de r\u00e9servoirs, le mascara Volume Glamour Effet Push Up assure une charge maximale sur toute la longueur du cil en un seul geste. Un galbe instantan\u00e9 et un volume x11* irr\u00e9sistibles (*test scientifique sur 101 femmes).<br \/>\nFine et soyeuse, sa formule Push-Up se travaille \u00e0 l&rsquo;envi pour un volume sans paquets modulable \u00e0 volont\u00e9 et une s\u00e9duction sur mesure.<\/p>","protected":false},"excerpt":{"rendered":"<div class=\"sub-title text-uppercase\">MASCARAS : VOLUME GLAMOUR EFFET PUSH UP<\/div>","protected":false},"featured_media":20828,"comment_status":"open","ping_status":"closed","template":"","meta":[],"product_brand":[],"product_cat":[286,75,122,186,126],"product_tag":[],"class_list":{"0":"post-6457","1":"product","2":"type-product","3":"status-publish","4":"has-post-thumbnail","6":"product_cat-bourjois","7":"product_cat-femme","8":"product_cat-make-up","9":"product_cat-mascara","10":"product_cat-yeux","12":"first","13":"instock","14":"shipping-taxable","15":"purchasable","16":"product-type-simple"},"_links":{"self":[{"href":"https:\/\/cosmeticstoredz.com\/ar\/wp-json\/wp\/v2\/product\/6457","targetHints":{"allow":["GET"]}}],"collection":[{"href":"https:\/\/cosmeticstoredz.com\/ar\/wp-json\/wp\/v2\/product"}],"about":[{"href":"https:\/\/cosmeticstoredz.com\/ar\/wp-json\/wp\/v2\/types\/product"}],"replies":[{"embeddable":true,"href":"https:\/\/cosmeticstoredz.com\/ar\/wp-json\/wp\/v2\/comments?post=6457"}],"version-history":[{"count":1,"href":"https:\/\/cosmeticstoredz.com\/ar\/wp-json\/wp\/v2\/product\/6457\/revisions"}],"predecessor-version":[{"id":20829,"href":"https:\/\/cosmeticstoredz.com\/ar\/wp-json\/wp\/v2\/product\/6457\/revisions\/20829"}],"wp:featuredmedia":[{"embeddable":true,"href":"https:\/\/cosmeticstoredz.com\/ar\/wp-json\/wp\/v2\/media\/20828"}],"wp:attachment":[{"href":"https:\/\/cosmeticstoredz.com\/ar\/wp-json\/wp\/v2\/media?parent=6457"}],"wp:term":[{"taxonomy":"product_brand","embeddable":true,"href":"https:\/\/cosmeticstoredz.com\/ar\/wp-json\/wp\/v2\/product_brand?post=6457"},{"taxonomy":"product_cat","embeddable":true,"href":"https:\/\/cosmeticstoredz.com\/ar\/wp-json\/wp\/v2\/product_cat?post=6457"},{"taxonomy":"product_tag","embeddable":true,"href":"https:\/\/cosmeticstoredz.com\/ar\/wp-json\/wp\/v2\/product_tag?post=6457"}],"curies":[{"name":"wp","href":"https:\/\/api.w.org\/{rel}","templated":true}]}}