{"id":6455,"date":"2025-06-04T19:25:18","date_gmt":"2025-06-04T19:25:18","guid":{"rendered":"https:\/\/test.fitnessworldgym27.com\/?post_type=product&#038;p=6455"},"modified":"2026-03-30T19:24:55","modified_gmt":"2026-03-30T19:24:55","slug":"bourjois-fdt-powder-air-mat-02-light-beige","status":"publish","type":"product","link":"https:\/\/cosmeticstoredz.com\/ar\/product\/bourjois-fdt-powder-air-mat-02-light-beige\/","title":{"rendered":"BOURJOIS FDT POWDER AIR MAT 02 LIGHT BEIGE"},"content":{"rendered":"<h1 class=\"a-size-base-plus a-text-bold\"><\/h1>\n<ul class=\"a-unordered-list a-vertical a-spacing-mini\">\n<li class=\"a-spacing-mini\"><span class=\"a-list-item\">Une couvrance intense au fini mat ind\u00e9tectable et naturel, offrant une tenue jusqu&rsquo;\u00e0 24 heures<\/span><\/li>\n<li class=\"a-spacing-mini\"><span class=\"a-list-item\">La texture aussi l\u00e9g\u00e8re que l&rsquo;air donne la sensation de ne rien porter, tout en laissant la peau respirer<\/span><\/li>\n<li class=\"a-spacing-mini\"><span class=\"a-list-item\">Enrichi en extraits de zinc et en billes de silices, qui absorbent l&rsquo;exc\u00e8s de s\u00e9bum<\/span><\/li>\n<li class=\"a-spacing-mini\"><span class=\"a-list-item\">Pigments encapsul\u00e9s combin\u00e9s \u00e0 des huiles \u00e9vanescentes non-grasses qui fixent les pigments sur la peau<\/span><\/li>\n<li class=\"a-spacing-mini\"><span class=\"a-list-item\">Adapt\u00e9 \u00e0 tous les types de peau, y compris aux peaux mixtes<\/span><\/li>\n<\/ul>","protected":false},"excerpt":{"rendered":"<p>Une couvrance intense au fini mat ind\u00e9tectable et naturel, offrant une tenue jusqu&rsquo;\u00e0 24 heures La texture aussi l\u00e9g\u00e8re que<\/p>","protected":false},"featured_media":20824,"comment_status":"open","ping_status":"closed","template":"","meta":[],"product_brand":[],"product_cat":[286,75,187,122,123],"product_tag":[],"class_list":{"0":"post-6455","1":"product","2":"type-product","3":"status-publish","4":"has-post-thumbnail","6":"product_cat-bourjois","7":"product_cat-femme","8":"product_cat-fond-de-teint","9":"product_cat-make-up","10":"product_cat-teint","12":"first","13":"instock","14":"shipping-taxable","15":"purchasable","16":"product-type-simple"},"_links":{"self":[{"href":"https:\/\/cosmeticstoredz.com\/ar\/wp-json\/wp\/v2\/product\/6455","targetHints":{"allow":["GET"]}}],"collection":[{"href":"https:\/\/cosmeticstoredz.com\/ar\/wp-json\/wp\/v2\/product"}],"about":[{"href":"https:\/\/cosmeticstoredz.com\/ar\/wp-json\/wp\/v2\/types\/product"}],"replies":[{"embeddable":true,"href":"https:\/\/cosmeticstoredz.com\/ar\/wp-json\/wp\/v2\/comments?post=6455"}],"version-history":[{"count":1,"href":"https:\/\/cosmeticstoredz.com\/ar\/wp-json\/wp\/v2\/product\/6455\/revisions"}],"predecessor-version":[{"id":20825,"href":"https:\/\/cosmeticstoredz.com\/ar\/wp-json\/wp\/v2\/product\/6455\/revisions\/20825"}],"wp:featuredmedia":[{"embeddable":true,"href":"https:\/\/cosmeticstoredz.com\/ar\/wp-json\/wp\/v2\/media\/20824"}],"wp:attachment":[{"href":"https:\/\/cosmeticstoredz.com\/ar\/wp-json\/wp\/v2\/media?parent=6455"}],"wp:term":[{"taxonomy":"product_brand","embeddable":true,"href":"https:\/\/cosmeticstoredz.com\/ar\/wp-json\/wp\/v2\/product_brand?post=6455"},{"taxonomy":"product_cat","embeddable":true,"href":"https:\/\/cosmeticstoredz.com\/ar\/wp-json\/wp\/v2\/product_cat?post=6455"},{"taxonomy":"product_tag","embeddable":true,"href":"https:\/\/cosmeticstoredz.com\/ar\/wp-json\/wp\/v2\/product_tag?post=6455"}],"curies":[{"name":"wp","href":"https:\/\/api.w.org\/{rel}","templated":true}]}}