{"id":6453,"date":"2025-06-04T19:25:18","date_gmt":"2025-06-04T19:25:18","guid":{"rendered":"https:\/\/test.fitnessworldgym27.com\/?post_type=product&#038;p=6453"},"modified":"2026-03-30T19:26:06","modified_gmt":"2026-03-30T19:26:06","slug":"bourjois-fdt-poudre-anti-fatigue-n-1-porcelain","status":"publish","type":"product","link":"https:\/\/cosmeticstoredz.com\/ar\/product\/bourjois-fdt-poudre-anti-fatigue-n-1-porcelain\/","title":{"rendered":"BOURJOIS FDT POUDRE ANTI-FATIGUE N 1 PORCELAIN"},"content":{"rendered":"<p>Poudre matifiante compacte naturelle \u00e0 la formule clean et vegan compos\u00e9e \u00e0 93% d\u2019ingr\u00e9dients d\u2019origine naturelle et d&rsquo;un mix de vitamines C, B5 et E. Prolonge la tenue du maquillage et r\u00e9v\u00e8le l\u2019\u00e9clat du teint.<\/p>","protected":false},"excerpt":{"rendered":"<p class=\"heading product-description__title\">POUDRE COMPACTE HEALTHY MIX CLEAN<\/p>","protected":false},"featured_media":20819,"comment_status":"open","ping_status":"closed","template":"","meta":[],"product_brand":[],"product_cat":[286,75,122,220,123],"product_tag":[125],"class_list":{"0":"post-6453","1":"product","2":"type-product","3":"status-publish","4":"has-post-thumbnail","6":"product_cat-bourjois","7":"product_cat-femme","8":"product_cat-make-up","9":"product_cat-poudre","10":"product_cat-teint","11":"product_tag-made-in-france","13":"first","14":"outofstock","15":"shipping-taxable","16":"purchasable","17":"product-type-simple"},"_links":{"self":[{"href":"https:\/\/cosmeticstoredz.com\/ar\/wp-json\/wp\/v2\/product\/6453","targetHints":{"allow":["GET"]}}],"collection":[{"href":"https:\/\/cosmeticstoredz.com\/ar\/wp-json\/wp\/v2\/product"}],"about":[{"href":"https:\/\/cosmeticstoredz.com\/ar\/wp-json\/wp\/v2\/types\/product"}],"replies":[{"embeddable":true,"href":"https:\/\/cosmeticstoredz.com\/ar\/wp-json\/wp\/v2\/comments?post=6453"}],"version-history":[{"count":1,"href":"https:\/\/cosmeticstoredz.com\/ar\/wp-json\/wp\/v2\/product\/6453\/revisions"}],"predecessor-version":[{"id":20820,"href":"https:\/\/cosmeticstoredz.com\/ar\/wp-json\/wp\/v2\/product\/6453\/revisions\/20820"}],"wp:featuredmedia":[{"embeddable":true,"href":"https:\/\/cosmeticstoredz.com\/ar\/wp-json\/wp\/v2\/media\/20819"}],"wp:attachment":[{"href":"https:\/\/cosmeticstoredz.com\/ar\/wp-json\/wp\/v2\/media?parent=6453"}],"wp:term":[{"taxonomy":"product_brand","embeddable":true,"href":"https:\/\/cosmeticstoredz.com\/ar\/wp-json\/wp\/v2\/product_brand?post=6453"},{"taxonomy":"product_cat","embeddable":true,"href":"https:\/\/cosmeticstoredz.com\/ar\/wp-json\/wp\/v2\/product_cat?post=6453"},{"taxonomy":"product_tag","embeddable":true,"href":"https:\/\/cosmeticstoredz.com\/ar\/wp-json\/wp\/v2\/product_tag?post=6453"}],"curies":[{"name":"wp","href":"https:\/\/api.w.org\/{rel}","templated":true}]}}