{"id":6452,"date":"2025-06-04T19:25:18","date_gmt":"2025-06-04T19:25:18","guid":{"rendered":"https:\/\/test.fitnessworldgym27.com\/?post_type=product&#038;p=6452"},"modified":"2026-03-30T19:24:55","modified_gmt":"2026-03-30T19:24:55","slug":"bourjois-fdt-poudre-anti-fatigue-02-ivoir-dore","status":"publish","type":"product","link":"https:\/\/cosmeticstoredz.com\/ar\/product\/bourjois-fdt-poudre-anti-fatigue-02-ivoir-dore\/","title":{"rendered":"BOURJOIS FDT POUDRE ANTI-FATIGUE 02 IVOIR DORE"},"content":{"rendered":"<div class=\"description\">\n<ul class=\"a-unordered-list a-vertical a-spacing-mini\">\n<li class=\"a-spacing-mini\"><span class=\"a-list-item\">POUDRE MATIFIANTE ET FIXANTE : La poudre de teint healthy mix matifie et unifie les imperfections. Avec sa texture extra-douce, elle prolonge la tenue du maquillage pour un teint frais et naturel toute la journ\u00e9e !<\/span><\/li>\n<li class=\"a-spacing-mini\"><span class=\"a-list-item\">UN MIROIR INT\u00c9GR\u00c9 : Facile \u00e0 emporter partout, ce fond de teint poudre contient un miroir et \u00e9ponge int\u00e9gr\u00e9s dans le bo\u00eetier. Les petites retouches au cours de la journ\u00e9e n&rsquo;ont jamais \u00e9t\u00e9 aussi faciles.<\/span><\/li>\n<li class=\"a-spacing-mini\"><span class=\"a-list-item\">FORMULE CLEAN &amp; VEGAN : La formule de la poudre matifiante Healthy mix est saine pour votre peau et l&rsquo;environnement. Elle est compos\u00e9e \u00e0 93 % d\u2019ingr\u00e9dients d\u2019origine naturelle et est enrichie en vitamines C, B5 et E.<\/span><\/li>\n<li class=\"a-spacing-mini\"><span class=\"a-list-item\">VOTRE ROUTINE HEALTHY MIX CLEAN : Pour une finition parfaite, utilisez cette poudre compacte naturelle pour fixer et matifier votre fond de teint. Appliquez-la sur la zone T avec l&rsquo;\u00e9ponge int\u00e9gr\u00e9e ou votre pinceau Bourjois !<\/span><\/li>\n<li class=\"a-spacing-mini\"><span class=\"a-list-item\">BOURJOIS, L&rsquo;\u00c9L\u00c9GANCE PARISIENNE : Bourjois pr\u00f4ne l&rsquo;\u00e9l\u00e9gance et le chic \u00e0 la parisienne tout en s&rsquo;amusant avec les couleurs et le style pour faire de la beaut\u00e9 un jeu plein de possibilit\u00e9s et de cr\u00e9ativit\u00e9.<\/span><\/li>\n<\/ul>\n<\/div>\n<div class=\"product-image\">\n<div class=\"product-image-owl owl-carousel owl-theme owl-loaded owl-drag\">\n<div class=\"owl-stage-outer\">\n<div class=\"owl-stage\">\n<div class=\"owl-item active\"><\/div>\n<div class=\"owl-item\"><\/div>\n<div class=\"owl-item\"><\/div>\n<div class=\"owl-item\"><\/div>\n<div class=\"owl-item\"><\/div>\n<div class=\"owl-item\"><\/div>\n<div class=\"owl-item\"><\/div>\n<div class=\"owl-item\"><\/div>\n<\/div>\n<\/div>\n<div class=\"owl-nav\"><\/div>\n<div class=\"owl-dots\"><\/div>\n<\/div>\n<div class=\"additional-nav\">\n<div class=\"additional-nav-owl owl-carousel owl-theme owl-loaded owl-drag\">\n<div class=\"owl-stage-outer\">\n<div class=\"owl-stage\">\n<div class=\"owl-item active\"><\/div>\n<div class=\"owl-item active\"><\/div>\n<div class=\"owl-item active\"><\/div>\n<div class=\"owl-item active\"><\/div>\n<div class=\"owl-item active\"><\/div>\n<div class=\"owl-item\"><\/div>\n<div class=\"owl-item\"><\/div>\n<div class=\"owl-item\"><\/div>\n<\/div>\n<\/div>\n<\/div>\n<\/div>\n<\/div>","protected":false},"excerpt":{"rendered":"<p id=\"title\" class=\"a-size-large a-spacing-none\"><span id=\"productTitle\" class=\"a-size-large product-title-word-break\">BOURJOIS &#8211; Poudre Compacte Healthy Mix 02 Ivoire Dor\u00e9 &#8211; Effet Matifiant &#8211; Formule Clean &amp; Vegan &#8211; Pour Un Teint Eclatant &#8211; Vitamines C, E &amp; B5-24h D&rsquo;Hydratation &#8211; Miroir &amp; Eponge Int\u00e9gr\u00e9s<\/span><\/p>","protected":false},"featured_media":20816,"comment_status":"closed","ping_status":"closed","template":"","meta":[],"product_brand":[],"product_cat":[286,75,122,220,123],"product_tag":[125],"class_list":{"0":"post-6452","1":"product","2":"type-product","3":"status-publish","4":"has-post-thumbnail","6":"product_cat-bourjois","7":"product_cat-femme","8":"product_cat-make-up","9":"product_cat-poudre","10":"product_cat-teint","11":"product_tag-made-in-france","13":"first","14":"outofstock","15":"shipping-taxable","16":"purchasable","17":"product-type-simple"},"_links":{"self":[{"href":"https:\/\/cosmeticstoredz.com\/ar\/wp-json\/wp\/v2\/product\/6452","targetHints":{"allow":["GET"]}}],"collection":[{"href":"https:\/\/cosmeticstoredz.com\/ar\/wp-json\/wp\/v2\/product"}],"about":[{"href":"https:\/\/cosmeticstoredz.com\/ar\/wp-json\/wp\/v2\/types\/product"}],"replies":[{"embeddable":true,"href":"https:\/\/cosmeticstoredz.com\/ar\/wp-json\/wp\/v2\/comments?post=6452"}],"version-history":[{"count":1,"href":"https:\/\/cosmeticstoredz.com\/ar\/wp-json\/wp\/v2\/product\/6452\/revisions"}],"predecessor-version":[{"id":20818,"href":"https:\/\/cosmeticstoredz.com\/ar\/wp-json\/wp\/v2\/product\/6452\/revisions\/20818"}],"wp:featuredmedia":[{"embeddable":true,"href":"https:\/\/cosmeticstoredz.com\/ar\/wp-json\/wp\/v2\/media\/20816"}],"wp:attachment":[{"href":"https:\/\/cosmeticstoredz.com\/ar\/wp-json\/wp\/v2\/media?parent=6452"}],"wp:term":[{"taxonomy":"product_brand","embeddable":true,"href":"https:\/\/cosmeticstoredz.com\/ar\/wp-json\/wp\/v2\/product_brand?post=6452"},{"taxonomy":"product_cat","embeddable":true,"href":"https:\/\/cosmeticstoredz.com\/ar\/wp-json\/wp\/v2\/product_cat?post=6452"},{"taxonomy":"product_tag","embeddable":true,"href":"https:\/\/cosmeticstoredz.com\/ar\/wp-json\/wp\/v2\/product_tag?post=6452"}],"curies":[{"name":"wp","href":"https:\/\/api.w.org\/{rel}","templated":true}]}}