{"id":6442,"date":"2025-06-04T19:25:18","date_gmt":"2025-06-04T19:25:18","guid":{"rendered":"https:\/\/test.fitnessworldgym27.com\/?post_type=product&#038;p=6442"},"modified":"2026-02-16T17:02:59","modified_gmt":"2026-02-16T17:02:59","slug":"bourjois-blush-n42-fraicheur-rose","status":"publish","type":"product","link":"https:\/\/cosmeticstoredz.com\/ar\/product\/bourjois-blush-n42-fraicheur-rose\/","title":{"rendered":"BOURJOIS BLUSH N\u00b042 FRAICHEUR ROSE"},"content":{"rendered":"<h1 class=\"a-size-base-plus a-text-bold\"><\/h1>\n<ul class=\"a-unordered-list a-vertical a-spacing-mini\">\n<li class=\"a-spacing-mini\"><span class=\"a-list-item\">L&rsquo;ICONIQUE BLUSH BOURJOIS : Le Blush Bourjois est le produit phare de la marque depuis 1863 ! Ce blush en poudre au parfum si reconnaissable habille les pommettes pour un effet bonne mine assur\u00e9.<\/span><\/li>\n<li class=\"a-spacing-mini\"><span class=\"a-list-item\">LA TECHNOLOGIE FARD CUIT : La technologie \u00ab\u00a0fard cuit\u00a0\u00bb d\u00e9velopp\u00e9e par Bourjois rend la texture du blush extr\u00eamement fine et l\u00e9g\u00e8re. Ainsi, il se travaille et s&rsquo;estompe tr\u00e8s simplement pour une application particuli\u00e8rement agr\u00e9able.<\/span><\/li>\n<li class=\"a-spacing-mini\"><span class=\"a-list-item\">PARFUM GOURMAND : Le parfum des blushs Bourjois est particuli\u00e8rement reconnaissable et fait sa renomm\u00e9e. Sans conservateur, cette odeur si gourmande rendra votre routine makeup d&rsquo;autant plus plaisante !<\/span><\/li>\n<li class=\"a-spacing-mini\"><span class=\"a-list-item\">PRATIQUE \u00c0 EMPORTER PARTOUT : Cette petite bo\u00eete ronde est pratique et facile \u00e0 emporter partout pour des retouches sur le pouce. Son format compact, miroir et pinceau int\u00e9gr\u00e9s, se glisse dans un sac ou dans une poche facilement.<\/span><\/li>\n<li class=\"a-spacing-mini\"><span class=\"a-list-item\">BOURJOIS, L&rsquo;\u00c9L\u00c9GANCE PARISIENNE : Bourjois pr\u00f4ne l&rsquo;\u00e9l\u00e9gance et le chic \u00e0 la parisienne tout en s&rsquo;amusant avec les couleurs et le style pour faire de la beaut\u00e9 un jeu plein de possibilit\u00e9s et de cr\u00e9ativit\u00e9.<\/span><\/li>\n<\/ul>","protected":false},"excerpt":{"rendered":"<p>L&rsquo;ICONIQUE BLUSH BOURJOIS : Le Blush Bourjois est le produit phare de la marque depuis 1863 ! Ce blush en<\/p>","protected":false},"featured_media":20796,"comment_status":"open","ping_status":"closed","template":"","meta":[],"product_brand":[],"product_cat":[124,286,122,123],"product_tag":[125],"class_list":{"0":"post-6442","1":"product","2":"type-product","3":"status-publish","4":"has-post-thumbnail","6":"product_cat-blush","7":"product_cat-bourjois","8":"product_cat-make-up","9":"product_cat-teint","10":"product_tag-made-in-france","12":"first","13":"outofstock","14":"shipping-taxable","15":"purchasable","16":"product-type-simple"},"_links":{"self":[{"href":"https:\/\/cosmeticstoredz.com\/ar\/wp-json\/wp\/v2\/product\/6442","targetHints":{"allow":["GET"]}}],"collection":[{"href":"https:\/\/cosmeticstoredz.com\/ar\/wp-json\/wp\/v2\/product"}],"about":[{"href":"https:\/\/cosmeticstoredz.com\/ar\/wp-json\/wp\/v2\/types\/product"}],"replies":[{"embeddable":true,"href":"https:\/\/cosmeticstoredz.com\/ar\/wp-json\/wp\/v2\/comments?post=6442"}],"version-history":[{"count":1,"href":"https:\/\/cosmeticstoredz.com\/ar\/wp-json\/wp\/v2\/product\/6442\/revisions"}],"predecessor-version":[{"id":20797,"href":"https:\/\/cosmeticstoredz.com\/ar\/wp-json\/wp\/v2\/product\/6442\/revisions\/20797"}],"wp:featuredmedia":[{"embeddable":true,"href":"https:\/\/cosmeticstoredz.com\/ar\/wp-json\/wp\/v2\/media\/20796"}],"wp:attachment":[{"href":"https:\/\/cosmeticstoredz.com\/ar\/wp-json\/wp\/v2\/media?parent=6442"}],"wp:term":[{"taxonomy":"product_brand","embeddable":true,"href":"https:\/\/cosmeticstoredz.com\/ar\/wp-json\/wp\/v2\/product_brand?post=6442"},{"taxonomy":"product_cat","embeddable":true,"href":"https:\/\/cosmeticstoredz.com\/ar\/wp-json\/wp\/v2\/product_cat?post=6442"},{"taxonomy":"product_tag","embeddable":true,"href":"https:\/\/cosmeticstoredz.com\/ar\/wp-json\/wp\/v2\/product_tag?post=6442"}],"curies":[{"name":"wp","href":"https:\/\/api.w.org\/{rel}","templated":true}]}}