{"id":6408,"date":"2025-06-04T19:24:57","date_gmt":"2025-06-04T19:24:57","guid":{"rendered":"https:\/\/test.fitnessworldgym27.com\/?post_type=product&#038;p=6408"},"modified":"2026-03-30T19:24:42","modified_gmt":"2026-03-30T19:24:42","slug":"andrea-dotti-serum-new-chvx-secs-meches","status":"publish","type":"product","link":"https:\/\/cosmeticstoredz.com\/ar\/product\/andrea-dotti-serum-new-chvx-secs-meches\/","title":{"rendered":"ANDREA DOTTI SERUM NEW CHVX SECS &#038; MECHES"},"content":{"rendered":"<div class=\"callout-banner clearfix eluidd138a07d calloutbanner--light element-scheme--light\">\n<div class=\"row\">\n<div class=\"col-sm-10\">\n<h3 class=\"m_title m_title_ext text-custom callout-banner-title\">S\u00c9RUM ANDREA DOTTI NUTRITIF<\/h3>\n<p>C&rsquo;est un v\u00e9ritable cocktail d\u2019\u00e9l\u00e9ments nutritifs et fortifiants la gel\u00e9e royale poss\u00e8de d\u2019excellent vertus purifiantes et hydratantes.<br \/>\nC\u2019est donc un ingr\u00e9dient actif de choix pour prendre soin de vos cheveux secs ou dess\u00e9ch\u00e9s.<\/p>\n<\/div>\n<div class=\"col-sm-2\"><a class=\"circlehover with-symbol kl-main-bgcolor kl-main-bgcolor-before style2\" href=\"https:\/\/andreadotti.com\/liss-plus-multivitamines\/#\" target=\"_blank\" rel=\"noopener\" data-size=\"\" data-position=\"top-left\" data-align=\"right\"><span class=\"symbol circlehover-symbol u-trans-all-2s\"><img decoding=\"async\" class=\"circlehover-symbol-img\" title=\"\" src=\"https:\/\/sample-data.kallyas.net\/wp-content\/uploads\/2015\/08\/callout2.svg\" alt=\"\" \/><\/span><\/a><\/div>\n<\/div>\n<\/div>\n<div class=\"keywordbox eluidc6ed6ebf kwd--light element-scheme--light\">Sa formule concentr\u00e9e enrobe les pointes d\u2019une micro gaine invisible la fibre retrouve ainsi sa coh\u00e9sion et sa r\u00e9sistance, les cheveux sont brillants et ultra tonifi\u00e9s.<\/div>","protected":false},"excerpt":{"rendered":"<p>S\u00c9RUM ANDREA DOTTI NUTRITIF C&rsquo;est un v\u00e9ritable cocktail d\u2019\u00e9l\u00e9ments nutritifs et fortifiants la gel\u00e9e royale poss\u00e8de d\u2019excellent vertus purifiantes et<\/p>","protected":false},"featured_media":20782,"comment_status":"open","ping_status":"closed","template":"","meta":[],"product_brand":[],"product_cat":[114,75,116,95],"product_tag":[],"class_list":{"0":"post-6408","1":"product","2":"type-product","3":"status-publish","4":"has-post-thumbnail","6":"product_cat-andrea-dotti","7":"product_cat-femme","8":"product_cat-serum-fch","9":"product_cat-soin-cheveux-f","11":"first","12":"outofstock","13":"shipping-taxable","14":"purchasable","15":"product-type-simple"},"_links":{"self":[{"href":"https:\/\/cosmeticstoredz.com\/ar\/wp-json\/wp\/v2\/product\/6408","targetHints":{"allow":["GET"]}}],"collection":[{"href":"https:\/\/cosmeticstoredz.com\/ar\/wp-json\/wp\/v2\/product"}],"about":[{"href":"https:\/\/cosmeticstoredz.com\/ar\/wp-json\/wp\/v2\/types\/product"}],"replies":[{"embeddable":true,"href":"https:\/\/cosmeticstoredz.com\/ar\/wp-json\/wp\/v2\/comments?post=6408"}],"version-history":[{"count":1,"href":"https:\/\/cosmeticstoredz.com\/ar\/wp-json\/wp\/v2\/product\/6408\/revisions"}],"predecessor-version":[{"id":20783,"href":"https:\/\/cosmeticstoredz.com\/ar\/wp-json\/wp\/v2\/product\/6408\/revisions\/20783"}],"wp:featuredmedia":[{"embeddable":true,"href":"https:\/\/cosmeticstoredz.com\/ar\/wp-json\/wp\/v2\/media\/20782"}],"wp:attachment":[{"href":"https:\/\/cosmeticstoredz.com\/ar\/wp-json\/wp\/v2\/media?parent=6408"}],"wp:term":[{"taxonomy":"product_brand","embeddable":true,"href":"https:\/\/cosmeticstoredz.com\/ar\/wp-json\/wp\/v2\/product_brand?post=6408"},{"taxonomy":"product_cat","embeddable":true,"href":"https:\/\/cosmeticstoredz.com\/ar\/wp-json\/wp\/v2\/product_cat?post=6408"},{"taxonomy":"product_tag","embeddable":true,"href":"https:\/\/cosmeticstoredz.com\/ar\/wp-json\/wp\/v2\/product_tag?post=6408"}],"curies":[{"name":"wp","href":"https:\/\/api.w.org\/{rel}","templated":true}]}}