{"id":6404,"date":"2025-06-04T19:24:57","date_gmt":"2025-06-04T19:24:57","guid":{"rendered":"https:\/\/test.fitnessworldgym27.com\/?post_type=product&#038;p=6404"},"modified":"2026-03-30T19:25:54","modified_gmt":"2026-03-30T19:25:54","slug":"andrea-dotti-serum-argan","status":"publish","type":"product","link":"https:\/\/cosmeticstoredz.com\/ar\/product\/andrea-dotti-serum-argan\/","title":{"rendered":"ANDREA DOTTI SERUM ARGAN"},"content":{"rendered":"<div id=\"page_wrapper\">\n<div class=\"zn_pb_wrapper clearfix zn_sortable_content\" data-droplevel=\"0\">\n<section id=\"eluid45f30fc7\" class=\"zn_section eluid45f30fc7 section-sidemargins section--no\">\n<div class=\"zn_section_size container zn-section-height--auto zn-section-content_algn--top\">\n<div class=\"row\">\n<div id=\"eluid16ffdee5\" class=\"eluid16ffdee5 col-md-9 col-sm-9 znColumnElement\">\n<div class=\"znColumnElement-innerWrapper-eluid16ffdee5 znColumnElement-innerWrapper znColumnElement-innerWrapper--valign-top znColumnElement-innerWrapper--halign-left\">\n<div class=\"znColumnElement-innerContent\">\n<div class=\"callout-banner clearfix eluidf2c34093 calloutbanner--light element-scheme--light\">\n<div class=\"row\">\n<div class=\"col-sm-10\"><\/div>\n<\/div>\n<\/div>\n<div class=\"keywordbox eluid0c7d9057 kwd--light element-scheme--light\">L\u2019huile d\u2019argan agit sur l\u2019ensemble du syst\u00e8me capillaire qu\u2019elle nourrit, restaure et prot\u00e8ge gr\u00e2ce \u00e0 sa richesse en acides gras essentiels et vitamine E.<br \/>\nLe S\u00e9rum ANDREA DOTTI \u00e0 l\u2019huile d\u2019argan redonne force, volume et brillance \u00e0 la chevelure, convient \u00e0 tous types de cheveux en particulier les cheveux secs.<\/div>\n<\/div>\n<\/div>\n<\/div>\n<\/div>\n<\/div>\n<\/section>\n<section id=\"eluid9e8e344c\" class=\"zn_section eluid9e8e344c section-sidemargins section--no\">\n<div class=\"zn_section_size container zn-section-height--auto zn-section-content_algn--top\">\n<div class=\"row\">\n<div id=\"eluidd2a9cb79\" class=\"eluidd2a9cb79 col-md-3 col-sm-3 znColumnElement\">\n<div class=\"znColumnElement-innerWrapper-eluidd2a9cb79 znColumnElement-innerWrapper znColumnElement-innerWrapper--valign-top znColumnElement-innerWrapper--halign-left\">\n<div class=\"znColumnElement-innerContent\">\n<div class=\"image-boxes image-boxes--1 eluid0801d5ba imgboxes_style1\">\n<div class=\"image-boxes-holder imgboxes-wrapper u-mb-0\">\n<div class=\"image-boxes-img-wrapper\"><\/div>\n<\/div>\n<\/div>\n<\/div>\n<\/div>\n<\/div>\n<div id=\"eluid777ae791\" class=\"eluid777ae791 col-md-3 col-sm-3 znColumnElement\">\n<div class=\"znColumnElement-innerWrapper-eluid777ae791 znColumnElement-innerWrapper znColumnElement-innerWrapper--valign-top znColumnElement-innerWrapper--halign-left\">\n<div class=\"znColumnElement-innerContent\"><\/div>\n<\/div>\n<\/div>\n<\/div>\n<\/div>\n<\/section>\n<\/div>\n<footer id=\"footer\" class=\"site-footer\" role=\"contentinfo\">\n<div class=\"container\">\n<div class=\"row\">\n<div class=\"col-sm-12\">\n<div class=\"bottom site-footer-bottom clearfix\">\n<div class=\"copyright footer-copyright\">\n<p class=\"footer-copyright-text\">\n<\/div>\n<\/div>\n<\/div>\n<\/div>\n<\/div>\n<\/footer>\n<\/div>","protected":false},"excerpt":{"rendered":"<p>L\u2019huile d\u2019argan agit sur l\u2019ensemble du syst\u00e8me capillaire qu\u2019elle nourrit, restaure et prot\u00e8ge gr\u00e2ce \u00e0 sa richesse en acides gras<\/p>","protected":false},"featured_media":20774,"comment_status":"open","ping_status":"closed","template":"","meta":[],"product_brand":[],"product_cat":[114,75,116,95],"product_tag":[90],"class_list":{"0":"post-6404","1":"product","2":"type-product","3":"status-publish","4":"has-post-thumbnail","6":"product_cat-andrea-dotti","7":"product_cat-femme","8":"product_cat-serum-fch","9":"product_cat-soin-cheveux-f","10":"product_tag-made-in-algeria","12":"first","13":"outofstock","14":"shipping-taxable","15":"purchasable","16":"product-type-simple"},"_links":{"self":[{"href":"https:\/\/cosmeticstoredz.com\/ar\/wp-json\/wp\/v2\/product\/6404","targetHints":{"allow":["GET"]}}],"collection":[{"href":"https:\/\/cosmeticstoredz.com\/ar\/wp-json\/wp\/v2\/product"}],"about":[{"href":"https:\/\/cosmeticstoredz.com\/ar\/wp-json\/wp\/v2\/types\/product"}],"replies":[{"embeddable":true,"href":"https:\/\/cosmeticstoredz.com\/ar\/wp-json\/wp\/v2\/comments?post=6404"}],"version-history":[{"count":1,"href":"https:\/\/cosmeticstoredz.com\/ar\/wp-json\/wp\/v2\/product\/6404\/revisions"}],"predecessor-version":[{"id":20775,"href":"https:\/\/cosmeticstoredz.com\/ar\/wp-json\/wp\/v2\/product\/6404\/revisions\/20775"}],"wp:featuredmedia":[{"embeddable":true,"href":"https:\/\/cosmeticstoredz.com\/ar\/wp-json\/wp\/v2\/media\/20774"}],"wp:attachment":[{"href":"https:\/\/cosmeticstoredz.com\/ar\/wp-json\/wp\/v2\/media?parent=6404"}],"wp:term":[{"taxonomy":"product_brand","embeddable":true,"href":"https:\/\/cosmeticstoredz.com\/ar\/wp-json\/wp\/v2\/product_brand?post=6404"},{"taxonomy":"product_cat","embeddable":true,"href":"https:\/\/cosmeticstoredz.com\/ar\/wp-json\/wp\/v2\/product_cat?post=6404"},{"taxonomy":"product_tag","embeddable":true,"href":"https:\/\/cosmeticstoredz.com\/ar\/wp-json\/wp\/v2\/product_tag?post=6404"}],"curies":[{"name":"wp","href":"https:\/\/api.w.org\/{rel}","templated":true}]}}