{"id":6399,"date":"2025-06-04T19:24:57","date_gmt":"2025-06-04T19:24:57","guid":{"rendered":"https:\/\/test.fitnessworldgym27.com\/?post_type=product&#038;p=6399"},"modified":"2026-03-30T19:24:41","modified_gmt":"2026-03-30T19:24:41","slug":"andrea-dotti-l-huile-110ml-10-huiles-naturelle","status":"publish","type":"product","link":"https:\/\/cosmeticstoredz.com\/ar\/product\/andrea-dotti-l-huile-110ml-10-huiles-naturelle\/","title":{"rendered":"ANDREA DOTTI L HUILE 110ML 10 HUILES NATURELLE"},"content":{"rendered":"<p class=\"tbk__title\">10 Huiles capillaires<br \/>\nANDREA DOTTI<\/p>\n<p class=\"tbk__subtitle\">\u2022 HYDRATE<br \/>\n\u2022 PROT\u00c8GE<br \/>\n\u2022 REVITALISE<\/p>\n<div class=\"tbk__text\">\n<p>Redonnez toute la vitalit\u00e9 \u00e0 vos cheveux avec le cocktail ultra nourrissant des 10 Huiles capillaires ANDREA DOTTI\u00a0; riche en vitamines A, B, D, E et K et acides gras essentiels,rapidement absorb\u00e9gr\u00e2ce \u00e0 sa formule l\u00e9g\u00e8re, il renforcela fibre capillaire et redonne souplesse, brillance et plus de volume \u00e0 vos cheveux secs et ternes.<\/p>\n<\/div>","protected":false},"excerpt":{"rendered":"<p>10 Huiles capillaires ANDREA DOTTI \u2022 HYDRATE \u2022 PROT\u00c8GE \u2022 REVITALISE Redonnez toute la vitalit\u00e9 \u00e0 vos cheveux avec le<\/p>","protected":false},"featured_media":20764,"comment_status":"open","ping_status":"closed","template":"","meta":[],"product_brand":[],"product_cat":[114,75,96,95],"product_tag":[90],"class_list":{"0":"post-6399","1":"product","2":"type-product","3":"status-publish","4":"has-post-thumbnail","6":"product_cat-andrea-dotti","7":"product_cat-femme","8":"product_cat-huile","9":"product_cat-soin-cheveux-f","10":"product_tag-made-in-algeria","12":"first","13":"outofstock","14":"shipping-taxable","15":"purchasable","16":"product-type-simple"},"_links":{"self":[{"href":"https:\/\/cosmeticstoredz.com\/ar\/wp-json\/wp\/v2\/product\/6399","targetHints":{"allow":["GET"]}}],"collection":[{"href":"https:\/\/cosmeticstoredz.com\/ar\/wp-json\/wp\/v2\/product"}],"about":[{"href":"https:\/\/cosmeticstoredz.com\/ar\/wp-json\/wp\/v2\/types\/product"}],"replies":[{"embeddable":true,"href":"https:\/\/cosmeticstoredz.com\/ar\/wp-json\/wp\/v2\/comments?post=6399"}],"version-history":[{"count":1,"href":"https:\/\/cosmeticstoredz.com\/ar\/wp-json\/wp\/v2\/product\/6399\/revisions"}],"predecessor-version":[{"id":20765,"href":"https:\/\/cosmeticstoredz.com\/ar\/wp-json\/wp\/v2\/product\/6399\/revisions\/20765"}],"wp:featuredmedia":[{"embeddable":true,"href":"https:\/\/cosmeticstoredz.com\/ar\/wp-json\/wp\/v2\/media\/20764"}],"wp:attachment":[{"href":"https:\/\/cosmeticstoredz.com\/ar\/wp-json\/wp\/v2\/media?parent=6399"}],"wp:term":[{"taxonomy":"product_brand","embeddable":true,"href":"https:\/\/cosmeticstoredz.com\/ar\/wp-json\/wp\/v2\/product_brand?post=6399"},{"taxonomy":"product_cat","embeddable":true,"href":"https:\/\/cosmeticstoredz.com\/ar\/wp-json\/wp\/v2\/product_cat?post=6399"},{"taxonomy":"product_tag","embeddable":true,"href":"https:\/\/cosmeticstoredz.com\/ar\/wp-json\/wp\/v2\/product_tag?post=6399"}],"curies":[{"name":"wp","href":"https:\/\/api.w.org\/{rel}","templated":true}]}}