{"id":6393,"date":"2025-06-04T19:24:57","date_gmt":"2025-06-04T19:24:57","guid":{"rendered":"https:\/\/test.fitnessworldgym27.com\/?post_type=product&#038;p=6393"},"modified":"2026-03-30T19:25:59","modified_gmt":"2026-03-30T19:25:59","slug":"beauty-of-joseon-revive-eye-serum-ginseng-retinol","status":"publish","type":"product","link":"https:\/\/cosmeticstoredz.com\/ar\/product\/beauty-of-joseon-revive-eye-serum-ginseng-retinol\/","title":{"rendered":"BEAUTY OF JOSEON REVIVE EYE SERUM GINSENG + RETINOL"},"content":{"rendered":"<ul>\n<li>Enrichi de 10 % d&rsquo;extrait de racine de ginseng et de 2 % de liposomes r\u00e9tiniens, pour r\u00e9duire les rides de la zone d\u00e9licate du contour des yeux.<\/li>\n<li>Le Ginseng, riche en saponines, hydrate la peau intens\u00e9ment et en profondeur, pour une peau totalement hydrat\u00e9e toute la journ\u00e9e !<\/li>\n<li>Son r\u00e9tinien (vitamine A) favorise l&rsquo;absorption rapide des principes actifs, pour am\u00e9liorer efficacement l&rsquo;\u00e9lasticit\u00e9 de la peau.<\/li>\n<li>Sa texture nourrissante s&rsquo;applique sans effort, laissant un fini ultra-lisse et non collant.<\/li>\n<li>Utilisations\u00a0:<\/li>\n<li>Appliquez une quantit\u00e9 appropri\u00e9e de produit sur le contour des yeux en tapotant doucement du bout des doigts pour une meilleure absorption<\/li>\n<\/ul>","protected":false},"excerpt":{"rendered":"<div class=\"card aim -mtm\">\n<div class=\"markup -mhm -pvl -oxa -sc\">Am\u00e9liorez les rides autour de la zone d\u00e9licate des yeux avec ce s\u00e9rum nourrissant pour les yeux. Formul\u00e9 avec du liposome de r\u00e9tinol pour am\u00e9liorer l&rsquo;\u00e9lasticit\u00e9 de la peau et de l&rsquo;extrait de racine de ginseng pour am\u00e9liorer l&rsquo;hydratation. La formule non collante glisse doucement et p\u00e9n\u00e8tre rapidement dans la peau.<\/div>\n<\/div>\n<section class=\"card aim -mtm -fs16\">\n<div id=\"specifications\" class=\"hook\"><\/div>\n<header class=\"-pvs -bb\"><\/header>\n<\/section>","protected":false},"featured_media":20750,"comment_status":"closed","ping_status":"closed","template":"","meta":[],"product_brand":[],"product_cat":[75,77,76],"product_tag":[],"class_list":{"0":"post-6393","1":"product","2":"type-product","3":"status-publish","4":"has-post-thumbnail","6":"product_cat-femme","7":"product_cat-serum-fv","8":"product_cat-soin-visage-f","10":"first","11":"instock","12":"shipping-taxable","13":"purchasable","14":"product-type-simple"},"_links":{"self":[{"href":"https:\/\/cosmeticstoredz.com\/ar\/wp-json\/wp\/v2\/product\/6393","targetHints":{"allow":["GET"]}}],"collection":[{"href":"https:\/\/cosmeticstoredz.com\/ar\/wp-json\/wp\/v2\/product"}],"about":[{"href":"https:\/\/cosmeticstoredz.com\/ar\/wp-json\/wp\/v2\/types\/product"}],"replies":[{"embeddable":true,"href":"https:\/\/cosmeticstoredz.com\/ar\/wp-json\/wp\/v2\/comments?post=6393"}],"version-history":[{"count":1,"href":"https:\/\/cosmeticstoredz.com\/ar\/wp-json\/wp\/v2\/product\/6393\/revisions"}],"predecessor-version":[{"id":20752,"href":"https:\/\/cosmeticstoredz.com\/ar\/wp-json\/wp\/v2\/product\/6393\/revisions\/20752"}],"wp:featuredmedia":[{"embeddable":true,"href":"https:\/\/cosmeticstoredz.com\/ar\/wp-json\/wp\/v2\/media\/20750"}],"wp:attachment":[{"href":"https:\/\/cosmeticstoredz.com\/ar\/wp-json\/wp\/v2\/media?parent=6393"}],"wp:term":[{"taxonomy":"product_brand","embeddable":true,"href":"https:\/\/cosmeticstoredz.com\/ar\/wp-json\/wp\/v2\/product_brand?post=6393"},{"taxonomy":"product_cat","embeddable":true,"href":"https:\/\/cosmeticstoredz.com\/ar\/wp-json\/wp\/v2\/product_cat?post=6393"},{"taxonomy":"product_tag","embeddable":true,"href":"https:\/\/cosmeticstoredz.com\/ar\/wp-json\/wp\/v2\/product_tag?post=6393"}],"curies":[{"name":"wp","href":"https:\/\/api.w.org\/{rel}","templated":true}]}}