{"id":6381,"date":"2025-06-04T19:24:56","date_gmt":"2025-06-04T19:24:56","guid":{"rendered":"https:\/\/test.fitnessworldgym27.com\/?post_type=product&#038;p=6381"},"modified":"2026-03-30T19:24:02","modified_gmt":"2026-03-30T19:24:02","slug":"centella-probio-cica-enrich-cream","status":"publish","type":"product","link":"https:\/\/cosmeticstoredz.com\/ar\/product\/centella-probio-cica-enrich-cream\/","title":{"rendered":"CENTELLA PROBIO CICA ENRICH CREAM"},"content":{"rendered":"","protected":false},"excerpt":{"rendered":"<p>La Madagascar Centella Probio-Cica Enrich Cream SKIN1004 est un concentr\u00e9 d&rsquo;effets calmants qui exploite la puissance de la Centella Asiatica malgache ferment\u00e9e, de la Probio-cica et du TECA dans sa formule avanc\u00e9e.<\/p>","protected":false},"featured_media":20720,"comment_status":"closed","ping_status":"closed","template":"","meta":[],"product_brand":[456],"product_cat":[129,75,76],"product_tag":[],"class_list":{"0":"post-6381","1":"product","2":"type-product","3":"status-publish","4":"has-post-thumbnail","6":"product_brand-centella","7":"product_cat-creme-hydratante-fv","8":"product_cat-femme","9":"product_cat-soin-visage-f","11":"first","12":"instock","13":"sale","14":"shipping-taxable","15":"purchasable","16":"product-type-simple"},"_links":{"self":[{"href":"https:\/\/cosmeticstoredz.com\/ar\/wp-json\/wp\/v2\/product\/6381","targetHints":{"allow":["GET"]}}],"collection":[{"href":"https:\/\/cosmeticstoredz.com\/ar\/wp-json\/wp\/v2\/product"}],"about":[{"href":"https:\/\/cosmeticstoredz.com\/ar\/wp-json\/wp\/v2\/types\/product"}],"replies":[{"embeddable":true,"href":"https:\/\/cosmeticstoredz.com\/ar\/wp-json\/wp\/v2\/comments?post=6381"}],"version-history":[{"count":2,"href":"https:\/\/cosmeticstoredz.com\/ar\/wp-json\/wp\/v2\/product\/6381\/revisions"}],"predecessor-version":[{"id":25254,"href":"https:\/\/cosmeticstoredz.com\/ar\/wp-json\/wp\/v2\/product\/6381\/revisions\/25254"}],"wp:featuredmedia":[{"embeddable":true,"href":"https:\/\/cosmeticstoredz.com\/ar\/wp-json\/wp\/v2\/media\/20720"}],"wp:attachment":[{"href":"https:\/\/cosmeticstoredz.com\/ar\/wp-json\/wp\/v2\/media?parent=6381"}],"wp:term":[{"taxonomy":"product_brand","embeddable":true,"href":"https:\/\/cosmeticstoredz.com\/ar\/wp-json\/wp\/v2\/product_brand?post=6381"},{"taxonomy":"product_cat","embeddable":true,"href":"https:\/\/cosmeticstoredz.com\/ar\/wp-json\/wp\/v2\/product_cat?post=6381"},{"taxonomy":"product_tag","embeddable":true,"href":"https:\/\/cosmeticstoredz.com\/ar\/wp-json\/wp\/v2\/product_tag?post=6381"}],"curies":[{"name":"wp","href":"https:\/\/api.w.org\/{rel}","templated":true}]}}