{"id":6351,"date":"2025-06-04T19:24:34","date_gmt":"2025-06-04T19:24:34","guid":{"rendered":"https:\/\/test.fitnessworldgym27.com\/?post_type=product&#038;p=6351"},"modified":"2026-03-30T19:24:02","modified_gmt":"2026-03-30T19:24:02","slug":"centella-tea-trica-relief-ampoule-100ml","status":"publish","type":"product","link":"https:\/\/cosmeticstoredz.com\/ar\/product\/centella-tea-trica-relief-ampoule-100ml\/","title":{"rendered":"CENTELLA TEA TRICA RELIEF AMPOULE 100ML"},"content":{"rendered":"<p>Souffrez-vous d\u2019inflammation, d\u2019irritation ou de rougeur de la peau ? Le s\u00e9rum apaisant visage pour peaux \u00e0 probl\u00e8mes, acn\u00e9 SKIN1004 Madagascar Centella Tea-Trica Relief Ampoule est l\u2019alli\u00e9 id\u00e9al pour vous soulager instantan\u00e9ment. Il suffit d\u2019une toute petite quantit\u00e9 et vous vous sentirez apais\u00e9e et rafra\u00eechie. La combinaison du pouvoir du complexe de pin forestier et du CICA est un excellent choix.<\/p>\n<p><strong>Caract\u00e9ristiques :<\/strong><\/p>\n<ul>\n<li>offre une soulagement et apaisement instantan\u00e9e pour votre peau<\/li>\n<li>agit contre les inflammations sur votre peau<\/li>\n<li>maintient les zones irrit\u00e9es de votre peau bien hydrat\u00e9es<\/li>\n<li>produit non-com\u00e9dog\u00e8ne<\/li>\n<\/ul>\n<p><strong>Ingr\u00e9dients :<\/strong><\/p>\n<ul>\n<li>extrait de Centella Asiatica \u2013 propri\u00e9t\u00e9s apaisantes immenses<\/li>\n<li>complexe de pins forestier (m\u00e9lange de l\u2019eau de cypr\u00e8s, des feuilles de pin et de l\u2019eau et des feuilles de tea tree) \u2013 propri\u00e9t\u00e9s cicatrisantes et anti-inflammatoires<\/li>\n<\/ul>\n<p><strong>Application :<\/strong><br \/>\nAppliquer 1 \u00e0 2 gouttes de s\u00e9rum directement sur les zones affect\u00e9es ou enflamm\u00e9es et faire p\u00e9n\u00e9trer en douceur.<\/p>\n<p><strong>L\u2019astuce de Notino :<\/strong><br \/>\nPour une efficacit\u00e9 optimale, combinez avec la lotion tonique nettoyante en profondeur pour lisser la peau et r\u00e9duire les pores SKIN1004 Madagascar Centella Tea-Trica Purifying Toner et la mousse nettoyante en profondeur pour peaux \u00e0 probl\u00e8mes, acn\u00e9 SKIN1004 Madagascar Cetella Tea-Trica BHA Foam.<\/p>","protected":false},"excerpt":{"rendered":"<p>Souffrez-vous d\u2019inflammation, d\u2019irritation ou de rougeur de la peau ? Le s\u00e9rum apaisant visage pour peaux \u00e0 probl\u00e8mes, acn\u00e9 SKIN1004 Madagascar Centella Tea-Trica Relief Ampoule est l\u2019alli\u00e9 id\u00e9al pour vous soulager instantan\u00e9ment. Il suffit d\u2019une toute petite quantit\u00e9 et vous vous sentirez apais\u00e9e et rafra\u00eechie. La combinaison du pouvoir du complexe de pin forestier et du CICA est un excellent choix.<\/p>","protected":false},"featured_media":20717,"comment_status":"closed","ping_status":"closed","template":"","meta":[],"product_brand":[456],"product_cat":[75,77,76],"product_tag":[],"class_list":{"0":"post-6351","1":"product","2":"type-product","3":"status-publish","4":"has-post-thumbnail","6":"product_brand-centella","7":"product_cat-femme","8":"product_cat-serum-fv","9":"product_cat-soin-visage-f","11":"first","12":"instock","13":"sale","14":"shipping-taxable","15":"purchasable","16":"product-type-simple"},"_links":{"self":[{"href":"https:\/\/cosmeticstoredz.com\/ar\/wp-json\/wp\/v2\/product\/6351","targetHints":{"allow":["GET"]}}],"collection":[{"href":"https:\/\/cosmeticstoredz.com\/ar\/wp-json\/wp\/v2\/product"}],"about":[{"href":"https:\/\/cosmeticstoredz.com\/ar\/wp-json\/wp\/v2\/types\/product"}],"replies":[{"embeddable":true,"href":"https:\/\/cosmeticstoredz.com\/ar\/wp-json\/wp\/v2\/comments?post=6351"}],"version-history":[{"count":1,"href":"https:\/\/cosmeticstoredz.com\/ar\/wp-json\/wp\/v2\/product\/6351\/revisions"}],"predecessor-version":[{"id":20719,"href":"https:\/\/cosmeticstoredz.com\/ar\/wp-json\/wp\/v2\/product\/6351\/revisions\/20719"}],"wp:featuredmedia":[{"embeddable":true,"href":"https:\/\/cosmeticstoredz.com\/ar\/wp-json\/wp\/v2\/media\/20717"}],"wp:attachment":[{"href":"https:\/\/cosmeticstoredz.com\/ar\/wp-json\/wp\/v2\/media?parent=6351"}],"wp:term":[{"taxonomy":"product_brand","embeddable":true,"href":"https:\/\/cosmeticstoredz.com\/ar\/wp-json\/wp\/v2\/product_brand?post=6351"},{"taxonomy":"product_cat","embeddable":true,"href":"https:\/\/cosmeticstoredz.com\/ar\/wp-json\/wp\/v2\/product_cat?post=6351"},{"taxonomy":"product_tag","embeddable":true,"href":"https:\/\/cosmeticstoredz.com\/ar\/wp-json\/wp\/v2\/product_tag?post=6351"}],"curies":[{"name":"wp","href":"https:\/\/api.w.org\/{rel}","templated":true}]}}