{"id":6343,"date":"2025-06-04T19:24:34","date_gmt":"2025-06-04T19:24:34","guid":{"rendered":"https:\/\/test.fitnessworldgym27.com\/?post_type=product&#038;p=6343"},"modified":"2026-03-30T19:24:02","modified_gmt":"2026-03-30T19:24:02","slug":"centella-ampoule-calming-and-hydrating-100ml","status":"publish","type":"product","link":"https:\/\/cosmeticstoredz.com\/ar\/product\/centella-ampoule-calming-and-hydrating-100ml\/","title":{"rendered":"CENTELLA AMPOULE CALMING AND HYDRATING 100ML"},"content":{"rendered":"","protected":false},"excerpt":{"rendered":"<p>La Madagascar Centella Ampoule SKIN1004 est un produit polyvalent qui aide \u00e0 la reconstitution, \u00e0 l&rsquo;apaisement, \u00e0 l&rsquo;adoucissement et au rajeunissement de la peau.<\/p>\n<p>Utilisant 100 % d&rsquo;extraits de haute qualit\u00e9 de Centella Asiatica r\u00e9colt\u00e9 \u00e0 Madagascar, ce s\u00e9rum offre une hydratation intense et r\u00e9\u00e9quilibre la production de s\u00e9bum, r\u00e9duisant l&rsquo;acn\u00e9, les plaques s\u00e8ches, l&rsquo;irritation de la peau et pr\u00e9vient les signes de vieillissement. Sa formulation innovante et la forte concentration en extraits purs permettent une hydratation en profondeur, laissant la peau souple tout au long de la journ\u00e9e.<\/p>","protected":false},"featured_media":20696,"comment_status":"closed","ping_status":"closed","template":"","meta":[],"product_brand":[456],"product_cat":[75,77,76],"product_tag":[],"class_list":{"0":"post-6343","1":"product","2":"type-product","3":"status-publish","4":"has-post-thumbnail","6":"product_brand-centella","7":"product_cat-femme","8":"product_cat-serum-fv","9":"product_cat-soin-visage-f","11":"first","12":"instock","13":"sale","14":"shipping-taxable","15":"purchasable","16":"product-type-simple"},"_links":{"self":[{"href":"https:\/\/cosmeticstoredz.com\/ar\/wp-json\/wp\/v2\/product\/6343","targetHints":{"allow":["GET"]}}],"collection":[{"href":"https:\/\/cosmeticstoredz.com\/ar\/wp-json\/wp\/v2\/product"}],"about":[{"href":"https:\/\/cosmeticstoredz.com\/ar\/wp-json\/wp\/v2\/types\/product"}],"replies":[{"embeddable":true,"href":"https:\/\/cosmeticstoredz.com\/ar\/wp-json\/wp\/v2\/comments?post=6343"}],"version-history":[{"count":1,"href":"https:\/\/cosmeticstoredz.com\/ar\/wp-json\/wp\/v2\/product\/6343\/revisions"}],"predecessor-version":[{"id":20698,"href":"https:\/\/cosmeticstoredz.com\/ar\/wp-json\/wp\/v2\/product\/6343\/revisions\/20698"}],"wp:featuredmedia":[{"embeddable":true,"href":"https:\/\/cosmeticstoredz.com\/ar\/wp-json\/wp\/v2\/media\/20696"}],"wp:attachment":[{"href":"https:\/\/cosmeticstoredz.com\/ar\/wp-json\/wp\/v2\/media?parent=6343"}],"wp:term":[{"taxonomy":"product_brand","embeddable":true,"href":"https:\/\/cosmeticstoredz.com\/ar\/wp-json\/wp\/v2\/product_brand?post=6343"},{"taxonomy":"product_cat","embeddable":true,"href":"https:\/\/cosmeticstoredz.com\/ar\/wp-json\/wp\/v2\/product_cat?post=6343"},{"taxonomy":"product_tag","embeddable":true,"href":"https:\/\/cosmeticstoredz.com\/ar\/wp-json\/wp\/v2\/product_tag?post=6343"}],"curies":[{"name":"wp","href":"https:\/\/api.w.org\/{rel}","templated":true}]}}