{"id":6340,"date":"2025-06-04T19:24:34","date_gmt":"2025-06-04T19:24:34","guid":{"rendered":"https:\/\/test.fitnessworldgym27.com\/?post_type=product&#038;p=6340"},"modified":"2026-04-18T19:25:29","modified_gmt":"2026-04-18T19:25:29","slug":"cosrx-aloe-soothing-sun-cream-50-spf","status":"publish","type":"product","link":"https:\/\/cosmeticstoredz.com\/ar\/product\/cosrx-aloe-soothing-sun-cream-50-spf\/","title":{"rendered":"COSRX ALOE SOOTHING SUN CREAM 50+ spf"},"content":{"rendered":"","protected":false},"excerpt":{"rendered":"<ul class=\"a-unordered-list a-vertical a-spacing-mini\">\n<li class=\"a-spacing-mini\"><span class=\"a-list-item\">Form\u00e9 avec l&rsquo;extrait de feuille d&rsquo;aloe arborescens, ce bloc solaire l\u00e9ger et apaisant ne laisse pas de fonte blanche, fonctionne bien sous le maquillage.<\/span><\/li>\n<li class=\"a-spacing-mini\"><span class=\"a-list-item\">Con\u00e7ue pour voyager, vous pouvez porter confortablement la cr\u00e8me solaire soothing COSRX \u00e0 l&rsquo;aloe vera partout et couche de protection solaire \u00e0 tout moment.<\/span><\/li>\n<li class=\"a-spacing-mini\"><span class=\"a-list-item\">L&rsquo;eau de feuille d&rsquo;aloe et l&rsquo;extrait de feuille d&rsquo;aloe arborescens aident \u00e0 refroidir la chaleur de la peau et \u00e0 prot\u00e9ger la barri\u00e8re cutan\u00e9e contre les irritations.<\/span><\/li>\n<li class=\"a-spacing-mini\"><span class=\"a-list-item\">Appliquez le produit de protection solaire avant de prendre un bain de soleil. R\u00e9p\u00e9tez l&rsquo;op\u00e9ration fr\u00e9quemment pour maintenir la protection, surtout apr\u00e8s avoir transpir\u00e9, nag\u00e9 ou s\u00e9ch\u00e9.<\/span><\/li>\n<li class=\"a-spacing-mini\"><span class=\"a-list-item\">COSRX Normes : tous les produits COSRX sont formul\u00e9s avec des ingr\u00e9dients doux pour la peau qui apaisent les peaux irrit\u00e9es. Hypoallerg\u00e9nique, test\u00e9 dermatologiquement, sans cruaut\u00e9 envers les animaux, sans paraben, sans sulfates, sans phtalates.<\/span><\/li>\n<\/ul>","protected":false},"featured_media":20688,"comment_status":"closed","ping_status":"closed","template":"","meta":[],"product_brand":[],"product_cat":[75,76,131],"product_tag":[],"class_list":{"0":"post-6340","1":"product","2":"type-product","3":"status-publish","4":"has-post-thumbnail","6":"product_cat-femme","7":"product_cat-soin-visage-f","8":"product_cat-solaire","10":"first","11":"outofstock","12":"shipping-taxable","13":"purchasable","14":"product-type-simple"},"yoast_head":"<!-- This site is optimized with the Yoast SEO plugin v27.3 - https:\/\/yoast.com\/product\/yoast-seo-wordpress\/ -->\n<title>COSRX ALOE SOOTHING SUN CREAM 50+ spf - Cosmetic Store<\/title>\n<meta name=\"robots\" content=\"index, follow, max-snippet:-1, max-image-preview:large, max-video-preview:-1\" \/>\n<link rel=\"canonical\" href=\"https:\/\/cosmeticstoredz.com\/ar\/product\/cosrx-aloe-soothing-sun-cream-50-spf\/\" \/>\n<meta property=\"og:locale\" content=\"ar_AR\" \/>\n<meta property=\"og:type\" content=\"article\" \/>\n<meta property=\"og:title\" content=\"COSRX ALOE SOOTHING SUN CREAM 50+ spf - Cosmetic Store\" \/>\n<meta property=\"og:description\" content=\"Form\u00e9 avec l&#039;extrait de feuille d&#039;aloe arborescens, ce bloc solaire l\u00e9ger et apaisant ne laisse pas de fonte blanche, fonctionne bien sous le maquillage.  Con\u00e7ue pour voyager, vous pouvez porter confortablement la cr\u00e8me solaire soothing COSRX \u00e0 l&#039;aloe vera partout et couche de protection solaire \u00e0 tout moment.  L&#039;eau de feuille d&#039;aloe et l&#039;extrait de feuille d&#039;aloe arborescens aident \u00e0 refroidir la chaleur de la peau et \u00e0 prot\u00e9ger la barri\u00e8re cutan\u00e9e contre les irritations.  Appliquez le produit de protection solaire avant de prendre un bain de soleil. R\u00e9p\u00e9tez l&#039;op\u00e9ration fr\u00e9quemment pour maintenir la protection, surtout apr\u00e8s avoir transpir\u00e9, nag\u00e9 ou s\u00e9ch\u00e9.  COSRX Normes : tous les produits COSRX sont formul\u00e9s avec des ingr\u00e9dients doux pour la peau qui apaisent les peaux irrit\u00e9es. Hypoallerg\u00e9nique, test\u00e9 dermatologiquement, sans cruaut\u00e9 envers les animaux, sans paraben, sans sulfates, sans phtalates.\" \/>\n<meta property=\"og:url\" content=\"https:\/\/cosmeticstoredz.com\/ar\/product\/cosrx-aloe-soothing-sun-cream-50-spf\/\" \/>\n<meta property=\"og:site_name\" content=\"Cosmetic Store\" \/>\n<meta property=\"article:publisher\" content=\"https:\/\/www.facebook.com\/profile.php?id=61564954260683\" \/>\n<meta property=\"article:modified_time\" content=\"2026-04-18T19:25:29+00:00\" \/>\n<meta property=\"og:image\" content=\"https:\/\/cosmeticstoredz.com\/wp-content\/uploads\/2026\/02\/CC-678.png\" \/>\n\t<meta property=\"og:image:width\" content=\"1563\" \/>\n\t<meta property=\"og:image:height\" content=\"1563\" \/>\n\t<meta property=\"og:image:type\" content=\"image\/png\" \/>\n<meta name=\"twitter:card\" content=\"summary_large_image\" \/>\n<script type=\"application\/ld+json\" class=\"yoast-schema-graph\">{\"@context\":\"https:\\\/\\\/schema.org\",\"@graph\":[{\"@type\":\"WebPage\",\"@id\":\"https:\\\/\\\/cosmeticstoredz.com\\\/produit\\\/cosrx-aloe-soothing-sun-cream-50-spf\\\/\",\"url\":\"https:\\\/\\\/cosmeticstoredz.com\\\/produit\\\/cosrx-aloe-soothing-sun-cream-50-spf\\\/\",\"name\":\"COSRX ALOE SOOTHING SUN CREAM 50+ spf - Cosmetic Store\",\"isPartOf\":{\"@id\":\"https:\\\/\\\/cosmeticstoredz.com\\\/#website\"},\"primaryImageOfPage\":{\"@id\":\"https:\\\/\\\/cosmeticstoredz.com\\\/produit\\\/cosrx-aloe-soothing-sun-cream-50-spf\\\/#primaryimage\"},\"image\":{\"@id\":\"https:\\\/\\\/cosmeticstoredz.com\\\/produit\\\/cosrx-aloe-soothing-sun-cream-50-spf\\\/#primaryimage\"},\"thumbnailUrl\":\"https:\\\/\\\/cosmeticstoredz.com\\\/wp-content\\\/uploads\\\/2026\\\/02\\\/CC-678.png\",\"datePublished\":\"2025-06-04T19:24:34+00:00\",\"dateModified\":\"2026-04-18T19:25:29+00:00\",\"breadcrumb\":{\"@id\":\"https:\\\/\\\/cosmeticstoredz.com\\\/produit\\\/cosrx-aloe-soothing-sun-cream-50-spf\\\/#breadcrumb\"},\"inLanguage\":\"ar\",\"potentialAction\":[{\"@type\":\"ReadAction\",\"target\":[\"https:\\\/\\\/cosmeticstoredz.com\\\/produit\\\/cosrx-aloe-soothing-sun-cream-50-spf\\\/\"]}]},{\"@type\":\"ImageObject\",\"inLanguage\":\"ar\",\"@id\":\"https:\\\/\\\/cosmeticstoredz.com\\\/produit\\\/cosrx-aloe-soothing-sun-cream-50-spf\\\/#primaryimage\",\"url\":\"https:\\\/\\\/cosmeticstoredz.com\\\/wp-content\\\/uploads\\\/2026\\\/02\\\/CC-678.png\",\"contentUrl\":\"https:\\\/\\\/cosmeticstoredz.com\\\/wp-content\\\/uploads\\\/2026\\\/02\\\/CC-678.png\",\"width\":1563,\"height\":1563},{\"@type\":\"BreadcrumbList\",\"@id\":\"https:\\\/\\\/cosmeticstoredz.com\\\/produit\\\/cosrx-aloe-soothing-sun-cream-50-spf\\\/#breadcrumb\",\"itemListElement\":[{\"@type\":\"ListItem\",\"position\":1,\"name\":\"Accueil\",\"item\":\"https:\\\/\\\/cosmeticstoredz.com\\\/\"},{\"@type\":\"ListItem\",\"position\":2,\"name\":\"Boutique\",\"item\":\"https:\\\/\\\/cosmeticstoredz.com\\\/boutique\\\/\"},{\"@type\":\"ListItem\",\"position\":3,\"name\":\"COSRX ALOE SOOTHING SUN CREAM 50+ spf\"}]},{\"@type\":\"WebSite\",\"@id\":\"https:\\\/\\\/cosmeticstoredz.com\\\/#website\",\"url\":\"https:\\\/\\\/cosmeticstoredz.com\\\/\",\"name\":\"Cosmetic Store\",\"description\":\"\",\"publisher\":{\"@id\":\"https:\\\/\\\/cosmeticstoredz.com\\\/#organization\"},\"potentialAction\":[{\"@type\":\"SearchAction\",\"target\":{\"@type\":\"EntryPoint\",\"urlTemplate\":\"https:\\\/\\\/cosmeticstoredz.com\\\/?s={search_term_string}\"},\"query-input\":{\"@type\":\"PropertyValueSpecification\",\"valueRequired\":true,\"valueName\":\"search_term_string\"}}],\"inLanguage\":\"ar\"},{\"@type\":\"Organization\",\"@id\":\"https:\\\/\\\/cosmeticstoredz.com\\\/#organization\",\"name\":\"Cosmetic Store\",\"url\":\"https:\\\/\\\/cosmeticstoredz.com\\\/\",\"logo\":{\"@type\":\"ImageObject\",\"inLanguage\":\"ar\",\"@id\":\"https:\\\/\\\/cosmeticstoredz.com\\\/#\\\/schema\\\/logo\\\/image\\\/\",\"url\":\"https:\\\/\\\/cosmeticstoredz.com\\\/wp-content\\\/uploads\\\/2026\\\/02\\\/cropped-LOGO_CS-512x512-1-1-e1771275285345.webp\",\"contentUrl\":\"https:\\\/\\\/cosmeticstoredz.com\\\/wp-content\\\/uploads\\\/2026\\\/02\\\/cropped-LOGO_CS-512x512-1-1-e1771275285345.webp\",\"width\":265,\"height\":319,\"caption\":\"Cosmetic Store\"},\"image\":{\"@id\":\"https:\\\/\\\/cosmeticstoredz.com\\\/#\\\/schema\\\/logo\\\/image\\\/\"},\"sameAs\":[\"https:\\\/\\\/www.facebook.com\\\/profile.php?id=61564954260683\",\"https:\\\/\\\/www.instagram.com\\\/cosmetic.storedz\\\/\"]}]}<\/script>\n<!-- \/ Yoast SEO plugin. -->","yoast_head_json":{"title":"COSRX ALOE SOOTHING SUN CREAM 50+ spf - Cosmetic Store","robots":{"index":"index","follow":"follow","max-snippet":"max-snippet:-1","max-image-preview":"max-image-preview:large","max-video-preview":"max-video-preview:-1"},"canonical":"https:\/\/cosmeticstoredz.com\/ar\/product\/cosrx-aloe-soothing-sun-cream-50-spf\/","og_locale":"ar_AR","og_type":"article","og_title":"COSRX ALOE SOOTHING SUN CREAM 50+ spf - Cosmetic Store","og_description":"Form\u00e9 avec l'extrait de feuille d'aloe arborescens, ce bloc solaire l\u00e9ger et apaisant ne laisse pas de fonte blanche, fonctionne bien sous le maquillage.  Con\u00e7ue pour voyager, vous pouvez porter confortablement la cr\u00e8me solaire soothing COSRX \u00e0 l'aloe vera partout et couche de protection solaire \u00e0 tout moment.  L'eau de feuille d'aloe et l'extrait de feuille d'aloe arborescens aident \u00e0 refroidir la chaleur de la peau et \u00e0 prot\u00e9ger la barri\u00e8re cutan\u00e9e contre les irritations.  Appliquez le produit de protection solaire avant de prendre un bain de soleil. R\u00e9p\u00e9tez l'op\u00e9ration fr\u00e9quemment pour maintenir la protection, surtout apr\u00e8s avoir transpir\u00e9, nag\u00e9 ou s\u00e9ch\u00e9.  COSRX Normes : tous les produits COSRX sont formul\u00e9s avec des ingr\u00e9dients doux pour la peau qui apaisent les peaux irrit\u00e9es. Hypoallerg\u00e9nique, test\u00e9 dermatologiquement, sans cruaut\u00e9 envers les animaux, sans paraben, sans sulfates, sans phtalates.","og_url":"https:\/\/cosmeticstoredz.com\/ar\/product\/cosrx-aloe-soothing-sun-cream-50-spf\/","og_site_name":"Cosmetic Store","article_publisher":"https:\/\/www.facebook.com\/profile.php?id=61564954260683","article_modified_time":"2026-04-18T19:25:29+00:00","og_image":[{"width":1563,"height":1563,"url":"https:\/\/cosmeticstoredz.com\/wp-content\/uploads\/2026\/02\/CC-678.png","type":"image\/png"}],"twitter_card":"summary_large_image","schema":{"@context":"https:\/\/schema.org","@graph":[{"@type":"WebPage","@id":"https:\/\/cosmeticstoredz.com\/produit\/cosrx-aloe-soothing-sun-cream-50-spf\/","url":"https:\/\/cosmeticstoredz.com\/produit\/cosrx-aloe-soothing-sun-cream-50-spf\/","name":"COSRX ALOE SOOTHING SUN CREAM 50+ spf - Cosmetic Store","isPartOf":{"@id":"https:\/\/cosmeticstoredz.com\/#website"},"primaryImageOfPage":{"@id":"https:\/\/cosmeticstoredz.com\/produit\/cosrx-aloe-soothing-sun-cream-50-spf\/#primaryimage"},"image":{"@id":"https:\/\/cosmeticstoredz.com\/produit\/cosrx-aloe-soothing-sun-cream-50-spf\/#primaryimage"},"thumbnailUrl":"https:\/\/cosmeticstoredz.com\/wp-content\/uploads\/2026\/02\/CC-678.png","datePublished":"2025-06-04T19:24:34+00:00","dateModified":"2026-04-18T19:25:29+00:00","breadcrumb":{"@id":"https:\/\/cosmeticstoredz.com\/produit\/cosrx-aloe-soothing-sun-cream-50-spf\/#breadcrumb"},"inLanguage":"ar","potentialAction":[{"@type":"ReadAction","target":["https:\/\/cosmeticstoredz.com\/produit\/cosrx-aloe-soothing-sun-cream-50-spf\/"]}]},{"@type":"ImageObject","inLanguage":"ar","@id":"https:\/\/cosmeticstoredz.com\/produit\/cosrx-aloe-soothing-sun-cream-50-spf\/#primaryimage","url":"https:\/\/cosmeticstoredz.com\/wp-content\/uploads\/2026\/02\/CC-678.png","contentUrl":"https:\/\/cosmeticstoredz.com\/wp-content\/uploads\/2026\/02\/CC-678.png","width":1563,"height":1563},{"@type":"BreadcrumbList","@id":"https:\/\/cosmeticstoredz.com\/produit\/cosrx-aloe-soothing-sun-cream-50-spf\/#breadcrumb","itemListElement":[{"@type":"ListItem","position":1,"name":"Accueil","item":"https:\/\/cosmeticstoredz.com\/"},{"@type":"ListItem","position":2,"name":"Boutique","item":"https:\/\/cosmeticstoredz.com\/boutique\/"},{"@type":"ListItem","position":3,"name":"COSRX ALOE SOOTHING SUN CREAM 50+ spf"}]},{"@type":"WebSite","@id":"https:\/\/cosmeticstoredz.com\/#website","url":"https:\/\/cosmeticstoredz.com\/","name":"Cosmetic Store","description":"","publisher":{"@id":"https:\/\/cosmeticstoredz.com\/#organization"},"potentialAction":[{"@type":"SearchAction","target":{"@type":"EntryPoint","urlTemplate":"https:\/\/cosmeticstoredz.com\/?s={search_term_string}"},"query-input":{"@type":"PropertyValueSpecification","valueRequired":true,"valueName":"search_term_string"}}],"inLanguage":"ar"},{"@type":"Organization","@id":"https:\/\/cosmeticstoredz.com\/#organization","name":"Cosmetic Store","url":"https:\/\/cosmeticstoredz.com\/","logo":{"@type":"ImageObject","inLanguage":"ar","@id":"https:\/\/cosmeticstoredz.com\/#\/schema\/logo\/image\/","url":"https:\/\/cosmeticstoredz.com\/wp-content\/uploads\/2026\/02\/cropped-LOGO_CS-512x512-1-1-e1771275285345.webp","contentUrl":"https:\/\/cosmeticstoredz.com\/wp-content\/uploads\/2026\/02\/cropped-LOGO_CS-512x512-1-1-e1771275285345.webp","width":265,"height":319,"caption":"Cosmetic Store"},"image":{"@id":"https:\/\/cosmeticstoredz.com\/#\/schema\/logo\/image\/"},"sameAs":["https:\/\/www.facebook.com\/profile.php?id=61564954260683","https:\/\/www.instagram.com\/cosmetic.storedz\/"]}]}},"_links":{"self":[{"href":"https:\/\/cosmeticstoredz.com\/ar\/wp-json\/wp\/v2\/product\/6340","targetHints":{"allow":["GET"]}}],"collection":[{"href":"https:\/\/cosmeticstoredz.com\/ar\/wp-json\/wp\/v2\/product"}],"about":[{"href":"https:\/\/cosmeticstoredz.com\/ar\/wp-json\/wp\/v2\/types\/product"}],"replies":[{"embeddable":true,"href":"https:\/\/cosmeticstoredz.com\/ar\/wp-json\/wp\/v2\/comments?post=6340"}],"version-history":[{"count":1,"href":"https:\/\/cosmeticstoredz.com\/ar\/wp-json\/wp\/v2\/product\/6340\/revisions"}],"predecessor-version":[{"id":20690,"href":"https:\/\/cosmeticstoredz.com\/ar\/wp-json\/wp\/v2\/product\/6340\/revisions\/20690"}],"wp:featuredmedia":[{"embeddable":true,"href":"https:\/\/cosmeticstoredz.com\/ar\/wp-json\/wp\/v2\/media\/20688"}],"wp:attachment":[{"href":"https:\/\/cosmeticstoredz.com\/ar\/wp-json\/wp\/v2\/media?parent=6340"}],"wp:term":[{"taxonomy":"product_brand","embeddable":true,"href":"https:\/\/cosmeticstoredz.com\/ar\/wp-json\/wp\/v2\/product_brand?post=6340"},{"taxonomy":"product_cat","embeddable":true,"href":"https:\/\/cosmeticstoredz.com\/ar\/wp-json\/wp\/v2\/product_cat?post=6340"},{"taxonomy":"product_tag","embeddable":true,"href":"https:\/\/cosmeticstoredz.com\/ar\/wp-json\/wp\/v2\/product_tag?post=6340"}],"curies":[{"name":"wp","href":"https:\/\/api.w.org\/{rel}","templated":true}]}}