{"id":6328,"date":"2025-06-04T19:24:33","date_gmt":"2025-06-04T19:24:33","guid":{"rendered":"https:\/\/test.fitnessworldgym27.com\/?post_type=product&#038;p=6328"},"modified":"2026-03-30T19:27:49","modified_gmt":"2026-03-30T19:27:49","slug":"rexona-deodorant-250ml-sport-defence","status":"publish","type":"product","link":"https:\/\/cosmeticstoredz.com\/ar\/product\/rexona-deodorant-250ml-sport-defence\/","title":{"rendered":"REXONA DEODORANT 250ML SPORT DEFENCE"},"content":{"rendered":"<h1 class=\"product_title entry-title wd-entities-title\">Rexona Men Sport Defence 48H D\u00e9odorant 200ML<\/h1>\n<p>Le d\u00e9odorant anti-transpirant Sport defence de Rexona est le compagnon id\u00e9al pour l\u2019entra\u00eenement ou la comp\u00e9tition. Il vous offre 48 heures de longue protection contre la transpiration et les odeurs d\u00e9sagr\u00e9ables.<\/p>","protected":false},"excerpt":{"rendered":"<p>Le d\u00e9odorant anti-transpirant Sport defence de Rexona est le compagnon id\u00e9al pour l\u2019entra\u00eenement ou la comp\u00e9tition. Il vous offre 48 heures de longue protection contre la transpiration et les odeurs d\u00e9sagr\u00e9ables.<\/p>","protected":false},"featured_media":20664,"comment_status":"open","ping_status":"closed","template":"","meta":[],"product_brand":[],"product_cat":[85,72,80],"product_tag":[],"class_list":{"0":"post-6328","1":"product","2":"type-product","3":"status-publish","4":"has-post-thumbnail","6":"product_cat-deodorant-h","7":"product_cat-homme","8":"product_cat-rexona","10":"first","11":"outofstock","12":"shipping-taxable","13":"purchasable","14":"product-type-simple"},"_links":{"self":[{"href":"https:\/\/cosmeticstoredz.com\/ar\/wp-json\/wp\/v2\/product\/6328","targetHints":{"allow":["GET"]}}],"collection":[{"href":"https:\/\/cosmeticstoredz.com\/ar\/wp-json\/wp\/v2\/product"}],"about":[{"href":"https:\/\/cosmeticstoredz.com\/ar\/wp-json\/wp\/v2\/types\/product"}],"replies":[{"embeddable":true,"href":"https:\/\/cosmeticstoredz.com\/ar\/wp-json\/wp\/v2\/comments?post=6328"}],"version-history":[{"count":1,"href":"https:\/\/cosmeticstoredz.com\/ar\/wp-json\/wp\/v2\/product\/6328\/revisions"}],"predecessor-version":[{"id":20665,"href":"https:\/\/cosmeticstoredz.com\/ar\/wp-json\/wp\/v2\/product\/6328\/revisions\/20665"}],"wp:featuredmedia":[{"embeddable":true,"href":"https:\/\/cosmeticstoredz.com\/ar\/wp-json\/wp\/v2\/media\/20664"}],"wp:attachment":[{"href":"https:\/\/cosmeticstoredz.com\/ar\/wp-json\/wp\/v2\/media?parent=6328"}],"wp:term":[{"taxonomy":"product_brand","embeddable":true,"href":"https:\/\/cosmeticstoredz.com\/ar\/wp-json\/wp\/v2\/product_brand?post=6328"},{"taxonomy":"product_cat","embeddable":true,"href":"https:\/\/cosmeticstoredz.com\/ar\/wp-json\/wp\/v2\/product_cat?post=6328"},{"taxonomy":"product_tag","embeddable":true,"href":"https:\/\/cosmeticstoredz.com\/ar\/wp-json\/wp\/v2\/product_tag?post=6328"}],"curies":[{"name":"wp","href":"https:\/\/api.w.org\/{rel}","templated":true}]}}