{"id":6324,"date":"2025-06-04T19:24:33","date_gmt":"2025-06-04T19:24:33","guid":{"rendered":"https:\/\/test.fitnessworldgym27.com\/?post_type=product&#038;p=6324"},"modified":"2026-03-30T19:27:50","modified_gmt":"2026-03-30T19:27:50","slug":"rexona-deodorant-200ml-antibacterial-protect","status":"publish","type":"product","link":"https:\/\/cosmeticstoredz.com\/ar\/product\/rexona-deodorant-200ml-antibacterial-protect\/","title":{"rendered":"REXONA DEODORANT MEN 200ML ANTIBACTERIAL PROTECT"},"content":{"rendered":"<h1 class=\"product_title entry-title wd-entities-title\">Rexona Deodorant Advanced Protection &amp; Antibacterial 200ML<\/h1>\n<div class=\"product-prices\">\n<div class=\"product-price h5\">Le d\u00e9odorant Rexona Advanced Protection &amp; Antibacterial est con\u00e7u pour offrir une protection maximale contre la transpiration et les odeurs. Gr\u00e2ce \u00e0 sa formule avanc\u00e9e enrichie en agents antibact\u00e9riens, il \u00e9limine efficacement les bact\u00e9ries responsables des mauvaises odeurs, vous assurant une fra\u00eecheur durable. Avec une protection anti-transpirante qui dure jusqu&rsquo;\u00e0 72 heures<\/div>\n<\/div>","protected":false},"excerpt":{"rendered":"<h1 class=\"product_title entry-title wd-entities-title\">Rexona Deodorant Advanced Protection &amp; Antibacterial 200ML<\/h1>\n<div class=\"product-prices\">\n<div class=\"product-price h5\">Le d\u00e9odorant Rexona Advanced Protection &amp; Antibacterial est con\u00e7u pour offrir une protection maximale contre la transpiration et les odeurs. Gr\u00e2ce \u00e0 sa formule avanc\u00e9e enrichie en agents antibact\u00e9riens, il \u00e9limine efficacement les bact\u00e9ries responsables des mauvaises odeurs, vous assurant une fra\u00eecheur durable. Avec une protection anti-transpirante qui dure jusqu&rsquo;\u00e0 72 heures<\/div>\n<\/div>","protected":false},"featured_media":20656,"comment_status":"open","ping_status":"closed","template":"","meta":[],"product_brand":[],"product_cat":[79,75,72,84,80],"product_tag":[],"class_list":{"0":"post-6324","1":"product","2":"type-product","3":"status-publish","4":"has-post-thumbnail","6":"product_cat-deodorant-f","7":"product_cat-femme","8":"product_cat-homme","9":"product_cat-parfum-h","10":"product_cat-rexona","12":"first","13":"instock","14":"shipping-taxable","15":"purchasable","16":"product-type-simple"},"_links":{"self":[{"href":"https:\/\/cosmeticstoredz.com\/ar\/wp-json\/wp\/v2\/product\/6324","targetHints":{"allow":["GET"]}}],"collection":[{"href":"https:\/\/cosmeticstoredz.com\/ar\/wp-json\/wp\/v2\/product"}],"about":[{"href":"https:\/\/cosmeticstoredz.com\/ar\/wp-json\/wp\/v2\/types\/product"}],"replies":[{"embeddable":true,"href":"https:\/\/cosmeticstoredz.com\/ar\/wp-json\/wp\/v2\/comments?post=6324"}],"version-history":[{"count":2,"href":"https:\/\/cosmeticstoredz.com\/ar\/wp-json\/wp\/v2\/product\/6324\/revisions"}],"predecessor-version":[{"id":25007,"href":"https:\/\/cosmeticstoredz.com\/ar\/wp-json\/wp\/v2\/product\/6324\/revisions\/25007"}],"wp:featuredmedia":[{"embeddable":true,"href":"https:\/\/cosmeticstoredz.com\/ar\/wp-json\/wp\/v2\/media\/20656"}],"wp:attachment":[{"href":"https:\/\/cosmeticstoredz.com\/ar\/wp-json\/wp\/v2\/media?parent=6324"}],"wp:term":[{"taxonomy":"product_brand","embeddable":true,"href":"https:\/\/cosmeticstoredz.com\/ar\/wp-json\/wp\/v2\/product_brand?post=6324"},{"taxonomy":"product_cat","embeddable":true,"href":"https:\/\/cosmeticstoredz.com\/ar\/wp-json\/wp\/v2\/product_cat?post=6324"},{"taxonomy":"product_tag","embeddable":true,"href":"https:\/\/cosmeticstoredz.com\/ar\/wp-json\/wp\/v2\/product_tag?post=6324"}],"curies":[{"name":"wp","href":"https:\/\/api.w.org\/{rel}","templated":true}]}}