{"id":6296,"date":"2025-06-04T19:24:21","date_gmt":"2025-06-04T19:24:21","guid":{"rendered":"https:\/\/test.fitnessworldgym27.com\/?post_type=product&#038;p=6296"},"modified":"2026-03-30T19:27:50","modified_gmt":"2026-03-30T19:27:50","slug":"rexona-maximum-protection-cream-confidence","status":"publish","type":"product","link":"https:\/\/cosmeticstoredz.com\/ar\/product\/rexona-maximum-protection-cream-confidence\/","title":{"rendered":"REXONA MAXIMUM PROTECTION CREAM CONFIDENCE"},"content":{"rendered":"","protected":false},"excerpt":{"rendered":"<section id=\"wrapper\">\n<div class=\"container\">\n<div class=\"row\">\n<div id=\"content-wrapper\">\n<section id=\"main\">\n<div class=\"tabs\">\n<div id=\"tab-content\" class=\"tab-content\">\n<div id=\"description\" class=\"tab-pane fade in active\" role=\"tabpanel\">\n<div class=\"product-description\">\n<ul>\n<li>Fournit 2x plus de protection.<\/li>\n<li>Est doux pour la peau.<\/li>\n<li>Scientifiquement prouv\u00e9.<\/li>\n<li>Vous pouvez compter sur cela.<\/li>\n<li>48 heures de protection.<\/li>\n<li>Est d\u00e9odorant.<\/li>\n<\/ul>\n<p>Rexona Maximum Protection Confidence offre deux fois plus de protection que l&rsquo;antisudorifique le plus vendu aux Pays-Bas. Protection maximale inclut la technologie innovante TRIsolid \u2122 et offre la protection la plus avanc\u00e9e de Rexona contre la transpiration et les odeurs. Sans danger pour la peau, d\u00e9odorant et scientifiquement prouv\u00e9. Sentez-vous prot\u00e9g\u00e9 pendant 48 heures, \u00e9galement contre la transpiration excessive.<\/p>\n<\/div>\n<\/div>\n<\/div>\n<\/div>\n<footer class=\"page-footer\"><\/footer>\n<\/section>\n<\/div>\n<\/div>\n<\/div>\n<\/section>\n<footer id=\"footer\">\n<div class=\"footer-before\">\n<div class=\"container\">\n<div id=\"newsletter\" class=\"col-md-9 newsletter-block\"><\/div>\n<\/div>\n<\/div>\n<\/footer>","protected":false},"featured_media":20646,"comment_status":"open","ping_status":"closed","template":"","meta":[],"product_brand":[],"product_cat":[79,75,78,80],"product_tag":[],"class_list":{"0":"post-6296","1":"product","2":"type-product","3":"status-publish","4":"has-post-thumbnail","6":"product_cat-deodorant-f","7":"product_cat-femme","8":"product_cat-parfum-f","9":"product_cat-rexona","11":"first","12":"instock","13":"shipping-taxable","14":"purchasable","15":"product-type-simple"},"_links":{"self":[{"href":"https:\/\/cosmeticstoredz.com\/ar\/wp-json\/wp\/v2\/product\/6296","targetHints":{"allow":["GET"]}}],"collection":[{"href":"https:\/\/cosmeticstoredz.com\/ar\/wp-json\/wp\/v2\/product"}],"about":[{"href":"https:\/\/cosmeticstoredz.com\/ar\/wp-json\/wp\/v2\/types\/product"}],"replies":[{"embeddable":true,"href":"https:\/\/cosmeticstoredz.com\/ar\/wp-json\/wp\/v2\/comments?post=6296"}],"version-history":[{"count":1,"href":"https:\/\/cosmeticstoredz.com\/ar\/wp-json\/wp\/v2\/product\/6296\/revisions"}],"predecessor-version":[{"id":20647,"href":"https:\/\/cosmeticstoredz.com\/ar\/wp-json\/wp\/v2\/product\/6296\/revisions\/20647"}],"wp:featuredmedia":[{"embeddable":true,"href":"https:\/\/cosmeticstoredz.com\/ar\/wp-json\/wp\/v2\/media\/20646"}],"wp:attachment":[{"href":"https:\/\/cosmeticstoredz.com\/ar\/wp-json\/wp\/v2\/media?parent=6296"}],"wp:term":[{"taxonomy":"product_brand","embeddable":true,"href":"https:\/\/cosmeticstoredz.com\/ar\/wp-json\/wp\/v2\/product_brand?post=6296"},{"taxonomy":"product_cat","embeddable":true,"href":"https:\/\/cosmeticstoredz.com\/ar\/wp-json\/wp\/v2\/product_cat?post=6296"},{"taxonomy":"product_tag","embeddable":true,"href":"https:\/\/cosmeticstoredz.com\/ar\/wp-json\/wp\/v2\/product_tag?post=6296"}],"curies":[{"name":"wp","href":"https:\/\/api.w.org\/{rel}","templated":true}]}}