{"id":6278,"date":"2025-06-04T19:24:20","date_gmt":"2025-06-04T19:24:20","guid":{"rendered":"https:\/\/test.fitnessworldgym27.com\/?post_type=product&#038;p=6278"},"modified":"2026-02-16T17:02:06","modified_gmt":"2026-02-16T17:02:06","slug":"bioxcin-pack-3-shampoing-fort","status":"publish","type":"product","link":"https:\/\/cosmeticstoredz.com\/ar\/product\/bioxcin-pack-3-shampoing-fort\/","title":{"rendered":"BIOXCIN PACK 3 SHAMPOING FORT"},"content":{"rendered":"<p>Description<\/p>\n<p>Le shampooing Bioxcin Forte renonce \u00e0 la graisse du cuir chevelu et aide \u00e0 pr\u00e9venir le bain de bouche gras dans la formule concentr\u00e9e.<\/p>\n<p>Bioxcin Forte Shampoo est un shampooing \u00e0 base de plantes et dans une formule adapt\u00e9e aux personnes qui souhaitent prot\u00e9ger leurs cheveux ou qui ont des probl\u00e8mes de chute de cheveux intense.<\/p>\n<p>L&rsquo;extrait de plantes bio complexe B11 pr\u00e9vient la chute des cheveux et ne nettoie pas les cheveux.<\/p>\n<p>Nous avons \u00e9galement la possibilit\u00e9 de contr\u00f4ler les options de traitement gr\u00e2ce \u00e0 la technologie Liposome.<\/p>\n<p>Il est plus rapide de contr\u00f4ler la grande taille de la formule et la technologie liposomale.<\/p>\n<p>Principales caract\u00e9ristiques<\/p>\n<p>&nbsp;<\/p>\n<p>Constance 300 ml<\/p>\n<p>Le shampooing Bioxcin Forte nourrit les cheveux<\/p>\n<p>rend plus vivants et plus sains.<\/p>\n<p>Il aide \u00e0 pr\u00e9venir la chute des cheveux.<\/p>\n<p>Gr\u00e2ce \u00e0 son contenu, il nourrit la peau et l&rsquo;hydrate.<\/p>\n<p>COMPLEXE BIO B1<\/p>\n<p>Les plantes qui composent l&rsquo;extrait de plantes brevet\u00e9 Bio complexe B11 sont la camomille allemande, l&rsquo;ortie, l&rsquo;achill\u00e9e millefeuille, la pr\u00eale et la caroube.<\/p>\n<p>Ces plantes sont tr\u00e8s riches en vitamines, min\u00e9raux et acides amin\u00e9s.<\/p>\n<p>\u2022 Vitamines (A, B1, B2, B5, B9) : Aide \u00e0 renforcer les m\u00e8ches de cheveux.<\/p>\n<p>\u2022 Min\u00e9raux (Cuivre, Zinc, Fer, Calcium) : Nourrit les cheveux.<\/p>\n<p>\u2022 Flavono\u00efdes (Kemf\u00e9rol, Apigenine, Myric\u00e9tine) : Prot\u00e8ge les m\u00e8ches de cheveux des dommages.<\/p>\n<p>\u2022 Acides gras insatur\u00e9s (Om\u00e9ga-6, Om\u00e9ga-9) : Il est efficace contre la chute des cheveux.<\/p>\n<p>&nbsp;<\/p>","protected":false},"excerpt":{"rendered":"<p>Le shampooing Bioxcin Forte renonce \u00e0 la graisse du cuir chevelu et aide \u00e0 pr\u00e9venir le bain de bouche gras dans la formule concentr\u00e9e.<\/p>","protected":false},"featured_media":20609,"comment_status":"open","ping_status":"closed","template":"","meta":[],"product_brand":[],"product_cat":[290,75,72,111,159,95],"product_tag":[],"class_list":{"0":"post-6278","1":"product","2":"type-product","3":"status-publish","4":"has-post-thumbnail","6":"product_cat-bioxcin","7":"product_cat-femme","8":"product_cat-homme","9":"product_cat-shampoing-f","10":"product_cat-shampoing-h","11":"product_cat-soin-cheveux-f","13":"first","14":"outofstock","15":"shipping-taxable","16":"purchasable","17":"product-type-simple"},"_links":{"self":[{"href":"https:\/\/cosmeticstoredz.com\/ar\/wp-json\/wp\/v2\/product\/6278","targetHints":{"allow":["GET"]}}],"collection":[{"href":"https:\/\/cosmeticstoredz.com\/ar\/wp-json\/wp\/v2\/product"}],"about":[{"href":"https:\/\/cosmeticstoredz.com\/ar\/wp-json\/wp\/v2\/types\/product"}],"replies":[{"embeddable":true,"href":"https:\/\/cosmeticstoredz.com\/ar\/wp-json\/wp\/v2\/comments?post=6278"}],"version-history":[{"count":1,"href":"https:\/\/cosmeticstoredz.com\/ar\/wp-json\/wp\/v2\/product\/6278\/revisions"}],"predecessor-version":[{"id":20611,"href":"https:\/\/cosmeticstoredz.com\/ar\/wp-json\/wp\/v2\/product\/6278\/revisions\/20611"}],"wp:featuredmedia":[{"embeddable":true,"href":"https:\/\/cosmeticstoredz.com\/ar\/wp-json\/wp\/v2\/media\/20609"}],"wp:attachment":[{"href":"https:\/\/cosmeticstoredz.com\/ar\/wp-json\/wp\/v2\/media?parent=6278"}],"wp:term":[{"taxonomy":"product_brand","embeddable":true,"href":"https:\/\/cosmeticstoredz.com\/ar\/wp-json\/wp\/v2\/product_brand?post=6278"},{"taxonomy":"product_cat","embeddable":true,"href":"https:\/\/cosmeticstoredz.com\/ar\/wp-json\/wp\/v2\/product_cat?post=6278"},{"taxonomy":"product_tag","embeddable":true,"href":"https:\/\/cosmeticstoredz.com\/ar\/wp-json\/wp\/v2\/product_tag?post=6278"}],"curies":[{"name":"wp","href":"https:\/\/api.w.org\/{rel}","templated":true}]}}