{"id":6245,"date":"2025-06-04T18:39:48","date_gmt":"2025-06-04T18:39:48","guid":{"rendered":"https:\/\/test.fitnessworldgym27.com\/?post_type=product&#038;p=6245"},"modified":"2026-03-30T19:26:47","modified_gmt":"2026-03-30T19:26:47","slug":"gabrini-lip-balm-care-strawberry","status":"publish","type":"product","link":"https:\/\/cosmeticstoredz.com\/ar\/product\/gabrini-lip-balm-care-strawberry\/","title":{"rendered":"GABRINI LIP BALM CARE STRAWBERRY"},"content":{"rendered":"<h1>GABRINI LIP BALM CARE STRAWBERRY<\/h1>\n<p>Le baume \u00e0 l\u00e8vres Gabrini Lip Balm Care Strawberry est l&rsquo;alli\u00e9 id\u00e9al pour des l\u00e8vres douces et parfaitement hydrat\u00e9es. Enrichi en extrait de fraise, ce baume offre une hydratation longue dur\u00e9e tout en apportant un parfum d\u00e9licieusement fruit\u00e9. Sa formule l\u00e9g\u00e8re et non collante glisse facilement sur les l\u00e8vres, les nourrissant en profondeur et les prot\u00e9geant des agressions ext\u00e9rieures. Parfait pour une utilisation quotidienne, il laisse vos l\u00e8vres lisses, souples, et subtilement parfum\u00e9es \u00e0 la fraise, pour un sourire naturellement \u00e9clatant.<\/p>","protected":false},"excerpt":{"rendered":"<h1>GABRINI LIP BALM CARE STRAWBERRY<\/h1>\n<p>Le baume \u00e0 l\u00e8vres Gabrini Lip Balm Care Strawberry est l&rsquo;alli\u00e9 id\u00e9al pour des l\u00e8vres douces et parfaitement hydrat\u00e9es.<\/p>","protected":false},"featured_media":20603,"comment_status":"open","ping_status":"closed","template":"","meta":[],"product_brand":[],"product_cat":[213,75,346,205,122],"product_tag":[],"class_list":{"0":"post-6245","1":"product","2":"type-product","3":"status-publish","4":"has-post-thumbnail","6":"product_cat-baume-a-levres","7":"product_cat-femme","8":"product_cat-gabrini","9":"product_cat-levres","10":"product_cat-make-up","12":"first","13":"instock","14":"shipping-taxable","15":"purchasable","16":"product-type-simple"},"_links":{"self":[{"href":"https:\/\/cosmeticstoredz.com\/ar\/wp-json\/wp\/v2\/product\/6245","targetHints":{"allow":["GET"]}}],"collection":[{"href":"https:\/\/cosmeticstoredz.com\/ar\/wp-json\/wp\/v2\/product"}],"about":[{"href":"https:\/\/cosmeticstoredz.com\/ar\/wp-json\/wp\/v2\/types\/product"}],"replies":[{"embeddable":true,"href":"https:\/\/cosmeticstoredz.com\/ar\/wp-json\/wp\/v2\/comments?post=6245"}],"version-history":[{"count":1,"href":"https:\/\/cosmeticstoredz.com\/ar\/wp-json\/wp\/v2\/product\/6245\/revisions"}],"predecessor-version":[{"id":20604,"href":"https:\/\/cosmeticstoredz.com\/ar\/wp-json\/wp\/v2\/product\/6245\/revisions\/20604"}],"wp:featuredmedia":[{"embeddable":true,"href":"https:\/\/cosmeticstoredz.com\/ar\/wp-json\/wp\/v2\/media\/20603"}],"wp:attachment":[{"href":"https:\/\/cosmeticstoredz.com\/ar\/wp-json\/wp\/v2\/media?parent=6245"}],"wp:term":[{"taxonomy":"product_brand","embeddable":true,"href":"https:\/\/cosmeticstoredz.com\/ar\/wp-json\/wp\/v2\/product_brand?post=6245"},{"taxonomy":"product_cat","embeddable":true,"href":"https:\/\/cosmeticstoredz.com\/ar\/wp-json\/wp\/v2\/product_cat?post=6245"},{"taxonomy":"product_tag","embeddable":true,"href":"https:\/\/cosmeticstoredz.com\/ar\/wp-json\/wp\/v2\/product_tag?post=6245"}],"curies":[{"name":"wp","href":"https:\/\/api.w.org\/{rel}","templated":true}]}}