{"id":6244,"date":"2025-06-04T18:39:48","date_gmt":"2025-06-04T18:39:48","guid":{"rendered":"https:\/\/test.fitnessworldgym27.com\/?post_type=product&#038;p=6244"},"modified":"2026-04-03T22:01:47","modified_gmt":"2026-04-03T22:01:47","slug":"gabrini-lip-balm-care-cherry","status":"publish","type":"product","link":"https:\/\/cosmeticstoredz.com\/ar\/product\/gabrini-lip-balm-care-cherry\/","title":{"rendered":"GABRINI LIP BALM CARE CHERRY"},"content":{"rendered":"<h1>GABRINI LIP BALM CARE CHERRY<\/h1>\n<p>Le baume \u00e0 l\u00e8vres Gabrini Lip Balm Care Cherry est con\u00e7u pour nourrir et prot\u00e9ger vos l\u00e8vres tout en leur offrant une touche fruit\u00e9e irr\u00e9sistible. Infus\u00e9 avec l&rsquo;ar\u00f4me naturel de cerise, ce baume hydrate en profondeur, laissant vos l\u00e8vres douces et lisses. Sa formule l\u00e9g\u00e8re, non collante, glisse en douceur pour un confort optimal tout au long de la journ\u00e9e. Id\u00e9al pour un usage quotidien, ce baume enrichit vos l\u00e8vres d&rsquo;un \u00e9clat subtil tout en les enveloppant d&rsquo;un d\u00e9licieux parfum de cerise.<\/p>","protected":false},"excerpt":{"rendered":"<h1>GABRINI LIP BALM CARE CHERRY<\/h1>\n<p>Le baume \u00e0 l\u00e8vres Gabrini Lip Balm Care Cherry est con\u00e7u pour nourrir et prot\u00e9ger vos l\u00e8vres tout en leur offrant une touche fruit\u00e9e irr\u00e9sistible.<\/p>","protected":false},"featured_media":20601,"comment_status":"open","ping_status":"closed","template":"","meta":[],"product_brand":[],"product_cat":[213,75,346,205,122],"product_tag":[],"class_list":{"0":"post-6244","1":"product","2":"type-product","3":"status-publish","4":"has-post-thumbnail","6":"product_cat-baume-a-levres","7":"product_cat-femme","8":"product_cat-gabrini","9":"product_cat-levres","10":"product_cat-make-up","12":"first","13":"instock","14":"shipping-taxable","15":"purchasable","16":"product-type-simple"},"_links":{"self":[{"href":"https:\/\/cosmeticstoredz.com\/ar\/wp-json\/wp\/v2\/product\/6244","targetHints":{"allow":["GET"]}}],"collection":[{"href":"https:\/\/cosmeticstoredz.com\/ar\/wp-json\/wp\/v2\/product"}],"about":[{"href":"https:\/\/cosmeticstoredz.com\/ar\/wp-json\/wp\/v2\/types\/product"}],"replies":[{"embeddable":true,"href":"https:\/\/cosmeticstoredz.com\/ar\/wp-json\/wp\/v2\/comments?post=6244"}],"version-history":[{"count":1,"href":"https:\/\/cosmeticstoredz.com\/ar\/wp-json\/wp\/v2\/product\/6244\/revisions"}],"predecessor-version":[{"id":20602,"href":"https:\/\/cosmeticstoredz.com\/ar\/wp-json\/wp\/v2\/product\/6244\/revisions\/20602"}],"wp:featuredmedia":[{"embeddable":true,"href":"https:\/\/cosmeticstoredz.com\/ar\/wp-json\/wp\/v2\/media\/20601"}],"wp:attachment":[{"href":"https:\/\/cosmeticstoredz.com\/ar\/wp-json\/wp\/v2\/media?parent=6244"}],"wp:term":[{"taxonomy":"product_brand","embeddable":true,"href":"https:\/\/cosmeticstoredz.com\/ar\/wp-json\/wp\/v2\/product_brand?post=6244"},{"taxonomy":"product_cat","embeddable":true,"href":"https:\/\/cosmeticstoredz.com\/ar\/wp-json\/wp\/v2\/product_cat?post=6244"},{"taxonomy":"product_tag","embeddable":true,"href":"https:\/\/cosmeticstoredz.com\/ar\/wp-json\/wp\/v2\/product_tag?post=6244"}],"curies":[{"name":"wp","href":"https:\/\/api.w.org\/{rel}","templated":true}]}}