{"id":6240,"date":"2025-06-04T18:39:47","date_gmt":"2025-06-04T18:39:47","guid":{"rendered":"https:\/\/test.fitnessworldgym27.com\/?post_type=product&#038;p=6240"},"modified":"2026-03-30T19:26:47","modified_gmt":"2026-03-30T19:26:47","slug":"gabrini-baume-a-levre-aloe-vera","status":"publish","type":"product","link":"https:\/\/cosmeticstoredz.com\/ar\/product\/gabrini-baume-a-levre-aloe-vera\/","title":{"rendered":"GABRINI BAUME A LEVRE ALOE VERA"},"content":{"rendered":"","protected":false},"excerpt":{"rendered":"<p>Prenez soin de vos l\u00e8vres avec ce baume hydratant enrichi en <strong data-start=\"180\" data-end=\"193\">Aloe Vera<\/strong>, reconnu pour ses propri\u00e9t\u00e9s apaisantes et r\u00e9paratrices. Il nourrit en profondeur, adoucit et prot\u00e8ge vos l\u00e8vres contre le dess\u00e8chement tout au long de la journ\u00e9e<\/p>\n<p>&nbsp;<\/p>","protected":false},"featured_media":20593,"comment_status":"open","ping_status":"closed","template":"","meta":[],"product_brand":[],"product_cat":[213,346,205,122],"product_tag":[],"class_list":{"0":"post-6240","1":"product","2":"type-product","3":"status-publish","4":"has-post-thumbnail","6":"product_cat-baume-a-levres","7":"product_cat-gabrini","8":"product_cat-levres","9":"product_cat-make-up","11":"first","12":"outofstock","13":"shipping-taxable","14":"purchasable","15":"product-type-simple"},"_links":{"self":[{"href":"https:\/\/cosmeticstoredz.com\/ar\/wp-json\/wp\/v2\/product\/6240","targetHints":{"allow":["GET"]}}],"collection":[{"href":"https:\/\/cosmeticstoredz.com\/ar\/wp-json\/wp\/v2\/product"}],"about":[{"href":"https:\/\/cosmeticstoredz.com\/ar\/wp-json\/wp\/v2\/types\/product"}],"replies":[{"embeddable":true,"href":"https:\/\/cosmeticstoredz.com\/ar\/wp-json\/wp\/v2\/comments?post=6240"}],"version-history":[{"count":1,"href":"https:\/\/cosmeticstoredz.com\/ar\/wp-json\/wp\/v2\/product\/6240\/revisions"}],"predecessor-version":[{"id":20594,"href":"https:\/\/cosmeticstoredz.com\/ar\/wp-json\/wp\/v2\/product\/6240\/revisions\/20594"}],"wp:featuredmedia":[{"embeddable":true,"href":"https:\/\/cosmeticstoredz.com\/ar\/wp-json\/wp\/v2\/media\/20593"}],"wp:attachment":[{"href":"https:\/\/cosmeticstoredz.com\/ar\/wp-json\/wp\/v2\/media?parent=6240"}],"wp:term":[{"taxonomy":"product_brand","embeddable":true,"href":"https:\/\/cosmeticstoredz.com\/ar\/wp-json\/wp\/v2\/product_brand?post=6240"},{"taxonomy":"product_cat","embeddable":true,"href":"https:\/\/cosmeticstoredz.com\/ar\/wp-json\/wp\/v2\/product_cat?post=6240"},{"taxonomy":"product_tag","embeddable":true,"href":"https:\/\/cosmeticstoredz.com\/ar\/wp-json\/wp\/v2\/product_tag?post=6240"}],"curies":[{"name":"wp","href":"https:\/\/api.w.org\/{rel}","templated":true}]}}