{"id":6167,"date":"2025-06-04T18:39:30","date_gmt":"2025-06-04T18:39:30","guid":{"rendered":"https:\/\/test.fitnessworldgym27.com\/?post_type=product&#038;p=6167"},"modified":"2026-03-30T19:26:26","modified_gmt":"2026-03-30T19:26:26","slug":"flormar-blush-110-pinky-promise","status":"publish","type":"product","link":"https:\/\/cosmeticstoredz.com\/ar\/product\/flormar-blush-110-pinky-promise\/","title":{"rendered":"FLORMAR BLUSH 110 PINKY PROMISE"},"content":{"rendered":"","protected":false},"excerpt":{"rendered":"<p><strong translate=\"no\">Flormar Blush-On 110 Pinky Promise 5g<\/strong>\u00a0est un blush intens\u00e9ment pigment\u00e9 au toucher soyeux qui promet des r\u00e9sultats exceptionnels pour sublimer votre maquillage. Sa formule conf\u00e8re particuli\u00e8rement \u00e0 la peau un \u00e9clat de jeunesse, illuminant votre teint et lui donnant un aspect plus frais et plus \u00e9clatant.<\/p>","protected":false},"featured_media":20489,"comment_status":"closed","ping_status":"closed","template":"","meta":[],"product_brand":[],"product_cat":[124,292,122,123],"product_tag":[],"class_list":{"0":"post-6167","1":"product","2":"type-product","3":"status-publish","4":"has-post-thumbnail","6":"product_cat-blush","7":"product_cat-flormar","8":"product_cat-make-up","9":"product_cat-teint","11":"first","12":"instock","13":"shipping-taxable","14":"purchasable","15":"product-type-simple"},"_links":{"self":[{"href":"https:\/\/cosmeticstoredz.com\/ar\/wp-json\/wp\/v2\/product\/6167","targetHints":{"allow":["GET"]}}],"collection":[{"href":"https:\/\/cosmeticstoredz.com\/ar\/wp-json\/wp\/v2\/product"}],"about":[{"href":"https:\/\/cosmeticstoredz.com\/ar\/wp-json\/wp\/v2\/types\/product"}],"replies":[{"embeddable":true,"href":"https:\/\/cosmeticstoredz.com\/ar\/wp-json\/wp\/v2\/comments?post=6167"}],"version-history":[{"count":1,"href":"https:\/\/cosmeticstoredz.com\/ar\/wp-json\/wp\/v2\/product\/6167\/revisions"}],"predecessor-version":[{"id":20493,"href":"https:\/\/cosmeticstoredz.com\/ar\/wp-json\/wp\/v2\/product\/6167\/revisions\/20493"}],"wp:featuredmedia":[{"embeddable":true,"href":"https:\/\/cosmeticstoredz.com\/ar\/wp-json\/wp\/v2\/media\/20489"}],"wp:attachment":[{"href":"https:\/\/cosmeticstoredz.com\/ar\/wp-json\/wp\/v2\/media?parent=6167"}],"wp:term":[{"taxonomy":"product_brand","embeddable":true,"href":"https:\/\/cosmeticstoredz.com\/ar\/wp-json\/wp\/v2\/product_brand?post=6167"},{"taxonomy":"product_cat","embeddable":true,"href":"https:\/\/cosmeticstoredz.com\/ar\/wp-json\/wp\/v2\/product_cat?post=6167"},{"taxonomy":"product_tag","embeddable":true,"href":"https:\/\/cosmeticstoredz.com\/ar\/wp-json\/wp\/v2\/product_tag?post=6167"}],"curies":[{"name":"wp","href":"https:\/\/api.w.org\/{rel}","templated":true}]}}