{"id":6108,"date":"2025-06-04T18:39:13","date_gmt":"2025-06-04T18:39:13","guid":{"rendered":"https:\/\/test.fitnessworldgym27.com\/?post_type=product&#038;p=6108"},"modified":"2026-03-30T19:25:51","modified_gmt":"2026-03-30T19:25:51","slug":"volume-31-nail-camouflage","status":"publish","type":"product","link":"https:\/\/cosmeticstoredz.com\/ar\/product\/volume-31-nail-camouflage\/","title":{"rendered":"VOLUME 3*1 NAIL CAMOUFLAGE"},"content":{"rendered":"<p>Pour une manucure au top et des ongles \u00e9clatants de sant\u00e9 n&rsquo;h\u00e9sitez pas \u00e0 test\u00e9 le nail camouflage Volume 3\u00d71<br \/>\nUne texture transparente pour transcender la couleur<br \/>\nAssure une brillance et une tenue incomparable<\/p>","protected":false},"excerpt":{"rendered":"<p>Pour une manucure au top et des ongles \u00e9clatants de sant\u00e9 n&rsquo;h\u00e9sitez pas \u00e0 test\u00e9 le nail camouflage Volume 3\u00d71<\/p>","protected":false},"featured_media":20416,"comment_status":"closed","ping_status":"closed","template":"","meta":[],"product_brand":[],"product_cat":[75,122,225],"product_tag":[90],"class_list":{"0":"post-6108","1":"product","2":"type-product","3":"status-publish","4":"has-post-thumbnail","6":"product_cat-femme","7":"product_cat-make-up","8":"product_cat-ongles","9":"product_tag-made-in-algeria","11":"first","12":"instock","13":"shipping-taxable","14":"purchasable","15":"product-type-simple"},"_links":{"self":[{"href":"https:\/\/cosmeticstoredz.com\/ar\/wp-json\/wp\/v2\/product\/6108","targetHints":{"allow":["GET"]}}],"collection":[{"href":"https:\/\/cosmeticstoredz.com\/ar\/wp-json\/wp\/v2\/product"}],"about":[{"href":"https:\/\/cosmeticstoredz.com\/ar\/wp-json\/wp\/v2\/types\/product"}],"replies":[{"embeddable":true,"href":"https:\/\/cosmeticstoredz.com\/ar\/wp-json\/wp\/v2\/comments?post=6108"}],"version-history":[{"count":1,"href":"https:\/\/cosmeticstoredz.com\/ar\/wp-json\/wp\/v2\/product\/6108\/revisions"}],"predecessor-version":[{"id":20417,"href":"https:\/\/cosmeticstoredz.com\/ar\/wp-json\/wp\/v2\/product\/6108\/revisions\/20417"}],"wp:featuredmedia":[{"embeddable":true,"href":"https:\/\/cosmeticstoredz.com\/ar\/wp-json\/wp\/v2\/media\/20416"}],"wp:attachment":[{"href":"https:\/\/cosmeticstoredz.com\/ar\/wp-json\/wp\/v2\/media?parent=6108"}],"wp:term":[{"taxonomy":"product_brand","embeddable":true,"href":"https:\/\/cosmeticstoredz.com\/ar\/wp-json\/wp\/v2\/product_brand?post=6108"},{"taxonomy":"product_cat","embeddable":true,"href":"https:\/\/cosmeticstoredz.com\/ar\/wp-json\/wp\/v2\/product_cat?post=6108"},{"taxonomy":"product_tag","embeddable":true,"href":"https:\/\/cosmeticstoredz.com\/ar\/wp-json\/wp\/v2\/product_tag?post=6108"}],"curies":[{"name":"wp","href":"https:\/\/api.w.org\/{rel}","templated":true}]}}