{"id":6105,"date":"2025-06-04T18:39:13","date_gmt":"2025-06-04T18:39:13","guid":{"rendered":"https:\/\/test.fitnessworldgym27.com\/?post_type=product&#038;p=6105"},"modified":"2026-03-30T19:24:55","modified_gmt":"2026-03-30T19:24:55","slug":"bioxcin-pack-3-shampoing-a-l-ail-noir","status":"publish","type":"product","link":"https:\/\/cosmeticstoredz.com\/ar\/product\/bioxcin-pack-3-shampoing-a-l-ail-noir\/","title":{"rendered":"BIOXCIN PACK 3 SHAMPOING A L AIL NOIR"},"content":{"rendered":"","protected":false},"excerpt":{"rendered":"<ul class=\"a-unordered-list a-vertical a-spacing-mini\">\n<li class=\"a-spacing-mini\"><span class=\"a-list-item\">Shampoing \u00e0 l&rsquo;ail noir Bioxsine.<\/span><\/li>\n<li class=\"a-spacing-mini\"><span class=\"a-list-item\">Shampooing quotidien contre la chute de cheveux pour tous les types de cheveux.<\/span><\/li>\n<li class=\"a-spacing-mini\"><span class=\"a-list-item\">Sp\u00e9cialement con\u00e7u pour les personnes souffrant de perte de cheveux et alop\u00e9cie &#8211; Assure une croissance saine des cheveux.<\/span><\/li>\n<li class=\"a-spacing-mini\"><span class=\"a-list-item\">Sans odeur et ne sent pas du tout l&rsquo;ail.<\/span><\/li>\n<li class=\"a-spacing-mini\"><span class=\"a-list-item\">Renforce l&rsquo;\u00e9paisseur des cheveux et assure un cuir chevelu sain<\/span><\/li>\n<\/ul>","protected":false},"featured_media":20409,"comment_status":"open","ping_status":"closed","template":"","meta":[],"product_brand":[],"product_cat":[290,75,111,159],"product_tag":[],"class_list":{"0":"post-6105","1":"product","2":"type-product","3":"status-publish","4":"has-post-thumbnail","6":"product_cat-bioxcin","7":"product_cat-femme","8":"product_cat-shampoing-f","9":"product_cat-shampoing-h","11":"first","12":"outofstock","13":"shipping-taxable","14":"purchasable","15":"product-type-simple"},"_links":{"self":[{"href":"https:\/\/cosmeticstoredz.com\/ar\/wp-json\/wp\/v2\/product\/6105","targetHints":{"allow":["GET"]}}],"collection":[{"href":"https:\/\/cosmeticstoredz.com\/ar\/wp-json\/wp\/v2\/product"}],"about":[{"href":"https:\/\/cosmeticstoredz.com\/ar\/wp-json\/wp\/v2\/types\/product"}],"replies":[{"embeddable":true,"href":"https:\/\/cosmeticstoredz.com\/ar\/wp-json\/wp\/v2\/comments?post=6105"}],"version-history":[{"count":1,"href":"https:\/\/cosmeticstoredz.com\/ar\/wp-json\/wp\/v2\/product\/6105\/revisions"}],"predecessor-version":[{"id":20410,"href":"https:\/\/cosmeticstoredz.com\/ar\/wp-json\/wp\/v2\/product\/6105\/revisions\/20410"}],"wp:featuredmedia":[{"embeddable":true,"href":"https:\/\/cosmeticstoredz.com\/ar\/wp-json\/wp\/v2\/media\/20409"}],"wp:attachment":[{"href":"https:\/\/cosmeticstoredz.com\/ar\/wp-json\/wp\/v2\/media?parent=6105"}],"wp:term":[{"taxonomy":"product_brand","embeddable":true,"href":"https:\/\/cosmeticstoredz.com\/ar\/wp-json\/wp\/v2\/product_brand?post=6105"},{"taxonomy":"product_cat","embeddable":true,"href":"https:\/\/cosmeticstoredz.com\/ar\/wp-json\/wp\/v2\/product_cat?post=6105"},{"taxonomy":"product_tag","embeddable":true,"href":"https:\/\/cosmeticstoredz.com\/ar\/wp-json\/wp\/v2\/product_tag?post=6105"}],"curies":[{"name":"wp","href":"https:\/\/api.w.org\/{rel}","templated":true}]}}