{"id":6104,"date":"2025-06-04T18:39:13","date_gmt":"2025-06-04T18:39:13","guid":{"rendered":"https:\/\/test.fitnessworldgym27.com\/?post_type=product&#038;p=6104"},"modified":"2026-03-30T19:24:55","modified_gmt":"2026-03-30T19:24:55","slug":"bioxcin-pack-3-shampoing-bio-active-peptides","status":"publish","type":"product","link":"https:\/\/cosmeticstoredz.com\/ar\/product\/bioxcin-pack-3-shampoing-bio-active-peptides\/","title":{"rendered":"BIOXCIN PACK 3 SHAMPOING BIO ACTIVE PEPTIDES"},"content":{"rendered":"","protected":false},"excerpt":{"rendered":"<div class=\"row mt-4\">\n<div class=\"col-md-12\">\n<div class=\"product-description\">\n<p><span>Le shampooing anti-chute Bioxcin Quantum pour cheveux secs\/normaux aide \u00e0 pr\u00e9venir la chute des cheveux ; Il donne volume, vitalit\u00e9 et brillance aux cheveux. Le shampooing Bioxcin Quantum aide \u00e0 \u00e9quilibrer l&rsquo;humidit\u00e9 en absorbant l&rsquo;humidit\u00e9 de l&rsquo;air et en augmentant l&rsquo;hydratation des cheveux.<\/span><\/p>\n<\/div>\n<\/div>\n<\/div>","protected":false},"featured_media":20406,"comment_status":"open","ping_status":"closed","template":"","meta":[],"product_brand":[],"product_cat":[290,75,111,159],"product_tag":[],"class_list":{"0":"post-6104","1":"product","2":"type-product","3":"status-publish","4":"has-post-thumbnail","6":"product_cat-bioxcin","7":"product_cat-femme","8":"product_cat-shampoing-f","9":"product_cat-shampoing-h","11":"first","12":"outofstock","13":"shipping-taxable","14":"purchasable","15":"product-type-simple"},"_links":{"self":[{"href":"https:\/\/cosmeticstoredz.com\/ar\/wp-json\/wp\/v2\/product\/6104","targetHints":{"allow":["GET"]}}],"collection":[{"href":"https:\/\/cosmeticstoredz.com\/ar\/wp-json\/wp\/v2\/product"}],"about":[{"href":"https:\/\/cosmeticstoredz.com\/ar\/wp-json\/wp\/v2\/types\/product"}],"replies":[{"embeddable":true,"href":"https:\/\/cosmeticstoredz.com\/ar\/wp-json\/wp\/v2\/comments?post=6104"}],"version-history":[{"count":1,"href":"https:\/\/cosmeticstoredz.com\/ar\/wp-json\/wp\/v2\/product\/6104\/revisions"}],"predecessor-version":[{"id":20408,"href":"https:\/\/cosmeticstoredz.com\/ar\/wp-json\/wp\/v2\/product\/6104\/revisions\/20408"}],"wp:featuredmedia":[{"embeddable":true,"href":"https:\/\/cosmeticstoredz.com\/ar\/wp-json\/wp\/v2\/media\/20406"}],"wp:attachment":[{"href":"https:\/\/cosmeticstoredz.com\/ar\/wp-json\/wp\/v2\/media?parent=6104"}],"wp:term":[{"taxonomy":"product_brand","embeddable":true,"href":"https:\/\/cosmeticstoredz.com\/ar\/wp-json\/wp\/v2\/product_brand?post=6104"},{"taxonomy":"product_cat","embeddable":true,"href":"https:\/\/cosmeticstoredz.com\/ar\/wp-json\/wp\/v2\/product_cat?post=6104"},{"taxonomy":"product_tag","embeddable":true,"href":"https:\/\/cosmeticstoredz.com\/ar\/wp-json\/wp\/v2\/product_tag?post=6104"}],"curies":[{"name":"wp","href":"https:\/\/api.w.org\/{rel}","templated":true}]}}