{"id":6100,"date":"2025-06-04T18:39:12","date_gmt":"2025-06-04T18:39:12","guid":{"rendered":"https:\/\/test.fitnessworldgym27.com\/?post_type=product&#038;p=6100"},"modified":"2026-03-30T19:27:05","modified_gmt":"2026-03-30T19:27:05","slug":"listerine-bain-de-bouche-250ml-mentop","status":"publish","type":"product","link":"https:\/\/cosmeticstoredz.com\/ar\/product\/listerine-bain-de-bouche-250ml-mentop\/","title":{"rendered":"LISTERINE BAIN DE BOUCHE 250ML MENTOL"},"content":{"rendered":"<p>Un bain de bouche \u00e0 usage quotidien dont l\u2019efficacit\u00e9 a \u00e9t\u00e9 cliniquement prouv\u00e9e.<\/p>\n<p>Utilisez LISTERINE\u00a0<strong>en compl\u00e9ment du brossage<\/strong>\u00a0pour aider \u00e0 \u00e9liminer jusqu\u2019\u00e0 99 % des bact\u00e9ries dans les endroits que la brosse \u00e0 dents ne peut pas atteindre.<\/p>\n<p>LISTERINE ne perturbe pas l\u2019\u00e9quilibre de la flore buccale.<\/p>\n<p>un bain de bouche \u00e0 base d\u2019huiles essentielles : thymol, eucalyptol, menthol et aussi salicylate de m\u00e9thyle.<\/p>","protected":false},"excerpt":{"rendered":"<p>un bain de bouche \u00e0 base d\u2019huiles essentielles : thymol, eucalyptol, menthol et aussi salicylate de m\u00e9thyle.<\/p>","protected":false},"featured_media":20398,"comment_status":"open","ping_status":"closed","template":"","meta":[],"product_brand":[],"product_cat":[217,216,75,72,301,163,165],"product_tag":[],"class_list":{"0":"post-6100","1":"product","2":"type-product","3":"status-publish","4":"has-post-thumbnail","6":"product_cat-bain-de-bouche-soin-dentaire-h","7":"product_cat-bain-de-bouche","8":"product_cat-femme","9":"product_cat-homme","10":"product_cat-listerine","11":"product_cat-soin-dentaire","12":"product_cat-soin-dentaire-h","14":"first","15":"outofstock","16":"shipping-taxable","17":"purchasable","18":"product-type-simple"},"_links":{"self":[{"href":"https:\/\/cosmeticstoredz.com\/ar\/wp-json\/wp\/v2\/product\/6100","targetHints":{"allow":["GET"]}}],"collection":[{"href":"https:\/\/cosmeticstoredz.com\/ar\/wp-json\/wp\/v2\/product"}],"about":[{"href":"https:\/\/cosmeticstoredz.com\/ar\/wp-json\/wp\/v2\/types\/product"}],"replies":[{"embeddable":true,"href":"https:\/\/cosmeticstoredz.com\/ar\/wp-json\/wp\/v2\/comments?post=6100"}],"version-history":[{"count":1,"href":"https:\/\/cosmeticstoredz.com\/ar\/wp-json\/wp\/v2\/product\/6100\/revisions"}],"predecessor-version":[{"id":20399,"href":"https:\/\/cosmeticstoredz.com\/ar\/wp-json\/wp\/v2\/product\/6100\/revisions\/20399"}],"wp:featuredmedia":[{"embeddable":true,"href":"https:\/\/cosmeticstoredz.com\/ar\/wp-json\/wp\/v2\/media\/20398"}],"wp:attachment":[{"href":"https:\/\/cosmeticstoredz.com\/ar\/wp-json\/wp\/v2\/media?parent=6100"}],"wp:term":[{"taxonomy":"product_brand","embeddable":true,"href":"https:\/\/cosmeticstoredz.com\/ar\/wp-json\/wp\/v2\/product_brand?post=6100"},{"taxonomy":"product_cat","embeddable":true,"href":"https:\/\/cosmeticstoredz.com\/ar\/wp-json\/wp\/v2\/product_cat?post=6100"},{"taxonomy":"product_tag","embeddable":true,"href":"https:\/\/cosmeticstoredz.com\/ar\/wp-json\/wp\/v2\/product_tag?post=6100"}],"curies":[{"name":"wp","href":"https:\/\/api.w.org\/{rel}","templated":true}]}}