{"id":6068,"date":"2025-06-04T18:38:51","date_gmt":"2025-06-04T18:38:51","guid":{"rendered":"https:\/\/test.fitnessworldgym27.com\/?post_type=product&#038;p=6068"},"modified":"2026-04-18T19:20:49","modified_gmt":"2026-04-18T19:20:49","slug":"snona-creme-hydratante-200ml-vanille","status":"publish","type":"product","link":"https:\/\/cosmeticstoredz.com\/ar\/product\/snona-creme-hydratante-200ml-vanille\/","title":{"rendered":"SNONA CREME HYDRATANTE 200ML VANILLE"},"content":{"rendered":"","protected":false},"excerpt":{"rendered":"<p>S\u2019nonas cr\u00e8me hydratante pour visage et corps au parfum vanille, pr\u00e9sent\u00e9e en format 200 ml<\/p>\n<p>La cr\u00e8mes hydratantes \u00e0 la vanille est sp\u00e9cialement formul\u00e9e avec des hydratants naturels qui adoucissent et hydratent la peau. Elle enrichie en acide alpha-hydroxyl\u00e9 qui lui donne un effet \u00e9mollient.<\/p>","protected":false},"featured_media":0,"comment_status":"closed","ping_status":"closed","template":"","meta":[],"product_brand":[],"product_cat":[82,75,341,81],"product_tag":[90],"class_list":{"0":"post-6068","1":"product","2":"type-product","3":"status-publish","5":"product_cat-creme-hydratante-fc","6":"product_cat-femme","7":"product_cat-snonas","8":"product_cat-soin-corps-f","9":"product_tag-made-in-algeria","11":"first","12":"outofstock","13":"shipping-taxable","14":"purchasable","15":"product-type-simple"},"yoast_head":"<!-- This site is optimized with the Yoast SEO plugin v27.3 - https:\/\/yoast.com\/product\/yoast-seo-wordpress\/ -->\n<title>SNONA CREME HYDRATANTE 200ML VANILLE - Cosmetic Store<\/title>\n<meta name=\"robots\" content=\"index, follow, max-snippet:-1, max-image-preview:large, max-video-preview:-1\" \/>\n<link rel=\"canonical\" href=\"https:\/\/cosmeticstoredz.com\/ar\/product\/snona-creme-hydratante-200ml-vanille\/\" \/>\n<meta property=\"og:locale\" content=\"ar_AR\" \/>\n<meta property=\"og:type\" content=\"article\" \/>\n<meta property=\"og:title\" content=\"SNONA CREME HYDRATANTE 200ML VANILLE - Cosmetic Store\" \/>\n<meta property=\"og:description\" content=\"S\u2019nonas cr\u00e8me hydratante pour visage et corps au parfum vanille, pr\u00e9sent\u00e9e en format 200 ml  La cr\u00e8mes hydratantes \u00e0 la vanille est sp\u00e9cialement formul\u00e9e avec des hydratants naturels qui adoucissent et hydratent la peau. Elle enrichie en acide alpha-hydroxyl\u00e9 qui lui donne un effet \u00e9mollient.\" \/>\n<meta property=\"og:url\" content=\"https:\/\/cosmeticstoredz.com\/ar\/product\/snona-creme-hydratante-200ml-vanille\/\" \/>\n<meta property=\"og:site_name\" content=\"Cosmetic Store\" \/>\n<meta property=\"article:publisher\" content=\"https:\/\/www.facebook.com\/profile.php?id=61564954260683\" \/>\n<meta property=\"article:modified_time\" content=\"2026-04-18T19:20:49+00:00\" \/>\n<meta name=\"twitter:card\" content=\"summary_large_image\" \/>\n<script type=\"application\/ld+json\" class=\"yoast-schema-graph\">{\"@context\":\"https:\\\/\\\/schema.org\",\"@graph\":[{\"@type\":\"WebPage\",\"@id\":\"https:\\\/\\\/cosmeticstoredz.com\\\/produit\\\/snona-creme-hydratante-200ml-vanille\\\/\",\"url\":\"https:\\\/\\\/cosmeticstoredz.com\\\/produit\\\/snona-creme-hydratante-200ml-vanille\\\/\",\"name\":\"SNONA CREME HYDRATANTE 200ML VANILLE - Cosmetic Store\",\"isPartOf\":{\"@id\":\"https:\\\/\\\/cosmeticstoredz.com\\\/#website\"},\"datePublished\":\"2025-06-04T18:38:51+00:00\",\"dateModified\":\"2026-04-18T19:20:49+00:00\",\"breadcrumb\":{\"@id\":\"https:\\\/\\\/cosmeticstoredz.com\\\/produit\\\/snona-creme-hydratante-200ml-vanille\\\/#breadcrumb\"},\"inLanguage\":\"ar\",\"potentialAction\":[{\"@type\":\"ReadAction\",\"target\":[\"https:\\\/\\\/cosmeticstoredz.com\\\/produit\\\/snona-creme-hydratante-200ml-vanille\\\/\"]}]},{\"@type\":\"BreadcrumbList\",\"@id\":\"https:\\\/\\\/cosmeticstoredz.com\\\/produit\\\/snona-creme-hydratante-200ml-vanille\\\/#breadcrumb\",\"itemListElement\":[{\"@type\":\"ListItem\",\"position\":1,\"name\":\"Accueil\",\"item\":\"https:\\\/\\\/cosmeticstoredz.com\\\/\"},{\"@type\":\"ListItem\",\"position\":2,\"name\":\"Boutique\",\"item\":\"https:\\\/\\\/cosmeticstoredz.com\\\/boutique\\\/\"},{\"@type\":\"ListItem\",\"position\":3,\"name\":\"SNONA CREME HYDRATANTE 200ML VANILLE\"}]},{\"@type\":\"WebSite\",\"@id\":\"https:\\\/\\\/cosmeticstoredz.com\\\/#website\",\"url\":\"https:\\\/\\\/cosmeticstoredz.com\\\/\",\"name\":\"Cosmetic Store\",\"description\":\"\",\"publisher\":{\"@id\":\"https:\\\/\\\/cosmeticstoredz.com\\\/#organization\"},\"potentialAction\":[{\"@type\":\"SearchAction\",\"target\":{\"@type\":\"EntryPoint\",\"urlTemplate\":\"https:\\\/\\\/cosmeticstoredz.com\\\/?s={search_term_string}\"},\"query-input\":{\"@type\":\"PropertyValueSpecification\",\"valueRequired\":true,\"valueName\":\"search_term_string\"}}],\"inLanguage\":\"ar\"},{\"@type\":\"Organization\",\"@id\":\"https:\\\/\\\/cosmeticstoredz.com\\\/#organization\",\"name\":\"Cosmetic Store\",\"url\":\"https:\\\/\\\/cosmeticstoredz.com\\\/\",\"logo\":{\"@type\":\"ImageObject\",\"inLanguage\":\"ar\",\"@id\":\"https:\\\/\\\/cosmeticstoredz.com\\\/#\\\/schema\\\/logo\\\/image\\\/\",\"url\":\"https:\\\/\\\/cosmeticstoredz.com\\\/wp-content\\\/uploads\\\/2026\\\/02\\\/cropped-LOGO_CS-512x512-1-1-e1771275285345.webp\",\"contentUrl\":\"https:\\\/\\\/cosmeticstoredz.com\\\/wp-content\\\/uploads\\\/2026\\\/02\\\/cropped-LOGO_CS-512x512-1-1-e1771275285345.webp\",\"width\":265,\"height\":319,\"caption\":\"Cosmetic Store\"},\"image\":{\"@id\":\"https:\\\/\\\/cosmeticstoredz.com\\\/#\\\/schema\\\/logo\\\/image\\\/\"},\"sameAs\":[\"https:\\\/\\\/www.facebook.com\\\/profile.php?id=61564954260683\",\"https:\\\/\\\/www.instagram.com\\\/cosmetic.storedz\\\/\"]}]}<\/script>\n<!-- \/ Yoast SEO plugin. -->","yoast_head_json":{"title":"SNONA CREME HYDRATANTE 200ML VANILLE - Cosmetic Store","robots":{"index":"index","follow":"follow","max-snippet":"max-snippet:-1","max-image-preview":"max-image-preview:large","max-video-preview":"max-video-preview:-1"},"canonical":"https:\/\/cosmeticstoredz.com\/ar\/product\/snona-creme-hydratante-200ml-vanille\/","og_locale":"ar_AR","og_type":"article","og_title":"SNONA CREME HYDRATANTE 200ML VANILLE - Cosmetic Store","og_description":"S\u2019nonas cr\u00e8me hydratante pour visage et corps au parfum vanille, pr\u00e9sent\u00e9e en format 200 ml  La cr\u00e8mes hydratantes \u00e0 la vanille est sp\u00e9cialement formul\u00e9e avec des hydratants naturels qui adoucissent et hydratent la peau. Elle enrichie en acide alpha-hydroxyl\u00e9 qui lui donne un effet \u00e9mollient.","og_url":"https:\/\/cosmeticstoredz.com\/ar\/product\/snona-creme-hydratante-200ml-vanille\/","og_site_name":"Cosmetic Store","article_publisher":"https:\/\/www.facebook.com\/profile.php?id=61564954260683","article_modified_time":"2026-04-18T19:20:49+00:00","twitter_card":"summary_large_image","schema":{"@context":"https:\/\/schema.org","@graph":[{"@type":"WebPage","@id":"https:\/\/cosmeticstoredz.com\/produit\/snona-creme-hydratante-200ml-vanille\/","url":"https:\/\/cosmeticstoredz.com\/produit\/snona-creme-hydratante-200ml-vanille\/","name":"SNONA CREME HYDRATANTE 200ML VANILLE - Cosmetic Store","isPartOf":{"@id":"https:\/\/cosmeticstoredz.com\/#website"},"datePublished":"2025-06-04T18:38:51+00:00","dateModified":"2026-04-18T19:20:49+00:00","breadcrumb":{"@id":"https:\/\/cosmeticstoredz.com\/produit\/snona-creme-hydratante-200ml-vanille\/#breadcrumb"},"inLanguage":"ar","potentialAction":[{"@type":"ReadAction","target":["https:\/\/cosmeticstoredz.com\/produit\/snona-creme-hydratante-200ml-vanille\/"]}]},{"@type":"BreadcrumbList","@id":"https:\/\/cosmeticstoredz.com\/produit\/snona-creme-hydratante-200ml-vanille\/#breadcrumb","itemListElement":[{"@type":"ListItem","position":1,"name":"Accueil","item":"https:\/\/cosmeticstoredz.com\/"},{"@type":"ListItem","position":2,"name":"Boutique","item":"https:\/\/cosmeticstoredz.com\/boutique\/"},{"@type":"ListItem","position":3,"name":"SNONA CREME HYDRATANTE 200ML VANILLE"}]},{"@type":"WebSite","@id":"https:\/\/cosmeticstoredz.com\/#website","url":"https:\/\/cosmeticstoredz.com\/","name":"Cosmetic Store","description":"","publisher":{"@id":"https:\/\/cosmeticstoredz.com\/#organization"},"potentialAction":[{"@type":"SearchAction","target":{"@type":"EntryPoint","urlTemplate":"https:\/\/cosmeticstoredz.com\/?s={search_term_string}"},"query-input":{"@type":"PropertyValueSpecification","valueRequired":true,"valueName":"search_term_string"}}],"inLanguage":"ar"},{"@type":"Organization","@id":"https:\/\/cosmeticstoredz.com\/#organization","name":"Cosmetic Store","url":"https:\/\/cosmeticstoredz.com\/","logo":{"@type":"ImageObject","inLanguage":"ar","@id":"https:\/\/cosmeticstoredz.com\/#\/schema\/logo\/image\/","url":"https:\/\/cosmeticstoredz.com\/wp-content\/uploads\/2026\/02\/cropped-LOGO_CS-512x512-1-1-e1771275285345.webp","contentUrl":"https:\/\/cosmeticstoredz.com\/wp-content\/uploads\/2026\/02\/cropped-LOGO_CS-512x512-1-1-e1771275285345.webp","width":265,"height":319,"caption":"Cosmetic Store"},"image":{"@id":"https:\/\/cosmeticstoredz.com\/#\/schema\/logo\/image\/"},"sameAs":["https:\/\/www.facebook.com\/profile.php?id=61564954260683","https:\/\/www.instagram.com\/cosmetic.storedz\/"]}]}},"_links":{"self":[{"href":"https:\/\/cosmeticstoredz.com\/ar\/wp-json\/wp\/v2\/product\/6068","targetHints":{"allow":["GET"]}}],"collection":[{"href":"https:\/\/cosmeticstoredz.com\/ar\/wp-json\/wp\/v2\/product"}],"about":[{"href":"https:\/\/cosmeticstoredz.com\/ar\/wp-json\/wp\/v2\/types\/product"}],"replies":[{"embeddable":true,"href":"https:\/\/cosmeticstoredz.com\/ar\/wp-json\/wp\/v2\/comments?post=6068"}],"version-history":[{"count":1,"href":"https:\/\/cosmeticstoredz.com\/ar\/wp-json\/wp\/v2\/product\/6068\/revisions"}],"predecessor-version":[{"id":20391,"href":"https:\/\/cosmeticstoredz.com\/ar\/wp-json\/wp\/v2\/product\/6068\/revisions\/20391"}],"wp:attachment":[{"href":"https:\/\/cosmeticstoredz.com\/ar\/wp-json\/wp\/v2\/media?parent=6068"}],"wp:term":[{"taxonomy":"product_brand","embeddable":true,"href":"https:\/\/cosmeticstoredz.com\/ar\/wp-json\/wp\/v2\/product_brand?post=6068"},{"taxonomy":"product_cat","embeddable":true,"href":"https:\/\/cosmeticstoredz.com\/ar\/wp-json\/wp\/v2\/product_cat?post=6068"},{"taxonomy":"product_tag","embeddable":true,"href":"https:\/\/cosmeticstoredz.com\/ar\/wp-json\/wp\/v2\/product_tag?post=6068"}],"curies":[{"name":"wp","href":"https:\/\/api.w.org\/{rel}","templated":true}]}}