{"id":6060,"date":"2025-06-04T18:38:50","date_gmt":"2025-06-04T18:38:50","guid":{"rendered":"https:\/\/test.fitnessworldgym27.com\/?post_type=product&#038;p=6060"},"modified":"2026-03-30T19:26:55","modified_gmt":"2026-03-30T19:26:55","slug":"kiko-milano-nourishing-lip-oil-n03","status":"publish","type":"product","link":"https:\/\/cosmeticstoredz.com\/ar\/product\/kiko-milano-nourishing-lip-oil-n03\/","title":{"rendered":"KIKO MILANO NOURISHING LIP OIL N03"},"content":{"rendered":"","protected":false},"excerpt":{"rendered":"<ul class=\"a-unordered-list a-vertical a-spacing-mini\">\n<li class=\"a-spacing-mini\"><span class=\"a-list-item\"><span>Parfait pour nourrir, hydrater et sublimer les l\u00e8vres tout en les rendant douces avec une brillance miroir<\/span><\/span><\/li>\n<li class=\"a-spacing-mini\"><span class=\"a-list-item\"><span>Sa formule est enrichie en huile de framboise<\/span><\/span><\/li>\n<li class=\"a-spacing-mini\"><span class=\"a-list-item\"><span>Sa texture soyeuse, irr\u00e9sistiblement douce et agr\u00e9able fond sur les l\u00e8vres pour les nourrir, leur procurer une sensation de confort et les faire briller sans coller<\/span><\/span><\/li>\n<li class=\"a-spacing-mini\"><span class=\"a-list-item\"><span>Il peut \u00eatre utilis\u00e9 seul ou en top coat sur un rouge \u00e0 l\u00e8vres, pour apporter une touche de lumi\u00e8re sophistiqu\u00e9e \u00e0 votre sourire.<\/span><\/span><\/li>\n<\/ul>","protected":false},"featured_media":20379,"comment_status":"open","ping_status":"closed","template":"","meta":[],"product_brand":[],"product_cat":[213,197,205,122],"product_tag":[],"class_list":{"0":"post-6060","1":"product","2":"type-product","3":"status-publish","4":"has-post-thumbnail","6":"product_cat-baume-a-levres","7":"product_cat-kiko","8":"product_cat-levres","9":"product_cat-make-up","11":"first","12":"instock","13":"shipping-taxable","14":"purchasable","15":"product-type-simple"},"_links":{"self":[{"href":"https:\/\/cosmeticstoredz.com\/ar\/wp-json\/wp\/v2\/product\/6060","targetHints":{"allow":["GET"]}}],"collection":[{"href":"https:\/\/cosmeticstoredz.com\/ar\/wp-json\/wp\/v2\/product"}],"about":[{"href":"https:\/\/cosmeticstoredz.com\/ar\/wp-json\/wp\/v2\/types\/product"}],"replies":[{"embeddable":true,"href":"https:\/\/cosmeticstoredz.com\/ar\/wp-json\/wp\/v2\/comments?post=6060"}],"version-history":[{"count":1,"href":"https:\/\/cosmeticstoredz.com\/ar\/wp-json\/wp\/v2\/product\/6060\/revisions"}],"predecessor-version":[{"id":20380,"href":"https:\/\/cosmeticstoredz.com\/ar\/wp-json\/wp\/v2\/product\/6060\/revisions\/20380"}],"wp:featuredmedia":[{"embeddable":true,"href":"https:\/\/cosmeticstoredz.com\/ar\/wp-json\/wp\/v2\/media\/20379"}],"wp:attachment":[{"href":"https:\/\/cosmeticstoredz.com\/ar\/wp-json\/wp\/v2\/media?parent=6060"}],"wp:term":[{"taxonomy":"product_brand","embeddable":true,"href":"https:\/\/cosmeticstoredz.com\/ar\/wp-json\/wp\/v2\/product_brand?post=6060"},{"taxonomy":"product_cat","embeddable":true,"href":"https:\/\/cosmeticstoredz.com\/ar\/wp-json\/wp\/v2\/product_cat?post=6060"},{"taxonomy":"product_tag","embeddable":true,"href":"https:\/\/cosmeticstoredz.com\/ar\/wp-json\/wp\/v2\/product_tag?post=6060"}],"curies":[{"name":"wp","href":"https:\/\/api.w.org\/{rel}","templated":true}]}}