{"id":6058,"date":"2025-06-04T18:38:50","date_gmt":"2025-06-04T18:38:50","guid":{"rendered":"https:\/\/test.fitnessworldgym27.com\/?post_type=product&#038;p=6058"},"modified":"2026-03-30T19:26:55","modified_gmt":"2026-03-30T19:26:55","slug":"kiko-milano-nourishing-lip-oil-n01","status":"publish","type":"product","link":"https:\/\/cosmeticstoredz.com\/ar\/product\/kiko-milano-nourishing-lip-oil-n01\/","title":{"rendered":"KIKO MILANO NOURISHING LIP OIL N01"},"content":{"rendered":"<ul class=\"a-unordered-list a-vertical a-spacing-mini\">\n<li class=\"a-spacing-mini\"><span class=\"a-list-item\">Parfaite pour nourrir, hydrater et sublimer les l\u00e8vres tout en les rendant douces avec une brillance effet miroir<\/span><\/li>\n<li class=\"a-spacing-mini\"><span class=\"a-list-item\">Sa formule est enrichie en huile de framboise<\/span><\/li>\n<li class=\"a-spacing-mini\"><span class=\"a-list-item\">Sa texture soyeuse, irr\u00e9sistiblement douce et agr\u00e9able fond sur les l\u00e8vres pour les nourrir, leur procurer une sensation de confort et les faire resplendir sans coller<\/span><\/li>\n<li class=\"a-spacing-mini\"><span class=\"a-list-item\">Elle peut s&rsquo;utiliser seule ou comme top coat sur un rouge \u00e0 l\u00e8vres, pour apporter une touche de lumi\u00e8re sophistiqu\u00e9e \u00e0 votre sourire<\/span><\/li>\n<li class=\"a-spacing-mini\"><span class=\"a-list-item\">Test\u00e9 sous contr\u00f4le dermatologique<\/span><\/li>\n<\/ul>","protected":false},"excerpt":{"rendered":"<div id=\"title_feature_div\" class=\"celwidget\" data-feature-name=\"title\" data-csa-c-type=\"widget\" data-csa-c-content-id=\"title\" data-csa-c-slot-id=\"title_feature_div\" data-csa-c-asin=\"B09ZLNKHMS\" data-csa-c-is-in-initial-active-row=\"false\" data-csa-c-id=\"56kbph-i64f5n-9pka1w-kfq36z\" data-cel-widget=\"title_feature_div\">\n<div id=\"titleSection\" class=\"a-section a-spacing-none\">\n<p id=\"title\" class=\"a-size-large a-spacing-none\"><span id=\"productTitle\" class=\"a-size-large product-title-word-break\">KIKO Milano Nourishing Lip Oil 01 | Huile Pour Les L\u00e8vres Nourrissante Et Hydratante<\/span><\/p>\n<\/div>\n<\/div>\n<div id=\"bylineInfo_feature_div\" class=\"celwidget\" data-feature-name=\"bylineInfo\" data-csa-c-type=\"widget\" data-csa-c-content-id=\"bylineInfo\" data-csa-c-slot-id=\"bylineInfo_feature_div\" data-csa-c-asin=\"B09ZLNKHMS\" data-csa-c-is-in-initial-active-row=\"false\" data-csa-c-id=\"833wnm-apk2jo-w5iets-7ar4bk\" data-cel-widget=\"bylineInfo_feature_div\"><\/div>","protected":false},"featured_media":20375,"comment_status":"open","ping_status":"closed","template":"","meta":[],"product_brand":[],"product_cat":[213,197,205],"product_tag":[],"class_list":{"0":"post-6058","1":"product","2":"type-product","3":"status-publish","4":"has-post-thumbnail","6":"product_cat-baume-a-levres","7":"product_cat-kiko","8":"product_cat-levres","10":"first","11":"instock","12":"shipping-taxable","13":"purchasable","14":"product-type-simple"},"_links":{"self":[{"href":"https:\/\/cosmeticstoredz.com\/ar\/wp-json\/wp\/v2\/product\/6058","targetHints":{"allow":["GET"]}}],"collection":[{"href":"https:\/\/cosmeticstoredz.com\/ar\/wp-json\/wp\/v2\/product"}],"about":[{"href":"https:\/\/cosmeticstoredz.com\/ar\/wp-json\/wp\/v2\/types\/product"}],"replies":[{"embeddable":true,"href":"https:\/\/cosmeticstoredz.com\/ar\/wp-json\/wp\/v2\/comments?post=6058"}],"version-history":[{"count":1,"href":"https:\/\/cosmeticstoredz.com\/ar\/wp-json\/wp\/v2\/product\/6058\/revisions"}],"predecessor-version":[{"id":20376,"href":"https:\/\/cosmeticstoredz.com\/ar\/wp-json\/wp\/v2\/product\/6058\/revisions\/20376"}],"wp:featuredmedia":[{"embeddable":true,"href":"https:\/\/cosmeticstoredz.com\/ar\/wp-json\/wp\/v2\/media\/20375"}],"wp:attachment":[{"href":"https:\/\/cosmeticstoredz.com\/ar\/wp-json\/wp\/v2\/media?parent=6058"}],"wp:term":[{"taxonomy":"product_brand","embeddable":true,"href":"https:\/\/cosmeticstoredz.com\/ar\/wp-json\/wp\/v2\/product_brand?post=6058"},{"taxonomy":"product_cat","embeddable":true,"href":"https:\/\/cosmeticstoredz.com\/ar\/wp-json\/wp\/v2\/product_cat?post=6058"},{"taxonomy":"product_tag","embeddable":true,"href":"https:\/\/cosmeticstoredz.com\/ar\/wp-json\/wp\/v2\/product_tag?post=6058"}],"curies":[{"name":"wp","href":"https:\/\/api.w.org\/{rel}","templated":true}]}}