{"id":6057,"date":"2025-06-04T18:38:50","date_gmt":"2025-06-04T18:38:50","guid":{"rendered":"https:\/\/test.fitnessworldgym27.com\/?post_type=product&#038;p=6057"},"modified":"2026-04-27T15:57:25","modified_gmt":"2026-04-27T15:57:25","slug":"kiko-a-holiday-fable-gel-hydratant-visage-45ml","status":"publish","type":"product","link":"https:\/\/cosmeticstoredz.com\/ar\/product\/kiko-a-holiday-fable-gel-hydratant-visage-45ml\/","title":{"rendered":"KIKO A HOLIDAY FABLE GEL HYDRATANT VISAGE 45ML"},"content":{"rendered":"","protected":false},"excerpt":{"rendered":"<p>Offrez \u00e0 votre peau une <strong>hydratation intense et une fra\u00eecheur imm\u00e9diate<\/strong> avec ce gel visage l\u00e9ger. Sa texture fondante p\u00e9n\u00e8tre rapidement, laissant la peau douce, \u00e9clatante et parfaitement pr\u00e9par\u00e9e pour le maquillage. Id\u00e9al pour tous les types de peau, il procure un effet revitalisant et un confort longue dur\u00e9e<\/p>","protected":false},"featured_media":20373,"comment_status":"open","ping_status":"closed","template":"","meta":[],"product_brand":[],"product_cat":[75,88,197,76],"product_tag":[],"class_list":{"0":"post-6057","1":"product","2":"type-product","3":"status-publish","4":"has-post-thumbnail","6":"product_cat-femme","7":"product_cat-gel-nettoyant-f","8":"product_cat-kiko","9":"product_cat-soin-visage-f","11":"first","12":"instock","13":"shipping-taxable","14":"purchasable","15":"product-type-simple"},"yoast_head":"<!-- This site is optimized with the Yoast SEO plugin v27.3 - https:\/\/yoast.com\/product\/yoast-seo-wordpress\/ -->\n<title>KIKO A HOLIDAY FABLE GEL HYDRATANT VISAGE 45ML - Cosmetic Store<\/title>\n<meta name=\"robots\" content=\"index, follow, max-snippet:-1, max-image-preview:large, max-video-preview:-1\" \/>\n<link rel=\"canonical\" href=\"https:\/\/cosmeticstoredz.com\/ar\/product\/kiko-a-holiday-fable-gel-hydratant-visage-45ml\/\" \/>\n<meta property=\"og:locale\" content=\"ar_AR\" \/>\n<meta property=\"og:type\" content=\"article\" \/>\n<meta property=\"og:title\" content=\"KIKO A HOLIDAY FABLE GEL HYDRATANT VISAGE 45ML - Cosmetic Store\" \/>\n<meta property=\"og:description\" content=\"Offrez \u00e0 votre peau une hydratation intense et une fra\u00eecheur imm\u00e9diate avec ce gel visage l\u00e9ger. Sa texture fondante p\u00e9n\u00e8tre rapidement, laissant la peau douce, \u00e9clatante et parfaitement pr\u00e9par\u00e9e pour le maquillage. Id\u00e9al pour tous les types de peau, il procure un effet revitalisant et un confort longue dur\u00e9e\" \/>\n<meta property=\"og:url\" content=\"https:\/\/cosmeticstoredz.com\/ar\/product\/kiko-a-holiday-fable-gel-hydratant-visage-45ml\/\" \/>\n<meta property=\"og:site_name\" content=\"Cosmetic Store\" \/>\n<meta property=\"article:publisher\" content=\"https:\/\/www.facebook.com\/profile.php?id=61564954260683\" \/>\n<meta property=\"article:modified_time\" content=\"2026-04-27T15:57:25+00:00\" \/>\n<meta property=\"og:image\" content=\"https:\/\/cosmeticstoredz.com\/wp-content\/uploads\/2026\/02\/Cosmetic-2025-02-05T150129.611.png\" \/>\n\t<meta property=\"og:image:width\" content=\"500\" \/>\n\t<meta property=\"og:image:height\" content=\"500\" \/>\n\t<meta property=\"og:image:type\" content=\"image\/png\" \/>\n<meta name=\"twitter:card\" content=\"summary_large_image\" \/>\n<script type=\"application\/ld+json\" class=\"yoast-schema-graph\">{\"@context\":\"https:\\\/\\\/schema.org\",\"@graph\":[{\"@type\":\"WebPage\",\"@id\":\"https:\\\/\\\/cosmeticstoredz.com\\\/produit\\\/kiko-a-holiday-fable-gel-hydratant-visage-45ml\\\/\",\"url\":\"https:\\\/\\\/cosmeticstoredz.com\\\/produit\\\/kiko-a-holiday-fable-gel-hydratant-visage-45ml\\\/\",\"name\":\"KIKO A HOLIDAY FABLE GEL HYDRATANT VISAGE 45ML - Cosmetic Store\",\"isPartOf\":{\"@id\":\"https:\\\/\\\/cosmeticstoredz.com\\\/#website\"},\"primaryImageOfPage\":{\"@id\":\"https:\\\/\\\/cosmeticstoredz.com\\\/produit\\\/kiko-a-holiday-fable-gel-hydratant-visage-45ml\\\/#primaryimage\"},\"image\":{\"@id\":\"https:\\\/\\\/cosmeticstoredz.com\\\/produit\\\/kiko-a-holiday-fable-gel-hydratant-visage-45ml\\\/#primaryimage\"},\"thumbnailUrl\":\"https:\\\/\\\/cosmeticstoredz.com\\\/wp-content\\\/uploads\\\/2026\\\/02\\\/Cosmetic-2025-02-05T150129.611.png\",\"datePublished\":\"2025-06-04T18:38:50+00:00\",\"dateModified\":\"2026-04-27T15:57:25+00:00\",\"breadcrumb\":{\"@id\":\"https:\\\/\\\/cosmeticstoredz.com\\\/produit\\\/kiko-a-holiday-fable-gel-hydratant-visage-45ml\\\/#breadcrumb\"},\"inLanguage\":\"ar\",\"potentialAction\":[{\"@type\":\"ReadAction\",\"target\":[\"https:\\\/\\\/cosmeticstoredz.com\\\/produit\\\/kiko-a-holiday-fable-gel-hydratant-visage-45ml\\\/\"]}]},{\"@type\":\"ImageObject\",\"inLanguage\":\"ar\",\"@id\":\"https:\\\/\\\/cosmeticstoredz.com\\\/produit\\\/kiko-a-holiday-fable-gel-hydratant-visage-45ml\\\/#primaryimage\",\"url\":\"https:\\\/\\\/cosmeticstoredz.com\\\/wp-content\\\/uploads\\\/2026\\\/02\\\/Cosmetic-2025-02-05T150129.611.png\",\"contentUrl\":\"https:\\\/\\\/cosmeticstoredz.com\\\/wp-content\\\/uploads\\\/2026\\\/02\\\/Cosmetic-2025-02-05T150129.611.png\",\"width\":500,\"height\":500},{\"@type\":\"BreadcrumbList\",\"@id\":\"https:\\\/\\\/cosmeticstoredz.com\\\/produit\\\/kiko-a-holiday-fable-gel-hydratant-visage-45ml\\\/#breadcrumb\",\"itemListElement\":[{\"@type\":\"ListItem\",\"position\":1,\"name\":\"Accueil\",\"item\":\"https:\\\/\\\/cosmeticstoredz.com\\\/\"},{\"@type\":\"ListItem\",\"position\":2,\"name\":\"Boutique\",\"item\":\"https:\\\/\\\/cosmeticstoredz.com\\\/boutique\\\/\"},{\"@type\":\"ListItem\",\"position\":3,\"name\":\"KIKO A HOLIDAY FABLE GEL HYDRATANT VISAGE 45ML\"}]},{\"@type\":\"WebSite\",\"@id\":\"https:\\\/\\\/cosmeticstoredz.com\\\/#website\",\"url\":\"https:\\\/\\\/cosmeticstoredz.com\\\/\",\"name\":\"Cosmetic Store\",\"description\":\"\",\"publisher\":{\"@id\":\"https:\\\/\\\/cosmeticstoredz.com\\\/#organization\"},\"potentialAction\":[{\"@type\":\"SearchAction\",\"target\":{\"@type\":\"EntryPoint\",\"urlTemplate\":\"https:\\\/\\\/cosmeticstoredz.com\\\/?s={search_term_string}\"},\"query-input\":{\"@type\":\"PropertyValueSpecification\",\"valueRequired\":true,\"valueName\":\"search_term_string\"}}],\"inLanguage\":\"ar\"},{\"@type\":\"Organization\",\"@id\":\"https:\\\/\\\/cosmeticstoredz.com\\\/#organization\",\"name\":\"Cosmetic Store\",\"url\":\"https:\\\/\\\/cosmeticstoredz.com\\\/\",\"logo\":{\"@type\":\"ImageObject\",\"inLanguage\":\"ar\",\"@id\":\"https:\\\/\\\/cosmeticstoredz.com\\\/#\\\/schema\\\/logo\\\/image\\\/\",\"url\":\"https:\\\/\\\/cosmeticstoredz.com\\\/wp-content\\\/uploads\\\/2026\\\/02\\\/cropped-LOGO_CS-512x512-1-1-e1771275285345.webp\",\"contentUrl\":\"https:\\\/\\\/cosmeticstoredz.com\\\/wp-content\\\/uploads\\\/2026\\\/02\\\/cropped-LOGO_CS-512x512-1-1-e1771275285345.webp\",\"width\":265,\"height\":319,\"caption\":\"Cosmetic Store\"},\"image\":{\"@id\":\"https:\\\/\\\/cosmeticstoredz.com\\\/#\\\/schema\\\/logo\\\/image\\\/\"},\"sameAs\":[\"https:\\\/\\\/www.facebook.com\\\/profile.php?id=61564954260683\",\"https:\\\/\\\/www.instagram.com\\\/cosmetic.storedz\\\/\"]}]}<\/script>\n<!-- \/ Yoast SEO plugin. -->","yoast_head_json":{"title":"KIKO A HOLIDAY FABLE GEL HYDRATANT VISAGE 45ML - Cosmetic Store","robots":{"index":"index","follow":"follow","max-snippet":"max-snippet:-1","max-image-preview":"max-image-preview:large","max-video-preview":"max-video-preview:-1"},"canonical":"https:\/\/cosmeticstoredz.com\/ar\/product\/kiko-a-holiday-fable-gel-hydratant-visage-45ml\/","og_locale":"ar_AR","og_type":"article","og_title":"KIKO A HOLIDAY FABLE GEL HYDRATANT VISAGE 45ML - Cosmetic Store","og_description":"Offrez \u00e0 votre peau une hydratation intense et une fra\u00eecheur imm\u00e9diate avec ce gel visage l\u00e9ger. Sa texture fondante p\u00e9n\u00e8tre rapidement, laissant la peau douce, \u00e9clatante et parfaitement pr\u00e9par\u00e9e pour le maquillage. Id\u00e9al pour tous les types de peau, il procure un effet revitalisant et un confort longue dur\u00e9e","og_url":"https:\/\/cosmeticstoredz.com\/ar\/product\/kiko-a-holiday-fable-gel-hydratant-visage-45ml\/","og_site_name":"Cosmetic Store","article_publisher":"https:\/\/www.facebook.com\/profile.php?id=61564954260683","article_modified_time":"2026-04-27T15:57:25+00:00","og_image":[{"width":500,"height":500,"url":"https:\/\/cosmeticstoredz.com\/wp-content\/uploads\/2026\/02\/Cosmetic-2025-02-05T150129.611.png","type":"image\/png"}],"twitter_card":"summary_large_image","schema":{"@context":"https:\/\/schema.org","@graph":[{"@type":"WebPage","@id":"https:\/\/cosmeticstoredz.com\/produit\/kiko-a-holiday-fable-gel-hydratant-visage-45ml\/","url":"https:\/\/cosmeticstoredz.com\/produit\/kiko-a-holiday-fable-gel-hydratant-visage-45ml\/","name":"KIKO A HOLIDAY FABLE GEL HYDRATANT VISAGE 45ML - Cosmetic Store","isPartOf":{"@id":"https:\/\/cosmeticstoredz.com\/#website"},"primaryImageOfPage":{"@id":"https:\/\/cosmeticstoredz.com\/produit\/kiko-a-holiday-fable-gel-hydratant-visage-45ml\/#primaryimage"},"image":{"@id":"https:\/\/cosmeticstoredz.com\/produit\/kiko-a-holiday-fable-gel-hydratant-visage-45ml\/#primaryimage"},"thumbnailUrl":"https:\/\/cosmeticstoredz.com\/wp-content\/uploads\/2026\/02\/Cosmetic-2025-02-05T150129.611.png","datePublished":"2025-06-04T18:38:50+00:00","dateModified":"2026-04-27T15:57:25+00:00","breadcrumb":{"@id":"https:\/\/cosmeticstoredz.com\/produit\/kiko-a-holiday-fable-gel-hydratant-visage-45ml\/#breadcrumb"},"inLanguage":"ar","potentialAction":[{"@type":"ReadAction","target":["https:\/\/cosmeticstoredz.com\/produit\/kiko-a-holiday-fable-gel-hydratant-visage-45ml\/"]}]},{"@type":"ImageObject","inLanguage":"ar","@id":"https:\/\/cosmeticstoredz.com\/produit\/kiko-a-holiday-fable-gel-hydratant-visage-45ml\/#primaryimage","url":"https:\/\/cosmeticstoredz.com\/wp-content\/uploads\/2026\/02\/Cosmetic-2025-02-05T150129.611.png","contentUrl":"https:\/\/cosmeticstoredz.com\/wp-content\/uploads\/2026\/02\/Cosmetic-2025-02-05T150129.611.png","width":500,"height":500},{"@type":"BreadcrumbList","@id":"https:\/\/cosmeticstoredz.com\/produit\/kiko-a-holiday-fable-gel-hydratant-visage-45ml\/#breadcrumb","itemListElement":[{"@type":"ListItem","position":1,"name":"Accueil","item":"https:\/\/cosmeticstoredz.com\/"},{"@type":"ListItem","position":2,"name":"Boutique","item":"https:\/\/cosmeticstoredz.com\/boutique\/"},{"@type":"ListItem","position":3,"name":"KIKO A HOLIDAY FABLE GEL HYDRATANT VISAGE 45ML"}]},{"@type":"WebSite","@id":"https:\/\/cosmeticstoredz.com\/#website","url":"https:\/\/cosmeticstoredz.com\/","name":"Cosmetic Store","description":"","publisher":{"@id":"https:\/\/cosmeticstoredz.com\/#organization"},"potentialAction":[{"@type":"SearchAction","target":{"@type":"EntryPoint","urlTemplate":"https:\/\/cosmeticstoredz.com\/?s={search_term_string}"},"query-input":{"@type":"PropertyValueSpecification","valueRequired":true,"valueName":"search_term_string"}}],"inLanguage":"ar"},{"@type":"Organization","@id":"https:\/\/cosmeticstoredz.com\/#organization","name":"Cosmetic Store","url":"https:\/\/cosmeticstoredz.com\/","logo":{"@type":"ImageObject","inLanguage":"ar","@id":"https:\/\/cosmeticstoredz.com\/#\/schema\/logo\/image\/","url":"https:\/\/cosmeticstoredz.com\/wp-content\/uploads\/2026\/02\/cropped-LOGO_CS-512x512-1-1-e1771275285345.webp","contentUrl":"https:\/\/cosmeticstoredz.com\/wp-content\/uploads\/2026\/02\/cropped-LOGO_CS-512x512-1-1-e1771275285345.webp","width":265,"height":319,"caption":"Cosmetic Store"},"image":{"@id":"https:\/\/cosmeticstoredz.com\/#\/schema\/logo\/image\/"},"sameAs":["https:\/\/www.facebook.com\/profile.php?id=61564954260683","https:\/\/www.instagram.com\/cosmetic.storedz\/"]}]}},"_links":{"self":[{"href":"https:\/\/cosmeticstoredz.com\/ar\/wp-json\/wp\/v2\/product\/6057","targetHints":{"allow":["GET"]}}],"collection":[{"href":"https:\/\/cosmeticstoredz.com\/ar\/wp-json\/wp\/v2\/product"}],"about":[{"href":"https:\/\/cosmeticstoredz.com\/ar\/wp-json\/wp\/v2\/types\/product"}],"replies":[{"embeddable":true,"href":"https:\/\/cosmeticstoredz.com\/ar\/wp-json\/wp\/v2\/comments?post=6057"}],"version-history":[{"count":1,"href":"https:\/\/cosmeticstoredz.com\/ar\/wp-json\/wp\/v2\/product\/6057\/revisions"}],"predecessor-version":[{"id":20374,"href":"https:\/\/cosmeticstoredz.com\/ar\/wp-json\/wp\/v2\/product\/6057\/revisions\/20374"}],"wp:featuredmedia":[{"embeddable":true,"href":"https:\/\/cosmeticstoredz.com\/ar\/wp-json\/wp\/v2\/media\/20373"}],"wp:attachment":[{"href":"https:\/\/cosmeticstoredz.com\/ar\/wp-json\/wp\/v2\/media?parent=6057"}],"wp:term":[{"taxonomy":"product_brand","embeddable":true,"href":"https:\/\/cosmeticstoredz.com\/ar\/wp-json\/wp\/v2\/product_brand?post=6057"},{"taxonomy":"product_cat","embeddable":true,"href":"https:\/\/cosmeticstoredz.com\/ar\/wp-json\/wp\/v2\/product_cat?post=6057"},{"taxonomy":"product_tag","embeddable":true,"href":"https:\/\/cosmeticstoredz.com\/ar\/wp-json\/wp\/v2\/product_tag?post=6057"}],"curies":[{"name":"wp","href":"https:\/\/api.w.org\/{rel}","templated":true}]}}