{"id":6056,"date":"2025-06-04T18:38:50","date_gmt":"2025-06-04T18:38:50","guid":{"rendered":"https:\/\/test.fitnessworldgym27.com\/?post_type=product&#038;p=6056"},"modified":"2026-03-30T19:24:28","modified_gmt":"2026-03-30T19:24:28","slug":"keragold-masque-keratine-et-proteines-de-soie","status":"publish","type":"product","link":"https:\/\/cosmeticstoredz.com\/ar\/product\/keragold-masque-keratine-et-proteines-de-soie\/","title":{"rendered":"KERAGOLD MASQUE KERATINE ET PROTEINES DE SOIE"},"content":{"rendered":"<p>Le masque professionnel Keragold Liss Intense Anti-frizz sans sulfates, enrichi en k\u00e9ratine et prot\u00e9ines de soie. Ce masque est sp\u00e9cialement con\u00e7u pour les cheveux secs, rebelles et difficiles \u00e0 lisser. Sa formule d\u00e9m\u00ealante et lissante nourrit en profondeur et r\u00e9pare la fibre capillaire, \u00e9liminant efficacement l\u2019effet frisottis pour des cheveux soyeux et lumineux d\u00e8s la premi\u00e8re utilisation.<\/p>","protected":false},"excerpt":{"rendered":"<p>Le masque professionnel Keragold Liss Intense Anti-frizz sans sulfates, enrichi en k\u00e9ratine et prot\u00e9ines de soie. Ce masque est sp\u00e9cialement con\u00e7u pour les cheveux secs, rebelles et difficiles \u00e0 lisser. Sa formule d\u00e9m\u00ealante et lissante nourrit en profondeur et r\u00e9pare la fibre capillaire, \u00e9liminant efficacement l\u2019effet frisottis pour des cheveux soyeux et lumineux d\u00e8s la premi\u00e8re utilisation.<\/p>","protected":false},"featured_media":20371,"comment_status":"open","ping_status":"closed","template":"","meta":[],"product_brand":[],"product_cat":[75,279,155,95],"product_tag":[],"class_list":{"0":"post-6056","1":"product","2":"type-product","3":"status-publish","4":"has-post-thumbnail","6":"product_cat-femme","7":"product_cat-keragold","8":"product_cat-masque","9":"product_cat-soin-cheveux-f","11":"first","12":"outofstock","13":"shipping-taxable","14":"purchasable","15":"product-type-simple"},"_links":{"self":[{"href":"https:\/\/cosmeticstoredz.com\/ar\/wp-json\/wp\/v2\/product\/6056","targetHints":{"allow":["GET"]}}],"collection":[{"href":"https:\/\/cosmeticstoredz.com\/ar\/wp-json\/wp\/v2\/product"}],"about":[{"href":"https:\/\/cosmeticstoredz.com\/ar\/wp-json\/wp\/v2\/types\/product"}],"replies":[{"embeddable":true,"href":"https:\/\/cosmeticstoredz.com\/ar\/wp-json\/wp\/v2\/comments?post=6056"}],"version-history":[{"count":1,"href":"https:\/\/cosmeticstoredz.com\/ar\/wp-json\/wp\/v2\/product\/6056\/revisions"}],"predecessor-version":[{"id":20372,"href":"https:\/\/cosmeticstoredz.com\/ar\/wp-json\/wp\/v2\/product\/6056\/revisions\/20372"}],"wp:featuredmedia":[{"embeddable":true,"href":"https:\/\/cosmeticstoredz.com\/ar\/wp-json\/wp\/v2\/media\/20371"}],"wp:attachment":[{"href":"https:\/\/cosmeticstoredz.com\/ar\/wp-json\/wp\/v2\/media?parent=6056"}],"wp:term":[{"taxonomy":"product_brand","embeddable":true,"href":"https:\/\/cosmeticstoredz.com\/ar\/wp-json\/wp\/v2\/product_brand?post=6056"},{"taxonomy":"product_cat","embeddable":true,"href":"https:\/\/cosmeticstoredz.com\/ar\/wp-json\/wp\/v2\/product_cat?post=6056"},{"taxonomy":"product_tag","embeddable":true,"href":"https:\/\/cosmeticstoredz.com\/ar\/wp-json\/wp\/v2\/product_tag?post=6056"}],"curies":[{"name":"wp","href":"https:\/\/api.w.org\/{rel}","templated":true}]}}