{"id":6055,"date":"2025-06-04T18:38:50","date_gmt":"2025-06-04T18:38:50","guid":{"rendered":"https:\/\/test.fitnessworldgym27.com\/?post_type=product&#038;p=6055"},"modified":"2026-03-30T19:24:28","modified_gmt":"2026-03-30T19:24:28","slug":"keragold-masque-keratine-et-huile-de-coco","status":"publish","type":"product","link":"https:\/\/cosmeticstoredz.com\/ar\/product\/keragold-masque-keratine-et-huile-de-coco\/","title":{"rendered":"KERAGOLD MASQUE KERATINE ET HUILE DE COCO"},"content":{"rendered":"<div class=\"woocommerce-product-details__short-description\">\n<p>Le masque professionnel Keragold nourrissant sans sulfates est formul\u00e9 \u00e0 la k\u00e9ratine et \u00e0 l\u2019huile de noix de coco. Ce soin est id\u00e9al pour les cheveux secs, ternes et fris\u00e9s. Sa formule sp\u00e9ciale nourrit intens\u00e9ment et hydrate en profondeur la fibre capillaire, renfor\u00e7ant ainsi les cheveux pour obtenir un r\u00e9sultat soyeux et lumineux.<\/p>\n<\/div>","protected":false},"excerpt":{"rendered":"<p class=\"product_title entry-title wd-entities-title\">Masque Keragold S\/sulfates 500 ml Keratine et huile de Coco BC<\/p>","protected":false},"featured_media":20369,"comment_status":"open","ping_status":"closed","template":"","meta":[],"product_brand":[],"product_cat":[279],"product_tag":[],"class_list":{"0":"post-6055","1":"product","2":"type-product","3":"status-publish","4":"has-post-thumbnail","6":"product_cat-keragold","8":"first","9":"outofstock","10":"shipping-taxable","11":"purchasable","12":"product-type-simple"},"_links":{"self":[{"href":"https:\/\/cosmeticstoredz.com\/ar\/wp-json\/wp\/v2\/product\/6055","targetHints":{"allow":["GET"]}}],"collection":[{"href":"https:\/\/cosmeticstoredz.com\/ar\/wp-json\/wp\/v2\/product"}],"about":[{"href":"https:\/\/cosmeticstoredz.com\/ar\/wp-json\/wp\/v2\/types\/product"}],"replies":[{"embeddable":true,"href":"https:\/\/cosmeticstoredz.com\/ar\/wp-json\/wp\/v2\/comments?post=6055"}],"version-history":[{"count":1,"href":"https:\/\/cosmeticstoredz.com\/ar\/wp-json\/wp\/v2\/product\/6055\/revisions"}],"predecessor-version":[{"id":20370,"href":"https:\/\/cosmeticstoredz.com\/ar\/wp-json\/wp\/v2\/product\/6055\/revisions\/20370"}],"wp:featuredmedia":[{"embeddable":true,"href":"https:\/\/cosmeticstoredz.com\/ar\/wp-json\/wp\/v2\/media\/20369"}],"wp:attachment":[{"href":"https:\/\/cosmeticstoredz.com\/ar\/wp-json\/wp\/v2\/media?parent=6055"}],"wp:term":[{"taxonomy":"product_brand","embeddable":true,"href":"https:\/\/cosmeticstoredz.com\/ar\/wp-json\/wp\/v2\/product_brand?post=6055"},{"taxonomy":"product_cat","embeddable":true,"href":"https:\/\/cosmeticstoredz.com\/ar\/wp-json\/wp\/v2\/product_cat?post=6055"},{"taxonomy":"product_tag","embeddable":true,"href":"https:\/\/cosmeticstoredz.com\/ar\/wp-json\/wp\/v2\/product_tag?post=6055"}],"curies":[{"name":"wp","href":"https:\/\/api.w.org\/{rel}","templated":true}]}}