{"id":6052,"date":"2025-06-04T18:38:50","date_gmt":"2025-06-04T18:38:50","guid":{"rendered":"https:\/\/test.fitnessworldgym27.com\/?post_type=product&#038;p=6052"},"modified":"2026-03-30T19:24:29","modified_gmt":"2026-03-30T19:24:29","slug":"keragold-shampooing-500ml-ab-keratine-et-extrait-dail-cheveux-traites-lisses-abimes","status":"publish","type":"product","link":"https:\/\/cosmeticstoredz.com\/ar\/product\/keragold-shampooing-500ml-ab-keratine-et-extrait-dail-cheveux-traites-lisses-abimes\/","title":{"rendered":"KERAGOLD SHAMPOOING 500ML AB KERATINE ET EXTRAIT D&rsquo;AIL CHEVEUX TRAITES LISSES ABIMES"},"content":{"rendered":"<h1 class=\"product_title entry-title wd-entities-title\">Shampooing Keragold S\/sulfates 500 ml Keratine et Extrait D\u2019Ail AB<\/h1>\n<p>La gamme r\u00e9g\u00e9n\u00e9rante sans sulfate \u00e0 la K\u00e9ratine et extrait d\u2019ail. Id\u00e9al pour cheveux trait\u00e9s. liss\u00e9s et abim\u00e9s. soumis aux colorations et d\u00e9colorations. Prot\u00e8ge et illumine le cheveu \u00e9teint et opaque. procure un aspect sain et tonique. R\u00e9g\u00e9n\u00e8re la structure capillaire. redonne de l\u2019\u00e9clat et brillance au cheveux.<\/p>","protected":false},"excerpt":{"rendered":"<p>La gamme r\u00e9g\u00e9n\u00e9rante sans sulfate \u00e0 la K\u00e9ratine et extrait d\u2019ail. Id\u00e9al pour cheveux trait\u00e9s. liss\u00e9s et abim\u00e9s. soumis aux colorations et d\u00e9colorations. Prot\u00e8ge et illumine le cheveu \u00e9teint et opaque. procure un aspect sain et tonique. R\u00e9g\u00e9n\u00e8re la structure capillaire. redonne de l\u2019\u00e9clat et brillance au cheveux.<\/p>","protected":false},"featured_media":20363,"comment_status":"open","ping_status":"closed","template":"","meta":[],"product_brand":[],"product_cat":[75,279,111,95],"product_tag":[],"class_list":{"0":"post-6052","1":"product","2":"type-product","3":"status-publish","4":"has-post-thumbnail","6":"product_cat-femme","7":"product_cat-keragold","8":"product_cat-shampoing-f","9":"product_cat-soin-cheveux-f","11":"first","12":"outofstock","13":"shipping-taxable","14":"purchasable","15":"product-type-simple"},"_links":{"self":[{"href":"https:\/\/cosmeticstoredz.com\/ar\/wp-json\/wp\/v2\/product\/6052","targetHints":{"allow":["GET"]}}],"collection":[{"href":"https:\/\/cosmeticstoredz.com\/ar\/wp-json\/wp\/v2\/product"}],"about":[{"href":"https:\/\/cosmeticstoredz.com\/ar\/wp-json\/wp\/v2\/types\/product"}],"replies":[{"embeddable":true,"href":"https:\/\/cosmeticstoredz.com\/ar\/wp-json\/wp\/v2\/comments?post=6052"}],"version-history":[{"count":1,"href":"https:\/\/cosmeticstoredz.com\/ar\/wp-json\/wp\/v2\/product\/6052\/revisions"}],"predecessor-version":[{"id":20364,"href":"https:\/\/cosmeticstoredz.com\/ar\/wp-json\/wp\/v2\/product\/6052\/revisions\/20364"}],"wp:featuredmedia":[{"embeddable":true,"href":"https:\/\/cosmeticstoredz.com\/ar\/wp-json\/wp\/v2\/media\/20363"}],"wp:attachment":[{"href":"https:\/\/cosmeticstoredz.com\/ar\/wp-json\/wp\/v2\/media?parent=6052"}],"wp:term":[{"taxonomy":"product_brand","embeddable":true,"href":"https:\/\/cosmeticstoredz.com\/ar\/wp-json\/wp\/v2\/product_brand?post=6052"},{"taxonomy":"product_cat","embeddable":true,"href":"https:\/\/cosmeticstoredz.com\/ar\/wp-json\/wp\/v2\/product_cat?post=6052"},{"taxonomy":"product_tag","embeddable":true,"href":"https:\/\/cosmeticstoredz.com\/ar\/wp-json\/wp\/v2\/product_tag?post=6052"}],"curies":[{"name":"wp","href":"https:\/\/api.w.org\/{rel}","templated":true}]}}