{"id":6048,"date":"2025-06-04T18:38:50","date_gmt":"2025-06-04T18:38:50","guid":{"rendered":"https:\/\/test.fitnessworldgym27.com\/?post_type=product&#038;p=6048"},"modified":"2026-03-30T19:24:29","modified_gmt":"2026-03-30T19:24:29","slug":"keragold-shampooing-500ml-dd-keratine-et-acide-hyaluronique-vheveux-traites-lisses-colores-permanent","status":"publish","type":"product","link":"https:\/\/cosmeticstoredz.com\/ar\/product\/keragold-shampooing-500ml-dd-keratine-et-acide-hyaluronique-vheveux-traites-lisses-colores-permanent\/","title":{"rendered":"KERAGOLD SHAMPOOING 500ML DD KERATINE ET ACIDE HYALURONIQUE VHEVEUX TRAITES LISSES COLORES PERMANENT"},"content":{"rendered":"<div id=\"product-description-short-367\" class=\"description-short\">\n<p>Shampoing k\u00e9ratine et\u00a0acide hyaluronique Keragold Pro. Shampoing DD apr\u00e8s-traitement pour cheveux trait\u00e9s, liss\u00e9s, color\u00e9s, permanent\u00e9s SANS SULFATES. 500ml<\/p>\n<\/div>\n<p>&nbsp;<\/p>","protected":false},"excerpt":{"rendered":"<div id=\"product-description-short-367\" class=\"description-short\">\n<p>Shampoing k\u00e9ratine et\u00a0acide hyaluronique Keragold Pro. Shampoing DD apr\u00e8s-traitement pour cheveux trait\u00e9s, liss\u00e9s, color\u00e9s, permanent\u00e9s SANS SULFATES. 500ml<\/p>\n<\/div>\n<p>&nbsp;<\/p>","protected":false},"featured_media":20355,"comment_status":"open","ping_status":"closed","template":"","meta":[],"product_brand":[],"product_cat":[75,279,111,95],"product_tag":[],"class_list":{"0":"post-6048","1":"product","2":"type-product","3":"status-publish","4":"has-post-thumbnail","6":"product_cat-femme","7":"product_cat-keragold","8":"product_cat-shampoing-f","9":"product_cat-soin-cheveux-f","11":"first","12":"outofstock","13":"shipping-taxable","14":"purchasable","15":"product-type-simple"},"_links":{"self":[{"href":"https:\/\/cosmeticstoredz.com\/ar\/wp-json\/wp\/v2\/product\/6048","targetHints":{"allow":["GET"]}}],"collection":[{"href":"https:\/\/cosmeticstoredz.com\/ar\/wp-json\/wp\/v2\/product"}],"about":[{"href":"https:\/\/cosmeticstoredz.com\/ar\/wp-json\/wp\/v2\/types\/product"}],"replies":[{"embeddable":true,"href":"https:\/\/cosmeticstoredz.com\/ar\/wp-json\/wp\/v2\/comments?post=6048"}],"version-history":[{"count":1,"href":"https:\/\/cosmeticstoredz.com\/ar\/wp-json\/wp\/v2\/product\/6048\/revisions"}],"predecessor-version":[{"id":20356,"href":"https:\/\/cosmeticstoredz.com\/ar\/wp-json\/wp\/v2\/product\/6048\/revisions\/20356"}],"wp:featuredmedia":[{"embeddable":true,"href":"https:\/\/cosmeticstoredz.com\/ar\/wp-json\/wp\/v2\/media\/20355"}],"wp:attachment":[{"href":"https:\/\/cosmeticstoredz.com\/ar\/wp-json\/wp\/v2\/media?parent=6048"}],"wp:term":[{"taxonomy":"product_brand","embeddable":true,"href":"https:\/\/cosmeticstoredz.com\/ar\/wp-json\/wp\/v2\/product_brand?post=6048"},{"taxonomy":"product_cat","embeddable":true,"href":"https:\/\/cosmeticstoredz.com\/ar\/wp-json\/wp\/v2\/product_cat?post=6048"},{"taxonomy":"product_tag","embeddable":true,"href":"https:\/\/cosmeticstoredz.com\/ar\/wp-json\/wp\/v2\/product_tag?post=6048"}],"curies":[{"name":"wp","href":"https:\/\/api.w.org\/{rel}","templated":true}]}}