{"id":6047,"date":"2025-06-04T18:38:50","date_gmt":"2025-06-04T18:38:50","guid":{"rendered":"https:\/\/test.fitnessworldgym27.com\/?post_type=product&#038;p=6047"},"modified":"2026-03-30T19:24:29","modified_gmt":"2026-03-30T19:24:29","slug":"keragold-shampooing-500ml-cc-keratine-et-huile-de-ricin-cheveux-traites-et-abimes","status":"publish","type":"product","link":"https:\/\/cosmeticstoredz.com\/ar\/product\/keragold-shampooing-500ml-cc-keratine-et-huile-de-ricin-cheveux-traites-et-abimes\/","title":{"rendered":"KERAGOLD SHAMPOOING 500ML CC KERATINE ET HUILE DE RICIN CHEVEUX TRAITES ET ABIMES"},"content":{"rendered":"<h1 class=\"product_title entry-title\">KERAGOLD SHAMPOING 500ML CC KERATINE + RICIN<\/h1>\n<p>Shampoing k\u00e9ratine et huile de ricin Keragold Pro. Shampoing restructurant pour cheveux trait\u00e9s et ab\u00eem\u00e9s. 500ml<\/p>\n<p>Il lave efficacement en favorisant une action restructurante, hydratante et nourissante en profondeur.\u00a0<strong>Il discipline les cheveux, \u00e9limine l\u2019effet cr\u00e9pu et donne un \u00e9clat extraordinaire.<\/strong><\/p>","protected":false},"excerpt":{"rendered":"<p>Shampoing k\u00e9ratine et huile de ricin Keragold Pro. Shampoing restructurant pour cheveux trait\u00e9s et ab\u00eem\u00e9s. 500ml<\/p>\n<p>Il lave efficacement en favorisant une action restructurante, hydratante et nourissante en profondeur.\u00a0<strong>Il discipline les cheveux, \u00e9limine l\u2019effet cr\u00e9pu et donne un \u00e9clat extraordinaire.<\/strong><\/p>","protected":false},"featured_media":20353,"comment_status":"open","ping_status":"closed","template":"","meta":[],"product_brand":[],"product_cat":[75,279,111,95],"product_tag":[],"class_list":{"0":"post-6047","1":"product","2":"type-product","3":"status-publish","4":"has-post-thumbnail","6":"product_cat-femme","7":"product_cat-keragold","8":"product_cat-shampoing-f","9":"product_cat-soin-cheveux-f","11":"first","12":"outofstock","13":"shipping-taxable","14":"purchasable","15":"product-type-simple"},"_links":{"self":[{"href":"https:\/\/cosmeticstoredz.com\/ar\/wp-json\/wp\/v2\/product\/6047","targetHints":{"allow":["GET"]}}],"collection":[{"href":"https:\/\/cosmeticstoredz.com\/ar\/wp-json\/wp\/v2\/product"}],"about":[{"href":"https:\/\/cosmeticstoredz.com\/ar\/wp-json\/wp\/v2\/types\/product"}],"replies":[{"embeddable":true,"href":"https:\/\/cosmeticstoredz.com\/ar\/wp-json\/wp\/v2\/comments?post=6047"}],"version-history":[{"count":1,"href":"https:\/\/cosmeticstoredz.com\/ar\/wp-json\/wp\/v2\/product\/6047\/revisions"}],"predecessor-version":[{"id":20354,"href":"https:\/\/cosmeticstoredz.com\/ar\/wp-json\/wp\/v2\/product\/6047\/revisions\/20354"}],"wp:featuredmedia":[{"embeddable":true,"href":"https:\/\/cosmeticstoredz.com\/ar\/wp-json\/wp\/v2\/media\/20353"}],"wp:attachment":[{"href":"https:\/\/cosmeticstoredz.com\/ar\/wp-json\/wp\/v2\/media?parent=6047"}],"wp:term":[{"taxonomy":"product_brand","embeddable":true,"href":"https:\/\/cosmeticstoredz.com\/ar\/wp-json\/wp\/v2\/product_brand?post=6047"},{"taxonomy":"product_cat","embeddable":true,"href":"https:\/\/cosmeticstoredz.com\/ar\/wp-json\/wp\/v2\/product_cat?post=6047"},{"taxonomy":"product_tag","embeddable":true,"href":"https:\/\/cosmeticstoredz.com\/ar\/wp-json\/wp\/v2\/product_tag?post=6047"}],"curies":[{"name":"wp","href":"https:\/\/api.w.org\/{rel}","templated":true}]}}