{"id":5996,"date":"2025-06-04T18:38:23","date_gmt":"2025-06-04T18:38:23","guid":{"rendered":"https:\/\/test.fitnessworldgym27.com\/?post_type=product&#038;p=5996"},"modified":"2026-03-30T19:27:53","modified_gmt":"2026-03-30T19:27:53","slug":"sheglam-pinceau-et-maquillage-pour-sourcils-truffle","status":"publish","type":"product","link":"https:\/\/cosmeticstoredz.com\/ar\/product\/sheglam-pinceau-et-maquillage-pour-sourcils-truffle\/","title":{"rendered":"SHEGLAM PINCEAU ET MAQUILLAGE POUR SOURCILS TRUFFLE"},"content":{"rendered":"","protected":false},"excerpt":{"rendered":"<div class=\"description woocommerce-product-details__short-description\">\n<p>le Sheglam Brow-Fection, l\u2019outil essentiel pour des sourcils parfaitement dessin\u00e9s. Avec ses poils fins, il permet une application pr\u00e9cise et un estompage facile pour un look naturel, que ce soit pour un usage quotidien ou des occasions sp\u00e9ciales. La brosse Brow-Fection est compatible avec gel, poudre et pommade, faisant d\u2019elle un indispensable dans votre routine de maquillage. Choisissez Sheglam pour sa qualit\u00e9 et son rapport qualit\u00e9-prix imbattable, et am\u00e9liorez votre application de maquillage d\u00e8s aujourd\u2019hui<\/p>\n<\/div>\n<div class=\"product_meta\"><\/div>","protected":false},"featured_media":20306,"comment_status":"closed","ping_status":"closed","template":"","meta":[],"product_brand":[411],"product_cat":[222,258,339,122,281,221],"product_tag":[],"class_list":{"0":"post-5996","1":"product","2":"type-product","3":"status-publish","4":"has-post-thumbnail","6":"product_brand-sheglam","7":"product_cat-crayon-et-poudre-sourcils","8":"product_cat-gel-et-mascara-sourcils","9":"product_cat-guide-beaute-sourcils","10":"product_cat-make-up","11":"product_cat-sheglam","12":"product_cat-sourcils","14":"first","15":"instock","16":"shipping-taxable","17":"purchasable","18":"product-type-simple"},"_links":{"self":[{"href":"https:\/\/cosmeticstoredz.com\/ar\/wp-json\/wp\/v2\/product\/5996","targetHints":{"allow":["GET"]}}],"collection":[{"href":"https:\/\/cosmeticstoredz.com\/ar\/wp-json\/wp\/v2\/product"}],"about":[{"href":"https:\/\/cosmeticstoredz.com\/ar\/wp-json\/wp\/v2\/types\/product"}],"replies":[{"embeddable":true,"href":"https:\/\/cosmeticstoredz.com\/ar\/wp-json\/wp\/v2\/comments?post=5996"}],"version-history":[{"count":1,"href":"https:\/\/cosmeticstoredz.com\/ar\/wp-json\/wp\/v2\/product\/5996\/revisions"}],"predecessor-version":[{"id":20312,"href":"https:\/\/cosmeticstoredz.com\/ar\/wp-json\/wp\/v2\/product\/5996\/revisions\/20312"}],"wp:featuredmedia":[{"embeddable":true,"href":"https:\/\/cosmeticstoredz.com\/ar\/wp-json\/wp\/v2\/media\/20306"}],"wp:attachment":[{"href":"https:\/\/cosmeticstoredz.com\/ar\/wp-json\/wp\/v2\/media?parent=5996"}],"wp:term":[{"taxonomy":"product_brand","embeddable":true,"href":"https:\/\/cosmeticstoredz.com\/ar\/wp-json\/wp\/v2\/product_brand?post=5996"},{"taxonomy":"product_cat","embeddable":true,"href":"https:\/\/cosmeticstoredz.com\/ar\/wp-json\/wp\/v2\/product_cat?post=5996"},{"taxonomy":"product_tag","embeddable":true,"href":"https:\/\/cosmeticstoredz.com\/ar\/wp-json\/wp\/v2\/product_tag?post=5996"}],"curies":[{"name":"wp","href":"https:\/\/api.w.org\/{rel}","templated":true}]}}