{"id":5994,"date":"2025-06-04T18:38:23","date_gmt":"2025-06-04T18:38:23","guid":{"rendered":"https:\/\/test.fitnessworldgym27.com\/?post_type=product&#038;p=5994"},"modified":"2026-03-30T19:27:52","modified_gmt":"2026-03-30T19:27:52","slug":"sheglam-eyeliner-think-sharp","status":"publish","type":"product","link":"https:\/\/cosmeticstoredz.com\/ar\/product\/sheglam-eyeliner-think-sharp\/","title":{"rendered":"SHEGLAM EYELINER THINK SHARP"},"content":{"rendered":"","protected":false},"excerpt":{"rendered":"<div class=\"fun-pc-ellipsis-wrapper style_desc___ogpW\">\n<div><span>Les looks d&rsquo;eyeliner ail\u00e9 les plus nets et les plus pr\u00e9cis n&rsquo;ont jamais \u00e9t\u00e9 aussi faciles \u00e0 r\u00e9aliser ! Notre eye-liner liquide Think Sharp est dot\u00e9 d&rsquo;une t\u00eate de coupe innovante et cr\u00e9ative qui cr\u00e9e des lignes ultra-fines et ultra-\u00e9paisses en un \u00e9clair !<\/span><\/div>\n<\/div>","protected":false},"featured_media":20308,"comment_status":"open","ping_status":"closed","template":"","meta":[],"product_brand":[411],"product_cat":[198,122,281,126],"product_tag":[],"class_list":{"0":"post-5994","1":"product","2":"type-product","3":"status-publish","4":"has-post-thumbnail","6":"product_brand-sheglam","7":"product_cat-eyeliner","8":"product_cat-make-up","9":"product_cat-sheglam","10":"product_cat-yeux","12":"first","13":"instock","14":"shipping-taxable","15":"purchasable","16":"product-type-simple"},"_links":{"self":[{"href":"https:\/\/cosmeticstoredz.com\/ar\/wp-json\/wp\/v2\/product\/5994","targetHints":{"allow":["GET"]}}],"collection":[{"href":"https:\/\/cosmeticstoredz.com\/ar\/wp-json\/wp\/v2\/product"}],"about":[{"href":"https:\/\/cosmeticstoredz.com\/ar\/wp-json\/wp\/v2\/types\/product"}],"replies":[{"embeddable":true,"href":"https:\/\/cosmeticstoredz.com\/ar\/wp-json\/wp\/v2\/comments?post=5994"}],"version-history":[{"count":1,"href":"https:\/\/cosmeticstoredz.com\/ar\/wp-json\/wp\/v2\/product\/5994\/revisions"}],"predecessor-version":[{"id":20309,"href":"https:\/\/cosmeticstoredz.com\/ar\/wp-json\/wp\/v2\/product\/5994\/revisions\/20309"}],"wp:featuredmedia":[{"embeddable":true,"href":"https:\/\/cosmeticstoredz.com\/ar\/wp-json\/wp\/v2\/media\/20308"}],"wp:attachment":[{"href":"https:\/\/cosmeticstoredz.com\/ar\/wp-json\/wp\/v2\/media?parent=5994"}],"wp:term":[{"taxonomy":"product_brand","embeddable":true,"href":"https:\/\/cosmeticstoredz.com\/ar\/wp-json\/wp\/v2\/product_brand?post=5994"},{"taxonomy":"product_cat","embeddable":true,"href":"https:\/\/cosmeticstoredz.com\/ar\/wp-json\/wp\/v2\/product_cat?post=5994"},{"taxonomy":"product_tag","embeddable":true,"href":"https:\/\/cosmeticstoredz.com\/ar\/wp-json\/wp\/v2\/product_tag?post=5994"}],"curies":[{"name":"wp","href":"https:\/\/api.w.org\/{rel}","templated":true}]}}