{"id":5988,"date":"2025-06-04T18:38:22","date_gmt":"2025-06-04T18:38:22","guid":{"rendered":"https:\/\/test.fitnessworldgym27.com\/?post_type=product&#038;p=5988"},"modified":"2026-03-30T19:27:51","modified_gmt":"2026-03-30T19:27:51","slug":"sheglam-base-pore-no-more-primer","status":"publish","type":"product","link":"https:\/\/cosmeticstoredz.com\/ar\/product\/sheglam-base-pore-no-more-primer\/","title":{"rendered":"SHEGLAM BASE PORE NO MORE PRIMER"},"content":{"rendered":"","protected":false},"excerpt":{"rendered":"<div class=\"card aim -mtm\">\n<div class=\"markup -mhm -pvl -oxa -sc\">\n<p><span>D\u00e9bouchez les pores avec notre base No More Pore. Il \u00e9limine les imperfections et cr\u00e9e un tissu parfaitement lisse, comme une baguette magique pour votre visage. Pour une peau sans d\u00e9faut pr\u00eate \u00e0 conqu\u00e9rir la journ\u00e9e, cette r\u00e8gle est faite pour vous.<\/span><\/p>\n<\/div>\n<\/div>\n<section class=\"card aim -mtm -fs16\">\n<header class=\"-pvs -bb\"><\/header>\n<\/section>","protected":false},"featured_media":20296,"comment_status":"open","ping_status":"closed","template":"","meta":[],"product_brand":[411],"product_cat":[75,281,76],"product_tag":[],"class_list":{"0":"post-5988","1":"product","2":"type-product","3":"status-publish","4":"has-post-thumbnail","6":"product_brand-sheglam","7":"product_cat-femme","8":"product_cat-sheglam","9":"product_cat-soin-visage-f","11":"first","12":"outofstock","13":"shipping-taxable","14":"purchasable","15":"product-type-simple"},"_links":{"self":[{"href":"https:\/\/cosmeticstoredz.com\/ar\/wp-json\/wp\/v2\/product\/5988","targetHints":{"allow":["GET"]}}],"collection":[{"href":"https:\/\/cosmeticstoredz.com\/ar\/wp-json\/wp\/v2\/product"}],"about":[{"href":"https:\/\/cosmeticstoredz.com\/ar\/wp-json\/wp\/v2\/types\/product"}],"replies":[{"embeddable":true,"href":"https:\/\/cosmeticstoredz.com\/ar\/wp-json\/wp\/v2\/comments?post=5988"}],"version-history":[{"count":1,"href":"https:\/\/cosmeticstoredz.com\/ar\/wp-json\/wp\/v2\/product\/5988\/revisions"}],"predecessor-version":[{"id":20297,"href":"https:\/\/cosmeticstoredz.com\/ar\/wp-json\/wp\/v2\/product\/5988\/revisions\/20297"}],"wp:featuredmedia":[{"embeddable":true,"href":"https:\/\/cosmeticstoredz.com\/ar\/wp-json\/wp\/v2\/media\/20296"}],"wp:attachment":[{"href":"https:\/\/cosmeticstoredz.com\/ar\/wp-json\/wp\/v2\/media?parent=5988"}],"wp:term":[{"taxonomy":"product_brand","embeddable":true,"href":"https:\/\/cosmeticstoredz.com\/ar\/wp-json\/wp\/v2\/product_brand?post=5988"},{"taxonomy":"product_cat","embeddable":true,"href":"https:\/\/cosmeticstoredz.com\/ar\/wp-json\/wp\/v2\/product_cat?post=5988"},{"taxonomy":"product_tag","embeddable":true,"href":"https:\/\/cosmeticstoredz.com\/ar\/wp-json\/wp\/v2\/product_tag?post=5988"}],"curies":[{"name":"wp","href":"https:\/\/api.w.org\/{rel}","templated":true}]}}