{"id":5930,"date":"2025-06-04T18:37:40","date_gmt":"2025-06-04T18:37:40","guid":{"rendered":"https:\/\/test.fitnessworldgym27.com\/?post_type=product&#038;p=5930"},"modified":"2026-03-30T19:27:53","modified_gmt":"2026-03-30T19:27:53","slug":"sheglam-highlighter-moonside-divine-dream","status":"publish","type":"product","link":"https:\/\/cosmeticstoredz.com\/ar\/product\/sheglam-highlighter-moonside-divine-dream\/","title":{"rendered":"SHEGLAM HIGHLIGHTER MOONSIDE DIVINE DREAM"},"content":{"rendered":"","protected":false},"excerpt":{"rendered":"<div class=\"fun-pc-ellipsis-wrapper style_desc___ogpW\">\n<div><span>Restez radieuse, de jour comme de nuit\u00a0! Ce surligneur press\u00e9 d\u00e9licat ajoute instantan\u00e9ment un \u00e9clat nacr\u00e9 et un lustre transparent. Avec une brillance tridimensionnelle, le surligneur Moonside est doux, facile \u00e0 appliquer et longue tenue\u00a0!<\/span><\/div>\n<\/div>\n<div>\n<div class=\"style_row__66sba\"><\/div>\n<\/div>","protected":false},"featured_media":20254,"comment_status":"open","ping_status":"closed","template":"","meta":[],"product_brand":[411],"product_cat":[203,122,281,123],"product_tag":[],"class_list":{"0":"post-5930","1":"product","2":"type-product","3":"status-publish","4":"has-post-thumbnail","6":"product_brand-sheglam","7":"product_cat-highlighter","8":"product_cat-make-up","9":"product_cat-sheglam","10":"product_cat-teint","12":"first","13":"instock","14":"shipping-taxable","15":"purchasable","16":"product-type-simple"},"_links":{"self":[{"href":"https:\/\/cosmeticstoredz.com\/ar\/wp-json\/wp\/v2\/product\/5930","targetHints":{"allow":["GET"]}}],"collection":[{"href":"https:\/\/cosmeticstoredz.com\/ar\/wp-json\/wp\/v2\/product"}],"about":[{"href":"https:\/\/cosmeticstoredz.com\/ar\/wp-json\/wp\/v2\/types\/product"}],"replies":[{"embeddable":true,"href":"https:\/\/cosmeticstoredz.com\/ar\/wp-json\/wp\/v2\/comments?post=5930"}],"version-history":[{"count":1,"href":"https:\/\/cosmeticstoredz.com\/ar\/wp-json\/wp\/v2\/product\/5930\/revisions"}],"predecessor-version":[{"id":20255,"href":"https:\/\/cosmeticstoredz.com\/ar\/wp-json\/wp\/v2\/product\/5930\/revisions\/20255"}],"wp:featuredmedia":[{"embeddable":true,"href":"https:\/\/cosmeticstoredz.com\/ar\/wp-json\/wp\/v2\/media\/20254"}],"wp:attachment":[{"href":"https:\/\/cosmeticstoredz.com\/ar\/wp-json\/wp\/v2\/media?parent=5930"}],"wp:term":[{"taxonomy":"product_brand","embeddable":true,"href":"https:\/\/cosmeticstoredz.com\/ar\/wp-json\/wp\/v2\/product_brand?post=5930"},{"taxonomy":"product_cat","embeddable":true,"href":"https:\/\/cosmeticstoredz.com\/ar\/wp-json\/wp\/v2\/product_cat?post=5930"},{"taxonomy":"product_tag","embeddable":true,"href":"https:\/\/cosmeticstoredz.com\/ar\/wp-json\/wp\/v2\/product_tag?post=5930"}],"curies":[{"name":"wp","href":"https:\/\/api.w.org\/{rel}","templated":true}]}}